{"id":2087,"date":"2017-07-03T22:25:40","date_gmt":"2017-07-03T20:25:40","guid":{"rendered":"http:\/\/brnogp.com\/?page_id=2087"},"modified":"2017-07-03T22:25:40","modified_gmt":"2017-07-03T20:25:40","slug":"list-of-registered-motos","status":"publish","type":"page","link":"https:\/\/brnogp.cz\/en\/brno-revival-between-pavilions-2017\/list-of-registered-motos\/","title":{"rendered":"List of registered motos"},"content":{"rendered":"<p><!--:cs--><\/p>\n<table style=\"width: 0px; height: 17px;\" border=\"1\" cellspacing=\"0\" cellpadding=\"0\">\n<tbody>\n<tr>\n<td align=\"LEFT\" width=\"36\"><b>Starting number<\/b><\/td>\n<td align=\"LEFT\" width=\"122\"><b>Vehicle<\/b><\/td>\n<td align=\"LEFT\" width=\"86\"><b>Year of manufacture<\/b><\/td>\n<td align=\"LEFT\" width=\"139\"><b><span style=\"font-family: Helvetica;\">Name<\/span><\/b><\/td>\n<td align=\"LEFT\" width=\"171\"><b>Surname<\/b><\/td>\n<td align=\"LEFT\" width=\"198\"><b><span style=\"font-family: Tahoma;\">Team<\/span><\/b><\/td>\n<\/tr>\n<tr>\n<td align=\"LEFT\"><b>\u00a0<\/b><\/td>\n<td align=\"LEFT\"><b>\u00a0<\/b><\/td>\n<td align=\"LEFT\"><b>\u00a0<\/b><\/td>\n<td align=\"LEFT\"><b>\u00a0<\/b><\/td>\n<td align=\"LEFT\"><b>\u00a0<\/b><\/td>\n<td align=\"LEFT\"><b><span style=\"font-family: Tahoma;\">\u00a0<\/span><\/b><\/td>\n<\/tr>\n<tr style=\"background-color: #9e0e1e;\">\n<td align=\"LEFT\"><b>\u00a0<\/b><\/td>\n<td colspan=\"5\" align=\"LEFT\"><span style=\"font-size: 14pt; color: #ffffff;\"><b>Sports motorcycles<\/b><\/span><\/td>\n<\/tr>\n<tr>\n<td align=\"CENTER\"><\/td>\n<td align=\"LEFT\">BSA 770 with sidecar<\/td>\n<td align=\"LEFT\">1928<\/td>\n<td align=\"LEFT\">Libu\u0161e<\/td>\n<td align=\"LEFT\">\u0160ulcov\u00e1<\/td>\n<td align=\"LEFT\"><\/td>\n<\/tr>\n<tr>\n<td align=\"LEFT\">29<\/td>\n<td align=\"LEFT\">Czech Republic 600 Sport<\/td>\n<td align=\"LEFT\">1929<\/td>\n<td align=\"LEFT\">Martin<\/td>\n<td align=\"LEFT\">Reissner<\/td>\n<td align=\"LEFT\">Cycle Court<\/td>\n<\/tr>\n<tr>\n<td align=\"LEFT\">9<\/td>\n<td align=\"LEFT\">Rudge Whitworth Ulster GP Sidecar<\/td>\n<td align=\"LEFT\">1929<\/td>\n<td align=\"LEFT\">Karel<\/td>\n<td align=\"LEFT\">Purchase<\/td>\n<td align=\"LEFT\">Brotherhood of the Hand<\/td>\n<\/tr>\n<tr>\n<td align=\"LEFT\"><\/td>\n<td align=\"LEFT\">BSA Sloper<\/td>\n<td align=\"LEFT\">1931<\/td>\n<td align=\"LEFT\">Pavel<\/td>\n<td align=\"LEFT\">Semolina<\/td>\n<td align=\"LEFT\"><\/td>\n<\/tr>\n<tr>\n<td align=\"LEFT\"><\/td>\n<td align=\"LEFT\">Rudge Ulster<\/td>\n<td align=\"LEFT\">1931<\/td>\n<td align=\"LEFT\">George<\/td>\n<td align=\"LEFT\">hamster<\/td>\n<td align=\"LEFT\">Brotherhood of the Hand<\/td>\n<\/tr>\n<tr>\n<td align=\"LEFT\"><\/td>\n<td align=\"LEFT\">Ariel MS<\/td>\n<td align=\"LEFT\">1931<\/td>\n<td align=\"LEFT\">Milan<\/td>\n<td align=\"LEFT\">Hujer Voc\u00edlka<\/td>\n<td align=\"LEFT\">Hujer Team<\/td>\n<\/tr>\n<tr>\n<td align=\"LEFT\"><\/td>\n<td align=\"LEFT\">Ariel 600VB<\/td>\n<td align=\"LEFT\">1932<\/td>\n<td align=\"LEFT\">Jaroslav<\/td>\n<td align=\"LEFT\">Gambling<\/td>\n<td align=\"LEFT\"><\/td>\n<\/tr>\n<tr>\n<td align=\"LEFT\"><\/td>\n<td align=\"LEFT\">Rudge TT<\/td>\n<td align=\"LEFT\">1933<\/td>\n<td align=\"LEFT\">George<\/td>\n<td align=\"LEFT\">Hlavsa<\/td>\n<td align=\"LEFT\">Brotherhood of the Hand<\/td>\n<\/tr>\n<tr>\n<td align=\"LEFT\">212<\/td>\n<td align=\"LEFT\">Jawa Special<\/td>\n<td align=\"LEFT\">1936<\/td>\n<td align=\"LEFT\">Peter<\/td>\n<td align=\"LEFT\">Baggage<\/td>\n<td align=\"LEFT\">Classic Club Hlohovec<\/td>\n<\/tr>\n<tr>\n<td align=\"LEFT\"><\/td>\n<td align=\"LEFT\">BSA 250 Silver Star<\/td>\n<td align=\"LEFT\">1939<\/td>\n<td align=\"LEFT\">Milo\u0161<\/td>\n<td align=\"LEFT\">Peasant<\/td>\n<td align=\"LEFT\"><\/td>\n<\/tr>\n<tr>\n<td align=\"LEFT\"><\/td>\n<td align=\"LEFT\">Ariel RH 350 Competition model<\/td>\n<td align=\"LEFT\">1939<\/td>\n<td align=\"LEFT\">Marie<\/td>\n<td align=\"LEFT\">Hamster<\/td>\n<td align=\"LEFT\"><\/td>\n<\/tr>\n<tr>\n<td align=\"LEFT\"><\/td>\n<td align=\"LEFT\">Jawa Perak 350<\/td>\n<td align=\"LEFT\">1951<\/td>\n<td align=\"LEFT\">Jaroslav<\/td>\n<td align=\"LEFT\">Novotny<\/td>\n<td align=\"LEFT\">Hector Racing<\/td>\n<\/tr>\n<tr>\n<td align=\"LEFT\"><\/td>\n<td align=\"LEFT\">Jawa Perak<\/td>\n<td align=\"LEFT\">1952<\/td>\n<td align=\"LEFT\">Dalibor<\/td>\n<td align=\"LEFT\">\u017di\u017eka<\/td>\n<td align=\"LEFT\"><\/td>\n<\/tr>\n<tr>\n<td align=\"LEFT\">52<\/td>\n<td align=\"LEFT\">Vincent Rapid C<\/td>\n<td align=\"LEFT\">1952<\/td>\n<td align=\"LEFT\">Martin<\/td>\n<td align=\"LEFT\">Reissner<\/td>\n<td align=\"LEFT\">Cycle Court<\/td>\n<\/tr>\n<tr>\n<td align=\"LEFT\"><\/td>\n<td align=\"LEFT\">Norton Dominator<\/td>\n<td align=\"LEFT\">1960<\/td>\n<td align=\"LEFT\">Zdenek<\/td>\n<td align=\"LEFT\">Voluntary<\/td>\n<td align=\"LEFT\">Dude<\/td>\n<\/tr>\n<tr>\n<td align=\"LEFT\"><\/td>\n<td align=\"LEFT\">Norton<\/td>\n<td align=\"LEFT\">1961<\/td>\n<td align=\"LEFT\">Peter<\/td>\n<td align=\"LEFT\">Hey<\/td>\n<td align=\"LEFT\"><\/td>\n<\/tr>\n<tr>\n<td align=\"LEFT\">66<\/td>\n<td align=\"LEFT\">Velocete Venom Thruxton<\/td>\n<td align=\"LEFT\">1966<\/td>\n<td align=\"LEFT\">Martin<\/td>\n<td align=\"LEFT\">Reissner<\/td>\n<td align=\"LEFT\">Cycle Court<\/td>\n<\/tr>\n<tr>\n<td align=\"LEFT\"><\/td>\n<td align=\"LEFT\">Hercules W 200<\/td>\n<td align=\"LEFT\">1975<\/td>\n<td align=\"LEFT\">Peter<\/td>\n<td align=\"LEFT\">Busybody<\/td>\n<td align=\"LEFT\">VCC T\u0159eb\u00ed\u010d<\/td>\n<\/tr>\n<tr>\n<td align=\"LEFT\"><\/td>\n<td align=\"LEFT\"><\/td>\n<td align=\"LEFT\"><\/td>\n<td align=\"LEFT\"><\/td>\n<td align=\"LEFT\"><\/td>\n<td align=\"LEFT\"><\/td>\n<\/tr>\n<tr style=\"background-color: #9e0e1e;\">\n<td align=\"LEFT\"><span style=\"font-size: 14pt; color: #ffffff;\"><strong>\u00a0<\/strong><\/span><\/td>\n<td colspan=\"5\" align=\"LEFT\"><span style=\"font-size: 14pt; color: #ffffff;\"><strong>Factory racing motorcycles<\/strong><\/span><\/td>\n<\/tr>\n<tr>\n<td align=\"LEFT\">36<\/td>\n<td align=\"LEFT\">ESO S<\/td>\n<td align=\"LEFT\">1950<\/td>\n<td align=\"LEFT\">John<\/td>\n<td align=\"LEFT\">Bird<\/td>\n<td align=\"LEFT\">Veteran club Ch\u00fdnov<\/td>\n<\/tr>\n<tr>\n<td align=\"LEFT\"><\/td>\n<td align=\"LEFT\">Jawa 175 OHV<\/td>\n<td align=\"LEFT\">1939<\/td>\n<td align=\"LEFT\">Arno\u0161t<\/td>\n<td align=\"LEFT\">He didn&#039;t miss<\/td>\n<td align=\"LEFT\">National Technical Museum<\/td>\n<\/tr>\n<tr>\n<td align=\"LEFT\">86<\/td>\n<td align=\"LEFT\">Jawa 500 2x OHC<\/td>\n<td align=\"LEFT\">1951<\/td>\n<td align=\"LEFT\">Oldrich<\/td>\n<td align=\"LEFT\">Karas<\/td>\n<td align=\"LEFT\"><\/td>\n<\/tr>\n<tr>\n<td align=\"LEFT\">40<\/td>\n<td align=\"LEFT\">\u010cZ Walter, type 851<\/td>\n<td align=\"LEFT\">1954<\/td>\n<td align=\"LEFT\">Martin<\/td>\n<td align=\"LEFT\">Reissner<\/td>\n<td align=\"LEFT\">Cycle Court<\/td>\n<\/tr>\n<tr>\n<td align=\"LEFT\">39<\/td>\n<td align=\"LEFT\">\u010cZ Walter, type 851<\/td>\n<td align=\"LEFT\">1954<\/td>\n<td align=\"LEFT\">Milan<\/td>\n<td align=\"LEFT\">Schramek<\/td>\n<td align=\"LEFT\"><\/td>\n<\/tr>\n<tr>\n<td align=\"LEFT\">14<\/td>\n<td align=\"LEFT\">ESO Monoblock<\/td>\n<td align=\"LEFT\">1955<\/td>\n<td align=\"LEFT\">Martin<\/td>\n<td align=\"LEFT\">Reissner<\/td>\n<td align=\"LEFT\">Cycle Court<\/td>\n<\/tr>\n<tr>\n<td align=\"LEFT\">63<\/td>\n<td align=\"LEFT\">Walter 250 OHC<\/td>\n<td align=\"LEFT\">1955<\/td>\n<td align=\"LEFT\">Wenceslaus<\/td>\n<td align=\"LEFT\">Dvo\u0159\u00e1k<\/td>\n<td align=\"LEFT\">SZM Ho\u0159ice<\/td>\n<\/tr>\n<tr>\n<td align=\"LEFT\">6<\/td>\n<td align=\"LEFT\">Jawa 350 DOHC type S<\/td>\n<td align=\"LEFT\">1963<\/td>\n<td align=\"LEFT\">Milan<\/td>\n<td align=\"LEFT\">Schramek<\/td>\n<td align=\"LEFT\"><\/td>\n<\/tr>\n<tr>\n<td align=\"LEFT\"><\/td>\n<td align=\"LEFT\">Greeves Silverstone 250 RAS<\/td>\n<td align=\"LEFT\">1963<\/td>\n<td align=\"LEFT\">George<\/td>\n<td align=\"LEFT\">Pike<\/td>\n<td align=\"LEFT\"><\/td>\n<\/tr>\n<tr>\n<td align=\"LEFT\">370<\/td>\n<td align=\"LEFT\">Jawa 350 type Z 2xOHC<\/td>\n<td align=\"LEFT\">1965<\/td>\n<td align=\"LEFT\">John<\/td>\n<td align=\"LEFT\">Cooper<\/td>\n<td align=\"LEFT\">VCC Dvur Kr\u00e1lov\u00e9 nad Labem<\/td>\n<\/tr>\n<tr>\n<td align=\"LEFT\"><\/td>\n<td align=\"LEFT\">ESO 500 OHV<\/td>\n<td align=\"LEFT\">1967<\/td>\n<td align=\"LEFT\">Thomas<\/td>\n<td align=\"LEFT\">Dvo\u0159\u00e1k<\/td>\n<td align=\"LEFT\"><\/td>\n<\/tr>\n<tr>\n<td align=\"LEFT\">8<\/td>\n<td align=\"LEFT\">Java 4V<\/td>\n<td align=\"LEFT\">1967<\/td>\n<td align=\"LEFT\">Antonin<\/td>\n<td align=\"LEFT\">Circle<\/td>\n<td align=\"LEFT\">Czechoslovak Jawa Team<\/td>\n<\/tr>\n<tr>\n<td align=\"LEFT\"><\/td>\n<td align=\"LEFT\">K\u00d6NIG 500GP<\/td>\n<td align=\"LEFT\">1968<\/td>\n<td align=\"LEFT\">John<\/td>\n<td align=\"LEFT\">\u010ci\u017eek<\/td>\n<td align=\"LEFT\"><\/td>\n<\/tr>\n<tr>\n<td align=\"LEFT\">70<\/td>\n<td align=\"LEFT\">Jawa P250<\/td>\n<td align=\"LEFT\">1975<\/td>\n<td align=\"LEFT\">Peter<\/td>\n<td align=\"LEFT\">Baggage<\/td>\n<td align=\"LEFT\">Classic Club Hlohovec<\/td>\n<\/tr>\n<tr>\n<td align=\"LEFT\">38<\/td>\n<td align=\"LEFT\">Jawa 250 Maxton<\/td>\n<td align=\"LEFT\">1978<\/td>\n<td align=\"LEFT\">Jacob<\/td>\n<td align=\"LEFT\">Deleted<\/td>\n<td align=\"LEFT\">Czechoslovak Jawa Team<\/td>\n<\/tr>\n<tr>\n<td align=\"LEFT\"><\/td>\n<td align=\"LEFT\"><\/td>\n<td align=\"LEFT\"><\/td>\n<td align=\"LEFT\"><\/td>\n<td align=\"LEFT\"><\/td>\n<td align=\"LEFT\"><\/td>\n<\/tr>\n<tr style=\"background-color: #9e0e1e;\">\n<td align=\"LEFT\"><span style=\"font-size: 14pt; color: #ffffff;\">\u00a0<\/span><\/td>\n<td colspan=\"5\" align=\"LEFT\"><span style=\"font-size: 14pt; color: #ffffff;\"><b>Racing motorcycles until 1947<\/b><\/span><\/td>\n<\/tr>\n<tr>\n<td align=\"LEFT\">6<\/td>\n<td align=\"LEFT\">Monet Goyon \u2013 Mag 500<\/td>\n<td align=\"LEFT\">1928<\/td>\n<td align=\"LEFT\">Zdenek<\/td>\n<td align=\"LEFT\">Voluntary<\/td>\n<td align=\"LEFT\">Dude<\/td>\n<\/tr>\n<tr>\n<td align=\"LEFT\">77<\/td>\n<td align=\"LEFT\">Monet Goyon NF<\/td>\n<td align=\"LEFT\">1928<\/td>\n<td align=\"LEFT\">Peter<\/td>\n<td align=\"LEFT\">Busybody<\/td>\n<td align=\"LEFT\">VCC T\u0159eb\u00ed\u010d<\/td>\n<\/tr>\n<tr>\n<td align=\"LEFT\">5<\/td>\n<td align=\"LEFT\">Rudge Sport Special<\/td>\n<td align=\"LEFT\">1928<\/td>\n<td align=\"LEFT\">Emil<\/td>\n<td align=\"LEFT\">Careful<\/td>\n<td align=\"LEFT\">Brotherhood of the Hand<\/td>\n<\/tr>\n<tr>\n<td align=\"LEFT\">63<\/td>\n<td align=\"LEFT\">Rudge-Whitworth Special<\/td>\n<td align=\"LEFT\">1928<\/td>\n<td align=\"LEFT\">Mark<\/td>\n<td align=\"LEFT\">He drove away<\/td>\n<td align=\"LEFT\">Brotherhood of the Hand<\/td>\n<\/tr>\n<tr>\n<td align=\"LEFT\">7<\/td>\n<td align=\"LEFT\">BMW R 63 sport<\/td>\n<td align=\"LEFT\">1929<\/td>\n<td align=\"LEFT\">Wroclaw<\/td>\n<td align=\"LEFT\">Hanush<\/td>\n<td align=\"LEFT\"><\/td>\n<\/tr>\n<tr>\n<td align=\"LEFT\">28<\/td>\n<td align=\"LEFT\">Norton CS1<\/td>\n<td align=\"LEFT\">1929<\/td>\n<td align=\"LEFT\">Martin<\/td>\n<td align=\"LEFT\">Reissner<\/td>\n<td align=\"LEFT\">Cycle Court<\/td>\n<\/tr>\n<tr>\n<td align=\"LEFT\">17<\/td>\n<td align=\"LEFT\">Norton CS1<\/td>\n<td align=\"LEFT\">1929<\/td>\n<td align=\"LEFT\">Mirek<\/td>\n<td align=\"LEFT\">Kalousek<\/td>\n<td align=\"LEFT\"><\/td>\n<\/tr>\n<tr>\n<td align=\"LEFT\">15<\/td>\n<td align=\"LEFT\">Rudge Ulster<\/td>\n<td align=\"LEFT\">1929<\/td>\n<td align=\"LEFT\">Thomas<\/td>\n<td align=\"LEFT\">Steam<\/td>\n<td align=\"LEFT\">Brotherhood of the Hand<\/td>\n<\/tr>\n<tr>\n<td align=\"LEFT\">77<\/td>\n<td align=\"LEFT\">Rudge Ulster<\/td>\n<td align=\"LEFT\">1934<\/td>\n<td align=\"LEFT\">Karel<\/td>\n<td align=\"LEFT\">Purchase<\/td>\n<td align=\"LEFT\">Brotherhood of the Hand<\/td>\n<\/tr>\n<tr>\n<td align=\"LEFT\"><\/td>\n<td align=\"LEFT\">Benelli 4PNSS 500<\/td>\n<td align=\"LEFT\">1935<\/td>\n<td align=\"LEFT\">Lubo\u0161<\/td>\n<td align=\"LEFT\">A bath tub<\/td>\n<td align=\"LEFT\">Hujer Team<\/td>\n<\/tr>\n<tr>\n<td align=\"LEFT\">81<\/td>\n<td align=\"LEFT\">Excelsior Manxman<\/td>\n<td align=\"LEFT\">1936<\/td>\n<td align=\"LEFT\">Peter<\/td>\n<td align=\"LEFT\">Wand<\/td>\n<td align=\"LEFT\"><\/td>\n<\/tr>\n<tr>\n<td align=\"LEFT\">74<\/td>\n<td align=\"LEFT\">NSU 500 OS<\/td>\n<td align=\"LEFT\">1936<\/td>\n<td align=\"LEFT\">Wroclaw<\/td>\n<td align=\"LEFT\">Mustard<\/td>\n<td align=\"LEFT\">Horcacar<\/td>\n<\/tr>\n<tr>\n<td align=\"LEFT\"><\/td>\n<td align=\"LEFT\">Rudge Ulster GP 500<\/td>\n<td align=\"LEFT\">1937<\/td>\n<td align=\"LEFT\">Ladislav<\/td>\n<td align=\"LEFT\">Lefler<\/td>\n<td align=\"LEFT\"><\/td>\n<\/tr>\n<tr>\n<td align=\"LEFT\">95<\/td>\n<td align=\"LEFT\">Ariel<\/td>\n<td align=\"LEFT\">1939<\/td>\n<td align=\"LEFT\">Thomas<\/td>\n<td align=\"LEFT\">Sigismund<\/td>\n<td align=\"LEFT\">Czech Ariel Club<\/td>\n<\/tr>\n<tr>\n<td align=\"LEFT\"><\/td>\n<td align=\"LEFT\">Norton Manx M40<\/td>\n<td align=\"LEFT\">1946<\/td>\n<td align=\"LEFT\">Pavel<\/td>\n<td align=\"LEFT\">Swih\u00e1lek<\/td>\n<td align=\"LEFT\"><\/td>\n<\/tr>\n<tr>\n<td align=\"LEFT\"><\/td>\n<td align=\"LEFT\">Triumph T100<\/td>\n<td align=\"LEFT\">1946<\/td>\n<td align=\"LEFT\">Francis<\/td>\n<td align=\"LEFT\">Sour<\/td>\n<td align=\"LEFT\"><\/td>\n<\/tr>\n<tr>\n<td align=\"LEFT\">79<\/td>\n<td align=\"LEFT\">NSU 250 OSL sport<\/td>\n<td align=\"LEFT\">1947<\/td>\n<td align=\"LEFT\">John<\/td>\n<td align=\"LEFT\">Schnajberk<\/td>\n<td align=\"LEFT\">Auto glass 2H<\/td>\n<\/tr>\n<tr>\n<td align=\"LEFT\">70<\/td>\n<td align=\"LEFT\">Norton Manx<\/td>\n<td align=\"LEFT\">1947<\/td>\n<td align=\"LEFT\">Antonin<\/td>\n<td align=\"LEFT\">Martis<\/td>\n<td align=\"LEFT\"><\/td>\n<\/tr>\n<tr>\n<td align=\"LEFT\"><\/td>\n<td align=\"LEFT\"><\/td>\n<td align=\"LEFT\"><\/td>\n<td align=\"LEFT\"><\/td>\n<td align=\"LEFT\"><\/td>\n<td align=\"LEFT\"><\/td>\n<\/tr>\n<tr style=\"background-color: #9e0e1e;\">\n<td align=\"LEFT\"><span style=\"font-size: 14pt; color: #ffffff;\">\u00a0<\/span><\/td>\n<td colspan=\"5\" align=\"LEFT\"><span style=\"font-size: 14pt; color: #ffffff;\"><b>Racing motorcycles up to 1967<\/b><\/span><\/td>\n<\/tr>\n<tr>\n<td align=\"LEFT\"><\/td>\n<td align=\"LEFT\">Jawa Perak 350<\/td>\n<td align=\"LEFT\">1953<\/td>\n<td align=\"LEFT\">John<\/td>\n<td align=\"LEFT\">Bird<\/td>\n<td align=\"LEFT\">Veteran club Ch\u00fdnov<\/td>\n<\/tr>\n<tr>\n<td align=\"LEFT\">91<\/td>\n<td align=\"LEFT\">Jawa 250 special CROSS<\/td>\n<td align=\"LEFT\">1952<\/td>\n<td align=\"LEFT\">Francis<\/td>\n<td align=\"LEFT\">SWEET<\/td>\n<td align=\"LEFT\">SVAZMOTGAR zs<\/td>\n<\/tr>\n<tr>\n<td align=\"LEFT\">\u00a041<\/td>\n<td align=\"LEFT\">Gilera 175 sport<\/td>\n<td align=\"LEFT\">1957<\/td>\n<td align=\"LEFT\">Ivan<\/td>\n<td align=\"LEFT\">Melon<\/td>\n<td align=\"LEFT\"><\/td>\n<\/tr>\n<tr>\n<td align=\"LEFT\">35<\/td>\n<td align=\"LEFT\">Java<\/td>\n<td align=\"LEFT\">1957<\/td>\n<td align=\"LEFT\">Josef<\/td>\n<td align=\"LEFT\">Excellent<\/td>\n<td align=\"LEFT\"><\/td>\n<\/tr>\n<tr>\n<td align=\"LEFT\"><\/td>\n<td align=\"LEFT\">Jawa 350<\/td>\n<td align=\"LEFT\">1958<\/td>\n<td align=\"LEFT\">Josef<\/td>\n<td align=\"LEFT\">Fingerhut<\/td>\n<td align=\"LEFT\"><\/td>\n<\/tr>\n<tr>\n<td align=\"LEFT\">62<\/td>\n<td align=\"LEFT\">Jawa 250<\/td>\n<td align=\"LEFT\">1960<\/td>\n<td align=\"LEFT\">Jaroslav<\/td>\n<td align=\"LEFT\">Belladonna<\/td>\n<td align=\"LEFT\">Swazmotgar<\/td>\n<\/tr>\n<tr>\n<td align=\"LEFT\"><\/td>\n<td align=\"LEFT\">Moto Morini Setebello<\/td>\n<td align=\"LEFT\">1960<\/td>\n<td align=\"LEFT\">Libor<\/td>\n<td align=\"LEFT\">Disciple<\/td>\n<td align=\"LEFT\">Brotherhood of the Hand<\/td>\n<\/tr>\n<tr>\n<td align=\"LEFT\"><\/td>\n<td align=\"LEFT\">Norton Manx<\/td>\n<td align=\"LEFT\">1962<\/td>\n<td align=\"LEFT\">Peter<\/td>\n<td align=\"LEFT\">Wand<\/td>\n<td align=\"LEFT\"><\/td>\n<\/tr>\n<tr>\n<td align=\"LEFT\"><\/td>\n<td align=\"LEFT\"><\/td>\n<td align=\"LEFT\"><\/td>\n<td align=\"LEFT\"><\/td>\n<td align=\"LEFT\"><\/td>\n<td align=\"LEFT\"><\/td>\n<\/tr>\n<tr>\n<td align=\"LEFT\"><\/td>\n<td align=\"LEFT\">Jawa 250<\/td>\n<td align=\"LEFT\">1963<\/td>\n<td align=\"LEFT\">Josef<\/td>\n<td align=\"LEFT\">Fingerhut<\/td>\n<td align=\"LEFT\"><\/td>\n<\/tr>\n<tr>\n<td align=\"LEFT\">315<\/td>\n<td align=\"LEFT\">\u010cZ<\/td>\n<td align=\"LEFT\">1967<\/td>\n<td align=\"LEFT\">Vladimir<\/td>\n<td align=\"LEFT\">Screw<\/td>\n<td align=\"LEFT\"><\/td>\n<\/tr>\n<tr>\n<td align=\"LEFT\">354<\/td>\n<td align=\"LEFT\">\u010cZ<\/td>\n<td align=\"LEFT\">1967<\/td>\n<td align=\"LEFT\">Vladimir<\/td>\n<td align=\"LEFT\">First<\/td>\n<td align=\"LEFT\">Classic Club Hlohovec<\/td>\n<\/tr>\n<tr>\n<td align=\"LEFT\"><\/td>\n<td align=\"LEFT\">\u010cZ<\/td>\n<td align=\"LEFT\">1967<\/td>\n<td align=\"LEFT\">John<\/td>\n<td align=\"LEFT\">Munzar<\/td>\n<td align=\"LEFT\"><\/td>\n<\/tr>\n<tr>\n<td align=\"LEFT\">55<\/td>\n<td align=\"LEFT\">\u010cZ 250 Junior<\/td>\n<td align=\"LEFT\">1967<\/td>\n<td align=\"LEFT\">Zdenek<\/td>\n<td align=\"LEFT\">Small<\/td>\n<td align=\"LEFT\"><\/td>\n<\/tr>\n<tr>\n<td align=\"LEFT\">310<\/td>\n<td align=\"LEFT\">\u010cZ<\/td>\n<td align=\"LEFT\">1967<\/td>\n<td align=\"LEFT\">Dalibor<\/td>\n<td align=\"LEFT\">\u017di\u017eka<\/td>\n<td align=\"LEFT\"><\/td>\n<\/tr>\n<tr>\n<td align=\"LEFT\"><\/td>\n<td align=\"LEFT\"><\/td>\n<td align=\"LEFT\"><\/td>\n<td align=\"LEFT\"><\/td>\n<td align=\"LEFT\"><\/td>\n<td align=\"LEFT\"><\/td>\n<\/tr>\n<tr style=\"background-color: #9e0e1e;\">\n<td align=\"LEFT\"><span style=\"font-size: 14pt; color: #ffffff;\">\u00a0<\/span><\/td>\n<td colspan=\"5\" align=\"LEFT\"><span style=\"font-size: 14pt; color: #ffffff;\"><b>Racing motorcycles up to 1978<\/b><\/span><\/td>\n<\/tr>\n<tr>\n<td align=\"LEFT\">41<\/td>\n<td align=\"LEFT\">VAB<\/td>\n<td align=\"LEFT\">1968<\/td>\n<td align=\"LEFT\">Zdenek<\/td>\n<td align=\"LEFT\">Klimes<\/td>\n<td align=\"LEFT\">Kol\u0161tejnsk\u00fd Moto Klub Brann\u00e1<\/td>\n<\/tr>\n<tr>\n<td align=\"LEFT\"><\/td>\n<td align=\"LEFT\">Jawa 250 Junior<\/td>\n<td align=\"LEFT\">1968<\/td>\n<td align=\"LEFT\">Thomas<\/td>\n<td align=\"LEFT\">Peacock<\/td>\n<td align=\"LEFT\">Hujer Team<\/td>\n<\/tr>\n<tr>\n<td align=\"LEFT\">203<\/td>\n<td align=\"LEFT\">\u010cZ 175 Catalogue<\/td>\n<td align=\"LEFT\">1969<\/td>\n<td align=\"LEFT\">Svatoslav<\/td>\n<td align=\"LEFT\">Peasant<\/td>\n<td align=\"LEFT\">Los Chapos<\/td>\n<\/tr>\n<tr>\n<td align=\"LEFT\">37<\/td>\n<td align=\"LEFT\">\u010cZ 175 Catalogue<\/td>\n<td align=\"LEFT\">1969<\/td>\n<td align=\"LEFT\">Otakar<\/td>\n<td align=\"LEFT\">V\u00edtek<\/td>\n<td align=\"LEFT\">Los Chapos<\/td>\n<\/tr>\n<tr>\n<td align=\"LEFT\">50<\/td>\n<td align=\"LEFT\">\u010cZ 175 Catalogue<\/td>\n<td align=\"LEFT\">1969<\/td>\n<td align=\"LEFT\">George<\/td>\n<td align=\"LEFT\">Shlegl<\/td>\n<td align=\"LEFT\">Los Chapos<\/td>\n<\/tr>\n<tr>\n<td align=\"LEFT\"><\/td>\n<td align=\"LEFT\">DUCATI 450 MKIII<\/td>\n<td align=\"LEFT\">1969<\/td>\n<td align=\"LEFT\">Ladislav<\/td>\n<td align=\"LEFT\">Malek<\/td>\n<td align=\"LEFT\"><\/td>\n<\/tr>\n<tr>\n<td align=\"LEFT\">66<\/td>\n<td align=\"LEFT\">Honda CB500<\/td>\n<td align=\"LEFT\">1971<\/td>\n<td align=\"LEFT\">Pavel<\/td>\n<td align=\"LEFT\">Strapina<\/td>\n<td align=\"LEFT\">Strapina Racing<\/td>\n<\/tr>\n<tr>\n<td align=\"LEFT\">97<\/td>\n<td align=\"LEFT\">Benelli<\/td>\n<td align=\"LEFT\">1972<\/td>\n<td align=\"LEFT\">Milan<\/td>\n<td align=\"LEFT\">The underdog<\/td>\n<td align=\"LEFT\">Racink team Centaur Brno<\/td>\n<\/tr>\n<tr>\n<td align=\"LEFT\"><\/td>\n<td align=\"LEFT\">Benelli 125 2C<\/td>\n<td align=\"LEFT\">1972<\/td>\n<td align=\"LEFT\">George<\/td>\n<td align=\"LEFT\">Pike<\/td>\n<td align=\"LEFT\"><\/td>\n<\/tr>\n<tr>\n<td align=\"LEFT\">20<\/td>\n<td align=\"LEFT\">\u010cZ 125 Junior<\/td>\n<td align=\"LEFT\">1972<\/td>\n<td align=\"LEFT\">Novel<\/td>\n<td align=\"LEFT\">Petr\u00e1k<\/td>\n<td align=\"LEFT\"><\/td>\n<\/tr>\n<tr>\n<td align=\"LEFT\"><\/td>\n<td align=\"LEFT\">\u010cZ 175 Catalogue<\/td>\n<td align=\"LEFT\">1972<\/td>\n<td align=\"LEFT\">Ales<\/td>\n<td align=\"LEFT\">Matejka<\/td>\n<td align=\"LEFT\"><\/td>\n<\/tr>\n<tr>\n<td align=\"LEFT\"><\/td>\n<td align=\"LEFT\">Honda 500F<\/td>\n<td align=\"LEFT\">1972<\/td>\n<td align=\"LEFT\">Miroslav<\/td>\n<td align=\"LEFT\">Kalousek<\/td>\n<td align=\"LEFT\">\u2013<\/td>\n<\/tr>\n<tr>\n<td align=\"LEFT\">65<\/td>\n<td align=\"LEFT\">Honda CB 500<\/td>\n<td align=\"LEFT\">1972<\/td>\n<td align=\"LEFT\">Pavel<\/td>\n<td align=\"LEFT\">He hurried<\/td>\n<td align=\"LEFT\"><\/td>\n<\/tr>\n<tr>\n<td align=\"LEFT\">98<\/td>\n<td align=\"LEFT\">Honda cb 400 f<\/td>\n<td align=\"LEFT\">1975<\/td>\n<td align=\"LEFT\">Pavel<\/td>\n<td align=\"LEFT\">A duck<\/td>\n<td align=\"LEFT\"><\/td>\n<\/tr>\n<tr>\n<td align=\"LEFT\"><\/td>\n<td align=\"LEFT\">MBA- Hummel<\/td>\n<td align=\"LEFT\">1977<\/td>\n<td align=\"LEFT\">Stanislav<\/td>\n<td align=\"LEFT\">Gregor<\/td>\n<td align=\"LEFT\">GRS Motor<\/td>\n<\/tr>\n<tr>\n<td align=\"LEFT\">19<\/td>\n<td align=\"LEFT\">Yamaha tz350<\/td>\n<td align=\"LEFT\">1977<\/td>\n<td align=\"LEFT\">Jacob<\/td>\n<td align=\"LEFT\">Deleted<\/td>\n<td align=\"LEFT\">Czechoslovak Jawa Team<\/td>\n<\/tr>\n<tr>\n<td align=\"LEFT\"><\/td>\n<td align=\"LEFT\">Kreidler Hummel<\/td>\n<td align=\"LEFT\">1978<\/td>\n<td align=\"LEFT\">Stanislav<\/td>\n<td align=\"LEFT\">Gregor<\/td>\n<td align=\"LEFT\">GRS Motor<\/td>\n<\/tr>\n<tr>\n<td align=\"LEFT\"><\/td>\n<td align=\"LEFT\">Kreidler 50<\/td>\n<td align=\"LEFT\">1980<\/td>\n<td align=\"LEFT\">Michael<\/td>\n<td align=\"LEFT\">Ravenclaw<\/td>\n<td align=\"LEFT\"><\/td>\n<\/tr>\n<tr>\n<td align=\"LEFT\">985<\/td>\n<td align=\"LEFT\">Honda CBR 1000 SC 21 Rothmans<\/td>\n<td align=\"LEFT\">1987<\/td>\n<td align=\"LEFT\">George<\/td>\n<td align=\"LEFT\">Non-mechanical<\/td>\n<td align=\"LEFT\">Tannaco as<\/td>\n<\/tr>\n<tr>\n<td align=\"LEFT\"><\/td>\n<td align=\"LEFT\"><\/td>\n<td align=\"LEFT\"><\/td>\n<td align=\"LEFT\"><\/td>\n<td align=\"LEFT\"><\/td>\n<td align=\"LEFT\"><\/td>\n<\/tr>\n<tr style=\"background-color: #9e0e1e;\">\n<td align=\"LEFT\"><span style=\"font-size: 14pt; color: #ffffff;\">\u00a0<\/span><\/td>\n<td colspan=\"5\" align=\"LEFT\"><span style=\"font-size: 14pt; color: #ffffff;\"><b>Sidecar racing<\/b><\/span><\/td>\n<\/tr>\n<tr>\n<td align=\"LEFT\">98<\/td>\n<td align=\"LEFT\">BSA sloper de luxe<\/td>\n<td align=\"LEFT\">1930<\/td>\n<td align=\"LEFT\">John<\/td>\n<td align=\"LEFT\">Exner<\/td>\n<td align=\"LEFT\">Stransk\u00fd-Petr\u017e\u00edk pneumatic cylinders sro<\/td>\n<\/tr>\n<tr>\n<td align=\"LEFT\">96<\/td>\n<td align=\"LEFT\">Rudge Ulster<\/td>\n<td align=\"LEFT\">1937<\/td>\n<td align=\"LEFT\">George<\/td>\n<td align=\"LEFT\">Hlavsa<\/td>\n<td align=\"LEFT\">Brotherhood of the Hand<\/td>\n<\/tr>\n<tr>\n<td align=\"LEFT\">7<\/td>\n<td align=\"LEFT\">Ural<\/td>\n<td align=\"LEFT\">1950<\/td>\n<td align=\"LEFT\">Stanislav + Zdenek<\/td>\n<td align=\"LEFT\">Klimes + Klimes<\/td>\n<td align=\"LEFT\">Kol\u0161tejnsk\u00fd Moto Klub Brann\u00e1<\/td>\n<\/tr>\n<tr>\n<td align=\"LEFT\">10<\/td>\n<td align=\"LEFT\">BMW R51\/3 sidecar<\/td>\n<td align=\"LEFT\">1953<\/td>\n<td align=\"LEFT\">Franti\u0161ek \u2013 Zden\u011bk<\/td>\n<td align=\"LEFT\">Prchal - Black<\/td>\n<td align=\"LEFT\">Kovo Provazn\u00edk s.r.o<\/td>\n<\/tr>\n<tr>\n<td align=\"LEFT\">75<\/td>\n<td align=\"LEFT\">Honda Bern<\/td>\n<td align=\"LEFT\">1971<\/td>\n<td align=\"LEFT\">John<\/td>\n<td align=\"LEFT\">Cooper<\/td>\n<td align=\"LEFT\"><\/td>\n<\/tr>\n<tr>\n<td align=\"LEFT\">73<\/td>\n<td align=\"LEFT\">Moto Guzzi<\/td>\n<td align=\"LEFT\">1972<\/td>\n<td align=\"LEFT\">Miroslav \/ Katerina<\/td>\n<td align=\"LEFT\">Medek \/ Rozenekov\u00e1<\/td>\n<td align=\"LEFT\"><\/td>\n<\/tr>\n<tr>\n<td align=\"LEFT\">21<\/td>\n<td align=\"LEFT\">Windle Yamaha<\/td>\n<td align=\"LEFT\">1972<\/td>\n<td align=\"LEFT\">Ludek \u2013 Marek<\/td>\n<td align=\"LEFT\">Fleeing - Richter<\/td>\n<td align=\"LEFT\">Renovation<\/td>\n<\/tr>\n<tr>\n<td align=\"LEFT\">58<\/td>\n<td align=\"LEFT\">Honda CB side<\/td>\n<td align=\"LEFT\">1975<\/td>\n<td align=\"LEFT\">Novel<\/td>\n<td align=\"LEFT\">Peasant<\/td>\n<td align=\"LEFT\"><\/td>\n<\/tr>\n<tr>\n<td align=\"LEFT\">55<\/td>\n<td align=\"LEFT\">Suzuki<\/td>\n<td align=\"LEFT\">1978<\/td>\n<td align=\"LEFT\">Karel + Olga<\/td>\n<td align=\"LEFT\">Dlabola + Nepomuck\u00e1<\/td>\n<td align=\"LEFT\">DC team<\/td>\n<\/tr>\n<tr>\n<td align=\"LEFT\"><\/td>\n<td align=\"LEFT\">Windlass Yamaha 420<\/td>\n<td align=\"LEFT\">1983<\/td>\n<td align=\"LEFT\">Tomas\/Josef<\/td>\n<td align=\"LEFT\">PAVEL\/SON<\/td>\n<td align=\"LEFT\"><\/td>\n<\/tr>\n<\/tbody>\n<\/table>\n<p><!--:--><\/p>","protected":false},"excerpt":{"rendered":"<p>Starting number Vehicle Year of manufacture Name Surname Team Sports motorcycles BSA 770 with sidecar 1928 Libu\u0161e \u0160ulcov\u00e1 29 \u010cechie 600 Sport 1929 Martin Reissner Cycle Court 9 Rudge Whitworth Ulster GP Sidecar 1929 Karel Kupka Brotherhood Handles BSA Sloper 1931 Pavel Krupica Rudge Ulster 1931 Ji\u0159\u00ed K\u0159e\u010dek Brotherhood...<\/p>","protected":false},"author":2,"featured_media":0,"parent":1159,"menu_order":11,"comment_status":"closed","ping_status":"closed","template":"","meta":{"_kad_blocks_custom_css":"","_kad_blocks_head_custom_js":"","_kad_blocks_body_custom_js":"","_kad_blocks_footer_custom_js":"","_kad_post_transparent":"","_kad_post_title":"","_kad_post_layout":"","_kad_post_sidebar_id":"","_kad_post_content_style":"","_kad_post_vertical_padding":"","_kad_post_feature":"","_kad_post_feature_position":"","_kad_post_header":false,"_kad_post_footer":false,"_kad_post_classname":"","footnotes":""},"class_list":["post-2087","page","type-page","status-publish","hentry"],"aioseo_notices":[],"taxonomy_info":[],"featured_image_src_large":false,"author_info":{"display_name":"Karel Kupka","author_link":"https:\/\/brnogp.cz\/en\/author\/rucka\/"},"comment_info":0,"_links":{"self":[{"href":"https:\/\/brnogp.cz\/en\/wp-json\/wp\/v2\/pages\/2087","targetHints":{"allow":["GET"]}}],"collection":[{"href":"https:\/\/brnogp.cz\/en\/wp-json\/wp\/v2\/pages"}],"about":[{"href":"https:\/\/brnogp.cz\/en\/wp-json\/wp\/v2\/types\/page"}],"author":[{"embeddable":true,"href":"https:\/\/brnogp.cz\/en\/wp-json\/wp\/v2\/users\/2"}],"replies":[{"embeddable":true,"href":"https:\/\/brnogp.cz\/en\/wp-json\/wp\/v2\/comments?post=2087"}],"version-history":[{"count":0,"href":"https:\/\/brnogp.cz\/en\/wp-json\/wp\/v2\/pages\/2087\/revisions"}],"up":[{"embeddable":true,"href":"https:\/\/brnogp.cz\/en\/wp-json\/wp\/v2\/pages\/1159"}],"wp:attachment":[{"href":"https:\/\/brnogp.cz\/en\/wp-json\/wp\/v2\/media?parent=2087"}],"curies":[{"name":"wp","href":"https:\/\/api.w.org\/{rel}","templated":true}]}}