{"id":2551,"date":"2017-07-18T21:19:15","date_gmt":"2017-07-18T19:19:15","guid":{"rendered":"http:\/\/brnogp.com\/?page_id=2551"},"modified":"2017-07-18T21:19:15","modified_gmt":"2017-07-18T19:19:15","slug":"photo-gallery-2017","status":"publish","type":"page","link":"https:\/\/brnogp.cz\/en\/brno-revival-between-pavilions-2017\/english-news-2017\/photo-gallery-2017\/","title":{"rendered":"Photo gallery 2017"},"content":{"rendered":"<div id=\"pl-2551\"  class=\"panel-layout\" >\n<div id=\"pg-2551-0\"  class=\"panel-grid panel-no-style\" >\n<div id=\"pgc-2551-0-0\"  class=\"panel-grid-cell\"  data-weight=\"1\" >\n<div id=\"panel-2551-0-0-0\" class=\"so-panel widget widget_sow-editor panel-first-child panel-last-child\" data-index=\"0\" data-style=\"{&quot;background_image_attachment&quot;:false,&quot;background_display&quot;:&quot;tile&quot;,&quot;kt_animation_duration&quot;:&quot;default&quot;,&quot;kt_animation_delay&quot;:&quot;default&quot;}\" >\n<div class=\"so-widget-sow-editor so-widget-sow-editor-base\">\n<div class=\"siteorigin-widget-tinymce textwidget\">\n<table style=\"background-color: #ffffff;\" border=\"1\">\n<tbody>\n<tr>\n<td style=\"width: 398px; text-align: center;\">\n<p><a href=\"https:\/\/brnogp.cz\/en\/?page_id=2553\"><img loading=\"lazy\" decoding=\"async\" class=\"alignnone wp-image-2830 size-medium\" src=\"https:\/\/www.brnogp.cz\/wp-content\/uploads\/2017\/07\/DSC5591-300x199.jpg\" alt=\"\" width=\"300\" height=\"199\" data-id=\"2830\" srcset=\"https:\/\/www.brnogp.cz\/wp-content\/uploads\/2017\/07\/DSC5591-300x199.jpg 300w, https:\/\/www.brnogp.cz\/wp-content\/uploads\/2017\/07\/DSC5591-600x399.jpg 600w, https:\/\/www.brnogp.cz\/wp-content\/uploads\/2017\/07\/DSC5591-768x510.jpg 768w, https:\/\/www.brnogp.cz\/wp-content\/uploads\/2017\/07\/DSC5591-1200x797.jpg 1200w, https:\/\/www.brnogp.cz\/wp-content\/uploads\/2017\/07\/DSC5591-480x318.jpg 480w, https:\/\/www.brnogp.cz\/wp-content\/uploads\/2017\/07\/DSC5591-240x159.jpg 240w, https:\/\/www.brnogp.cz\/wp-content\/uploads\/2017\/07\/DSC5591.jpg 1400w\" sizes=\"auto, (max-width: 300px) 100vw, 300px\" \/><\/a><br \/><a href=\"https:\/\/brnogp.cz\/en\/?page_id=2553\">Friday through the lens of Richard Hryciow<\/a><\/p>\n<\/td>\n<td style=\"width: 398px; text-align: center;\"><a href=\"https:\/\/brnogp.cz\/en\/?page_id=2944\"><img loading=\"lazy\" decoding=\"async\" class=\"alignnone wp-image-3757 size-medium\" src=\"https:\/\/www.brnogp.cz\/wp-content\/uploads\/2017\/07\/DSC6710-300x199.jpg\" alt=\"\" width=\"300\" height=\"199\" data-id=\"3757\" srcset=\"https:\/\/www.brnogp.cz\/wp-content\/uploads\/2017\/07\/DSC6710-300x199.jpg 300w, https:\/\/www.brnogp.cz\/wp-content\/uploads\/2017\/07\/DSC6710-600x399.jpg 600w, https:\/\/www.brnogp.cz\/wp-content\/uploads\/2017\/07\/DSC6710-768x510.jpg 768w, https:\/\/www.brnogp.cz\/wp-content\/uploads\/2017\/07\/DSC6710-1200x797.jpg 1200w, https:\/\/www.brnogp.cz\/wp-content\/uploads\/2017\/07\/DSC6710-480x318.jpg 480w, https:\/\/www.brnogp.cz\/wp-content\/uploads\/2017\/07\/DSC6710-240x159.jpg 240w, https:\/\/www.brnogp.cz\/wp-content\/uploads\/2017\/07\/DSC6710.jpg 1400w\" sizes=\"auto, (max-width: 300px) 100vw, 300px\" \/><\/a><br \/><a href=\"https:\/\/brnogp.cz\/en\/?page_id=2944\">Saturday through the lens of Richard Hryciow<\/a><\/td>\n<td style=\"width: 398px; text-align: center;\"><a href=\"https:\/\/brnogp.cz\/en\/?page_id=2946\"><img loading=\"lazy\" decoding=\"async\" class=\"alignnone wp-image-4029 size-medium\" src=\"https:\/\/www.brnogp.cz\/wp-content\/uploads\/2017\/07\/DSC7050-300x199.jpg\" alt=\"\" width=\"300\" height=\"199\" data-id=\"4029\" srcset=\"https:\/\/www.brnogp.cz\/wp-content\/uploads\/2017\/07\/DSC7050-300x199.jpg 300w, https:\/\/www.brnogp.cz\/wp-content\/uploads\/2017\/07\/DSC7050-600x399.jpg 600w, https:\/\/www.brnogp.cz\/wp-content\/uploads\/2017\/07\/DSC7050-768x510.jpg 768w, https:\/\/www.brnogp.cz\/wp-content\/uploads\/2017\/07\/DSC7050-1200x797.jpg 1200w, https:\/\/www.brnogp.cz\/wp-content\/uploads\/2017\/07\/DSC7050-480x318.jpg 480w, https:\/\/www.brnogp.cz\/wp-content\/uploads\/2017\/07\/DSC7050-240x159.jpg 240w, https:\/\/www.brnogp.cz\/wp-content\/uploads\/2017\/07\/DSC7050.jpg 1400w\" sizes=\"auto, (max-width: 300px) 100vw, 300px\" \/><\/a><br \/><a href=\"https:\/\/brnogp.cz\/en\/?page_id=2946\">Sunday through the lens of Richard Hryciow<\/a><\/td>\n<\/tr>\n<tr>\n<td style=\"width: 398px; text-align: center;\"><a href=\"https:\/\/brnogp.cz\/en\/?page_id=4639\"><img loading=\"lazy\" decoding=\"async\" class=\"alignnone size-medium wp-image-4284\" src=\"https:\/\/www.brnogp.cz\/wp-content\/uploads\/2017\/07\/revival-7028-300x200.jpg\" alt=\"\" width=\"300\" height=\"200\" data-id=\"4284\" srcset=\"https:\/\/www.brnogp.cz\/wp-content\/uploads\/2017\/07\/revival-7028-300x200.jpg 300w, https:\/\/www.brnogp.cz\/wp-content\/uploads\/2017\/07\/revival-7028-600x400.jpg 600w, https:\/\/www.brnogp.cz\/wp-content\/uploads\/2017\/07\/revival-7028-768x512.jpg 768w, https:\/\/www.brnogp.cz\/wp-content\/uploads\/2017\/07\/revival-7028-1200x800.jpg 1200w, https:\/\/www.brnogp.cz\/wp-content\/uploads\/2017\/07\/revival-7028-272x182.jpg 272w, https:\/\/www.brnogp.cz\/wp-content\/uploads\/2017\/07\/revival-7028-480x320.jpg 480w, https:\/\/www.brnogp.cz\/wp-content\/uploads\/2017\/07\/revival-7028-240x160.jpg 240w, https:\/\/www.brnogp.cz\/wp-content\/uploads\/2017\/07\/revival-7028.jpg 1400w\" sizes=\"auto, (max-width: 300px) 100vw, 300px\" \/><\/a><br \/> <a href=\"https:\/\/brnogp.cz\/en\/?page_id=4639\">Through the lens of Mari\u00e1n Bazala<\/a><\/td>\n<td style=\"width: 398px; text-align: center;\"><a class=\"alignnone\" href=\"https:\/\/brnogp.cz\/en\/?page_id=4917\"><img loading=\"lazy\" decoding=\"async\" class=\"alignnone size-medium wp-image-4799\" src=\"https:\/\/www.brnogp.cz\/wp-content\/uploads\/2017\/07\/DSC_0577-300x201.jpg\" alt=\"\" width=\"300\" height=\"201\" data-id=\"4799\" srcset=\"https:\/\/www.brnogp.cz\/wp-content\/uploads\/2017\/07\/DSC_0577-300x201.jpg 300w, https:\/\/www.brnogp.cz\/wp-content\/uploads\/2017\/07\/DSC_0577-600x402.jpg 600w, https:\/\/www.brnogp.cz\/wp-content\/uploads\/2017\/07\/DSC_0577-768x514.jpg 768w, https:\/\/www.brnogp.cz\/wp-content\/uploads\/2017\/07\/DSC_0577-1200x803.jpg 1200w, https:\/\/www.brnogp.cz\/wp-content\/uploads\/2017\/07\/DSC_0577-272x182.jpg 272w, https:\/\/www.brnogp.cz\/wp-content\/uploads\/2017\/07\/DSC_0577-480x322.jpg 480w, https:\/\/www.brnogp.cz\/wp-content\/uploads\/2017\/07\/DSC_0577-240x161.jpg 240w, https:\/\/www.brnogp.cz\/wp-content\/uploads\/2017\/07\/DSC_0577-840x560.jpg 840w, https:\/\/www.brnogp.cz\/wp-content\/uploads\/2017\/07\/DSC_0577-420x280.jpg 420w, https:\/\/www.brnogp.cz\/wp-content\/uploads\/2017\/07\/DSC_0577-720x480.jpg 720w, https:\/\/www.brnogp.cz\/wp-content\/uploads\/2017\/07\/DSC_0577-360x240.jpg 360w, https:\/\/www.brnogp.cz\/wp-content\/uploads\/2017\/07\/DSC_0577.jpg 1400w\" sizes=\"auto, (max-width: 300px) 100vw, 300px\" \/><br \/>Through the lens of Tonda Mal\u00e9<\/a><\/td>\n<td style=\"width: 398px; text-align: center;\"><a href=\"https:\/\/brnogp.cz\/en\/?page_id=5009\"><img loading=\"lazy\" decoding=\"async\" class=\"alignnone size-medium wp-image-4955\" src=\"https:\/\/www.brnogp.cz\/wp-content\/uploads\/2017\/07\/dsc_1028-300x169.jpg\" alt=\"\" width=\"300\" height=\"169\" data-id=\"4955\" srcset=\"https:\/\/www.brnogp.cz\/wp-content\/uploads\/2017\/07\/dsc_1028-300x169.jpg 300w, https:\/\/www.brnogp.cz\/wp-content\/uploads\/2017\/07\/dsc_1028-600x337.jpg 600w, https:\/\/www.brnogp.cz\/wp-content\/uploads\/2017\/07\/dsc_1028-768x432.jpg 768w, https:\/\/www.brnogp.cz\/wp-content\/uploads\/2017\/07\/dsc_1028-1200x675.jpg 1200w, https:\/\/www.brnogp.cz\/wp-content\/uploads\/2017\/07\/dsc_1028-480x270.jpg 480w, https:\/\/www.brnogp.cz\/wp-content\/uploads\/2017\/07\/dsc_1028-240x135.jpg 240w, https:\/\/www.brnogp.cz\/wp-content\/uploads\/2017\/07\/dsc_1028.jpg 1400w\" sizes=\"auto, (max-width: 300px) 100vw, 300px\" \/><\/a><br \/><a href=\"https:\/\/brnogp.cz\/en\/?page_id=5009\">Through the lens of Martin Blah\u00e1k\u00a0<\/a><\/td>\n<\/tr>\n<tr>\n<td style=\"width: 398px; text-align: center;\">\u00a0<a href=\"https:\/\/brnogp.cz\/en\/?page_id=5132\"><img loading=\"lazy\" decoding=\"async\" class=\"alignnone size-large wp-image-5092\" src=\"https:\/\/www.brnogp.cz\/wp-content\/uploads\/2017\/07\/120-1200x1023.jpg\" alt=\"\" width=\"1140\" height=\"972\" data-id=\"5092\" srcset=\"https:\/\/www.brnogp.cz\/wp-content\/uploads\/2017\/07\/120-1200x1023.jpg 1200w, https:\/\/www.brnogp.cz\/wp-content\/uploads\/2017\/07\/120-600x512.jpg 600w, https:\/\/www.brnogp.cz\/wp-content\/uploads\/2017\/07\/120-300x256.jpg 300w, https:\/\/www.brnogp.cz\/wp-content\/uploads\/2017\/07\/120-768x655.jpg 768w, https:\/\/www.brnogp.cz\/wp-content\/uploads\/2017\/07\/120-480x410.jpg 480w, https:\/\/www.brnogp.cz\/wp-content\/uploads\/2017\/07\/120-240x205.jpg 240w, https:\/\/www.brnogp.cz\/wp-content\/uploads\/2017\/07\/120.jpg 1400w\" sizes=\"auto, (max-width: 1140px) 100vw, 1140px\" \/><\/a><br \/><a href=\"https:\/\/brnogp.cz\/en\/?page_id=5132\">Through the lens of Albert Salicky<\/a><\/td>\n<td style=\"width: 398px; text-align: center;\"><a href=\"https:\/\/brnogp.cz\/en\/?page_id=5142\"><img loading=\"lazy\" decoding=\"async\" class=\"alignnone size-medium wp-image-5162\" src=\"https:\/\/www.brnogp.cz\/wp-content\/uploads\/2017\/08\/MIK_5463-300x211.jpg\" alt=\"\" width=\"300\" height=\"211\" data-id=\"5162\" srcset=\"https:\/\/www.brnogp.cz\/wp-content\/uploads\/2017\/08\/MIK_5463-300x211.jpg 300w, https:\/\/www.brnogp.cz\/wp-content\/uploads\/2017\/08\/MIK_5463-600x423.jpg 600w, https:\/\/www.brnogp.cz\/wp-content\/uploads\/2017\/08\/MIK_5463-768x541.jpg 768w, https:\/\/www.brnogp.cz\/wp-content\/uploads\/2017\/08\/MIK_5463-1200x845.jpg 1200w, https:\/\/www.brnogp.cz\/wp-content\/uploads\/2017\/08\/MIK_5463-480x338.jpg 480w, https:\/\/www.brnogp.cz\/wp-content\/uploads\/2017\/08\/MIK_5463-240x169.jpg 240w, https:\/\/www.brnogp.cz\/wp-content\/uploads\/2017\/08\/MIK_5463.jpg 1400w\" sizes=\"auto, (max-width: 300px) 100vw, 300px\" \/><\/a><br \/><a href=\"https:\/\/brnogp.cz\/en\/?page_id=5142\">Through the lens of Michaela Kul\u00ed\u0161kov\u00e1<\/a><\/td>\n<td style=\"width: 398px; text-align: center;\"><a href=\"https:\/\/brnogp.cz\/en\/lensed-by-robert-sobcak\/\"><img loading=\"lazy\" decoding=\"async\" class=\"alignnone size-medium wp-image-6047\" src=\"https:\/\/www.brnogp.cz\/wp-content\/uploads\/2017\/07\/RSDX3930-600x400.jpg\" alt=\"\" width=\"600\" height=\"400\" data-id=\"6047\" srcset=\"https:\/\/www.brnogp.cz\/wp-content\/uploads\/2017\/07\/RSDX3930-600x400.jpg 600w, https:\/\/www.brnogp.cz\/wp-content\/uploads\/2017\/07\/RSDX3930-768x512.jpg 768w, https:\/\/www.brnogp.cz\/wp-content\/uploads\/2017\/07\/RSDX3930.jpg 1280w, https:\/\/www.brnogp.cz\/wp-content\/uploads\/2017\/07\/RSDX3930-272x182.jpg 272w\" sizes=\"auto, (max-width: 600px) 100vw, 600px\" \/><\/a><a href=\"https:\/\/brnogp.cz\/en\/lensed-by-robert-sobcak\/\">Robert Sob\u010d\u00e1k&#039;s lens<\/a> <\/td>\n<\/tr>\n<tr>\n<td style=\"width: 398px; text-align: center;\">\u00a0<\/td>\n<td style=\"width: 398px; text-align: center;\">\u00a0<\/td>\n<td style=\"width: 398px; text-align: center;\">\u00a0<\/td>\n<\/tr>\n<tr>\n<td style=\"width: 398px; text-align: center;\">\u00a0<\/td>\n<td style=\"width: 398px; text-align: center;\">\u00a0<\/td>\n<td style=\"width: 398px; text-align: center;\">\u00a0<\/td>\n<\/tr>\n<tr>\n<td style=\"width: 398px; text-align: center;\">\u00a0<\/td>\n<td style=\"width: 398px; text-align: center;\">\u00a0<\/td>\n<td style=\"width: 398px; text-align: center;\">\u00a0<\/td>\n<\/tr>\n<\/tbody>\n<\/table>\n<p>&nbsp;<\/p>\n<\/div>\n<\/div>\n<\/div>\n<\/div>\n<\/div>\n<\/div>","protected":false},"excerpt":{"rendered":"<p>Friday through the lens of Richard Hryciow Saturday through the lens of Richard Hryciow Sunday through the lens of Richard Hryciow Through the lens of Mari\u00e1n Bazala Through the lens of Tonda Mal\u00fd Through the lens of Martin Blah\u00e1k Through the lens of Albert Salick\u00fd Through the lens of Michaela Kul\u00ed\u0161kov\u00e1 Through the lens of Robert Sob\u010d\u00e1k \u00a0 \u00a0 \u00a0 \u00a0 \u00a0 \u00a0 \u00a0 \u00a0 \u00a0 &nbsp;<\/p>","protected":false},"author":2,"featured_media":4487,"parent":5573,"menu_order":2,"comment_status":"closed","ping_status":"closed","template":"","meta":{"_kad_blocks_custom_css":"","_kad_blocks_head_custom_js":"","_kad_blocks_body_custom_js":"","_kad_blocks_footer_custom_js":"","_kad_post_transparent":"","_kad_post_title":"","_kad_post_layout":"","_kad_post_sidebar_id":"","_kad_post_content_style":"","_kad_post_vertical_padding":"","_kad_post_feature":"","_kad_post_feature_position":"","_kad_post_header":false,"_kad_post_footer":false,"_kad_post_classname":"","footnotes":""},"class_list":["post-2551","page","type-page","status-publish","has-post-thumbnail","hentry"],"aioseo_notices":[],"taxonomy_info":[],"featured_image_src_large":false,"author_info":{"display_name":"Karel Kupka","author_link":"https:\/\/brnogp.cz\/en\/author\/rucka\/"},"comment_info":0,"_links":{"self":[{"href":"https:\/\/brnogp.cz\/en\/wp-json\/wp\/v2\/pages\/2551","targetHints":{"allow":["GET"]}}],"collection":[{"href":"https:\/\/brnogp.cz\/en\/wp-json\/wp\/v2\/pages"}],"about":[{"href":"https:\/\/brnogp.cz\/en\/wp-json\/wp\/v2\/types\/page"}],"author":[{"embeddable":true,"href":"https:\/\/brnogp.cz\/en\/wp-json\/wp\/v2\/users\/2"}],"replies":[{"embeddable":true,"href":"https:\/\/brnogp.cz\/en\/wp-json\/wp\/v2\/comments?post=2551"}],"version-history":[{"count":0,"href":"https:\/\/brnogp.cz\/en\/wp-json\/wp\/v2\/pages\/2551\/revisions"}],"up":[{"embeddable":true,"href":"https:\/\/brnogp.cz\/en\/wp-json\/wp\/v2\/pages\/5573"}],"wp:featuredmedia":[{"embeddable":true,"href":"https:\/\/brnogp.cz\/en\/wp-json\/"}],"wp:attachment":[{"href":"https:\/\/brnogp.cz\/en\/wp-json\/wp\/v2\/media?parent=2551"}],"curies":[{"name":"wp","href":"https:\/\/api.w.org\/{rel}","templated":true}]}}