{"id":297,"date":"2014-04-04T08:05:59","date_gmt":"2014-04-04T06:05:59","guid":{"rendered":"http:\/\/brnogp.com\/?page_id=297"},"modified":"2014-04-04T08:05:59","modified_gmt":"2014-04-04T06:05:59","slug":"destination-drive-2","status":"publish","type":"page","link":"https:\/\/brnogp.cz\/en\/brno-grand-prix-revival-2014-2\/program-2\/destination-drive-2\/","title":{"rendered":"Target drive"},"content":{"rendered":"<p><!--:cs--><a href=\"https:\/\/www.brnogp.cz\/wp-content\/uploads\/2014\/04\/plaketa-BGP-DSCN5830.gif\"><img loading=\"lazy\" decoding=\"async\" class=\"alignnone size-full wp-image-495\" alt=\"plaque-BGP-DSCN5830\" src=\"https:\/\/www.brnogp.cz\/wp-content\/uploads\/2014\/04\/plaketa-BGP-DSCN5830.gif\" width=\"640\" height=\"427\" \/><\/a><\/p>\n<p><span style=\"font-family: Oswald, sans-serif; font-size: 24px; letter-spacing: 1px; line-height: 1.62em;\">Target race and vehicle exhibition inside the Automotodrom area<\/span><\/p>\n<p>Star driving is one of the oldest motor sport activities. These proofs of the reliability and endurance of vehicles and their crews have been organized since the beginnings of motoring on the occasion of various important events. For example, star drives organized before the start of the Monte Carlo Rally or at the start of important car shows were famous, and they were also regularly listed for races on the Masaryk Circuit. The finish runs to the Masaryk circuit on Ba\u0165a tires were known.<\/p>\n<p>For those interested, the destination drive to the Brno Grand Prix Revival is listed for vehicles manufactured up to 1980 and for newer sports cars (the organizer determines the possibility of personal selection).<\/p>\n<p>Signing up for a destination drive gives you significant benefits:<br \/>\n\u2022 you can be in the area of the automotodrom from Friday to Sunday<br \/>\n\u2022 you get a plaque for participants<br \/>\n\u2022 on Fridays from 7 p.m. you can take part in a ride to the center of Brno on N\u00e1m\u011bst\u00ed Svobody together with racing cars in a single column. Return back at about 8:30 p.m<br \/>\n\u2022 on Saturday evening you can take part in a party with music in front of the tower<br \/>\n\u2022 after finishing the rides on Saturday and Sunday, you can go through the race track behind the driver (we will specify the number of laps)<br \/>\n\u2022 if you agree a group, it is possible to present yourself as a club (after agreement you will get space for a tent and the possibility of promotion)<\/p>\n<p>We would also like to draw your attention to the catering service in our hospitality tent. There will be seating and dining options for those interested. We attach the menu in the appendix. The price is Fri 400 CZK\/person, Sat 400 CZK\/person, Sun 300 CZK\/person. Anyone who hasn&#039;t tried scrambled eggs from our Krkovi\u010dka has no idea!<\/p>\n<table style=\"width: 523px;\" border=\"1\" cellspacing=\"1\" cellpadding=\"1\">\n<tbody>\n<tr>\n<td width=\"380\">\n<div align=\"left\">destination ride (for two people Sat+Sun)<\/div>\n<\/td>\n<td width=\"127\">\n<div align=\"center\">800 CZK<\/div>\n<\/td>\n<\/tr>\n<tr>\n<td>\n<div align=\"left\">every other crew member (per day)<\/div>\n<\/td>\n<td>\n<div align=\"center\">200 CZK<\/div>\n<\/td>\n<\/tr>\n<tr>\n<td>\n<div align=\"left\">every other crew member (Sat+Sun)<\/div>\n<\/td>\n<td>\n<div align=\"center\">300 CZK<\/div>\n<\/td>\n<\/tr>\n<tr>\n<td>\n<div align=\"left\">catering in the hospitality tent (person\/day)*<\/div>\n<\/td>\n<td>\n<div align=\"center\">400 CZK<\/div>\n<\/td>\n<\/tr>\n<\/tbody>\n<\/table>\n<p><span style=\"font-size: small;\">* meals in the hospitality tent include: breakfast, lunch, dinner, coffee all day and the possibility to buy drinks and other beverages<\/span><\/p>\n<p>&nbsp;<\/p>\n<p>The number of vehicles will be limited - 200 motorcycles and 150 cars.<\/p>\n<p>The registration form must be filled in at all points and a declaration of responsibility for possible damage must be signed. Incomplete applications are invalid. The organizer has the right to choose vehicles that must comply in every respect with the regulations in force for allowing the vehicle to drive on public roads. Motorcycle riders must wear a safety helmet and goggles. Participants must follow the rules of road traffic on public roads.<\/p>\n<p>Registration will be valid after payment. Payment details will be sent to you after the organizers have selected the participants.<\/p>\n<p><strong>On-site registration will not be possible.<\/strong><\/p>\n<p><span style=\"font-size: large;\"><strong>Login is no longer possible\u00a0<\/strong><\/span><\/p>\n<p>&nbsp;<\/p>\n<p><a href=\"https:\/\/brnogp.cz\/en\/?page_id=540\"><img loading=\"lazy\" decoding=\"async\" class=\"alignnone size-medium wp-image-543\" alt=\"bgp20140028\" src=\"https:\/\/www.brnogp.cz\/wp-content\/uploads\/2014\/04\/bgp20140028-300x199.jpg\" width=\"300\" height=\"199\" \/>\u00a0Cars on the finish line<\/a><\/p>\n<p><a href=\"https:\/\/brnogp.cz\/en\/?page_id=535\"><img loading=\"lazy\" decoding=\"async\" class=\"alignnone size-medium wp-image-537\" alt=\"DSC_6192\" src=\"https:\/\/www.brnogp.cz\/wp-content\/uploads\/2014\/04\/DSC_6192-214x300.jpg\" width=\"214\" height=\"300\" \/>\u00a0Motorcycles on the finish line<\/a><!--:--><\/p>","protected":false},"excerpt":{"rendered":"<p>The target race and the exhibition of vehicles inside the Hv\u011bzdicov\u00e1 j\u00edzda complex are among the oldest motor sport activities. These proofs of the reliability and endurance of vehicles and their crews have been organized since the beginnings of motoring on the occasion of various important events. Famous were, for example, the star drives organized before the start of the Monte Carlo Rally or for the opening of important car shows, for races at\u2026<\/p>","protected":false},"author":2,"featured_media":495,"parent":775,"menu_order":20,"comment_status":"closed","ping_status":"closed","template":"","meta":{"_kad_blocks_custom_css":"","_kad_blocks_head_custom_js":"","_kad_blocks_body_custom_js":"","_kad_blocks_footer_custom_js":"","_kad_post_transparent":"","_kad_post_title":"","_kad_post_layout":"","_kad_post_sidebar_id":"","_kad_post_content_style":"","_kad_post_vertical_padding":"","_kad_post_feature":"","_kad_post_feature_position":"","_kad_post_header":false,"_kad_post_footer":false,"_kad_post_classname":"","footnotes":""},"class_list":["post-297","page","type-page","status-publish","has-post-thumbnail","hentry"],"aioseo_notices":[],"taxonomy_info":[],"featured_image_src_large":false,"author_info":{"display_name":"Karel Kupka","author_link":"https:\/\/brnogp.cz\/en\/author\/rucka\/"},"comment_info":0,"_links":{"self":[{"href":"https:\/\/brnogp.cz\/en\/wp-json\/wp\/v2\/pages\/297","targetHints":{"allow":["GET"]}}],"collection":[{"href":"https:\/\/brnogp.cz\/en\/wp-json\/wp\/v2\/pages"}],"about":[{"href":"https:\/\/brnogp.cz\/en\/wp-json\/wp\/v2\/types\/page"}],"author":[{"embeddable":true,"href":"https:\/\/brnogp.cz\/en\/wp-json\/wp\/v2\/users\/2"}],"replies":[{"embeddable":true,"href":"https:\/\/brnogp.cz\/en\/wp-json\/wp\/v2\/comments?post=297"}],"version-history":[{"count":0,"href":"https:\/\/brnogp.cz\/en\/wp-json\/wp\/v2\/pages\/297\/revisions"}],"up":[{"embeddable":true,"href":"https:\/\/brnogp.cz\/en\/wp-json\/wp\/v2\/pages\/775"}],"wp:featuredmedia":[{"embeddable":true,"href":"https:\/\/brnogp.cz\/en\/wp-json\/"}],"wp:attachment":[{"href":"https:\/\/brnogp.cz\/en\/wp-json\/wp\/v2\/media?parent=297"}],"curies":[{"name":"wp","href":"https:\/\/api.w.org\/{rel}","templated":true}]}}