{"id":34469,"date":"2014-02-02T17:28:12","date_gmt":"2014-02-02T16:28:12","guid":{"rendered":"http:\/\/brnogp.com\/?page_id=41"},"modified":"2024-07-13T04:30:22","modified_gmt":"2024-07-13T02:30:22","slug":"contact","status":"publish","type":"page","link":"https:\/\/brnogp.cz\/en\/contact\/","title":{"rendered":"Contact"},"content":{"rendered":"<h1 class=\"wp-block-heading has-text-align-center\">Contact<\/h1>\n\n\n<style>.kb-row-layout-id34469_d6bc52-cf > .kt-row-column-wrap{align-content:start;}:where(.kb-row-layout-id34469_d6bc52-cf > .kt-row-column-wrap) > .wp-block-kadence-column{justify-content:start;}.kb-row-layout-id34469_d6bc52-cf > .kt-row-column-wrap{column-gap:var(--global-kb-gap-md, 2rem);row-gap:var(--global-kb-gap-md, 2rem);max-width:var( --global-content-width, 1290px );padding-left:var(--global-content-edge-padding);padding-right:var(--global-content-edge-padding);padding-top:var(--global-kb-spacing-sm, 1.5rem);padding-bottom:var(--global-kb-spacing-sm, 1.5rem);grid-template-columns:minmax(0, 1fr);}.kb-row-layout-id34469_d6bc52-cf > .kt-row-layout-overlay{opacity:0.30;}@media all and (max-width: 1024px){.kb-row-layout-id34469_d6bc52-cf > .kt-row-column-wrap{grid-template-columns:minmax(0, 1fr);}}@media all and (max-width: 767px){.kb-row-layout-id34469_d6bc52-cf > .kt-row-column-wrap{grid-template-columns:minmax(0, 1fr);}}<\/style><div class=\"kb-row-layout-wrap kb-row-layout-id34469_d6bc52-cf alignnone wp-block-kadence-rowlayout\"><div class=\"kt-row-column-wrap kt-has-1-columns kt-row-layout-equal kt-tab-layout-inherit kt-mobile-layout-row kt-row-valign-top kb-theme-content-width\">\n<style>.kadence-column34469_8a9260-c8 > .kt-inside-inner-col,.kadence-column34469_8a9260-c8 > .kt-inside-inner-col:before{border-top-left-radius:0px;border-top-right-radius:0px;border-bottom-right-radius:0px;border-bottom-left-radius:0px;}.kadence-column34469_8a9260-c8 > .kt-inside-inner-col{column-gap:var(--global-kb-gap-sm, 1rem);}.kadence-column34469_8a9260-c8 > .kt-inside-inner-col{flex-direction:column;}.kadence-column34469_8a9260-c8 > .kt-inside-inner-col > .aligncenter{width:100%;}.kadence-column34469_8a9260-c8 > .kt-inside-inner-col:before{opacity:0.3;}.kadence-column34469_8a9260-c8{position:relative;}@media all and (max-width: 1024px){.kadence-column34469_8a9260-c8 > .kt-inside-inner-col{flex-direction:column;justify-content:center;}}@media all and (max-width: 767px){.kadence-column34469_8a9260-c8 > .kt-inside-inner-col{flex-direction:column;justify-content:center;}}<\/style>\n<div class=\"wp-block-kadence-column kadence-column34469_8a9260-c8\"><div class=\"kt-inside-inner-col\">\n<div class=\"wp-block-columns is-layout-flex wp-container-core-columns-is-layout-9d6595d7 wp-block-columns-is-layout-flex\">\n<div class=\"wp-block-column is-layout-flow wp-block-column-is-layout-flow\" style=\"flex-basis:50%\"><style>.kb-image34469_bcdcc8-b6.kb-image-is-ratio-size, .kb-image34469_bcdcc8-b6 .kb-image-is-ratio-size{max-width:350px;width:100%;}.wp-block-kadence-column > .kt-inside-inner-col > .kb-image34469_bcdcc8-b6.kb-image-is-ratio-size, .wp-block-kadence-column > .kt-inside-inner-col > .kb-image34469_bcdcc8-b6 .kb-image-is-ratio-size{align-self:unset;}.kb-image34469_bcdcc8-b6{max-width:350px;}.image-is-svg.kb-image34469_bcdcc8-b6{-webkit-flex:0 1 100%;flex:0 1 100%;}.image-is-svg.kb-image34469_bcdcc8-b6 img{width:100%;}.kb-image34469_bcdcc8-b6 .kb-image-has-overlay:after{opacity:0.3;}<\/style>\n<figure class=\"wp-block-kadence-image kb-image34469_bcdcc8-b6 size-full\"><a href=\"https:\/\/brnogp.cz\/en\/contact\/cams\/\" class=\"kb-advanced-image-link\"><img loading=\"lazy\" decoding=\"async\" width=\"500\" height=\"431\" src=\"https:\/\/brnogp.cz\/wp-content\/uploads\/2023\/02\/cams_volant_color-500.gif\" alt=\"\" class=\"kb-img wp-image-36543\"\/><\/a><\/figure>\n\n\n\n<div id=\"pl-41\" class=\"panel-layout\">\n<div id=\"pg-41-0\" class=\"panel-grid panel-no-style\" data-style=\"{&quot;cell_alignment&quot;:&quot;flex-start&quot;,&quot;vertical_gutter&quot;:&quot;default&quot;,&quot;background_image&quot;:false,&quot;background_image_position&quot;:&quot;center top&quot;,&quot;background_image_style&quot;:&quot;cover&quot;,&quot;row_separator&quot;:&quot;none&quot;}\" data-ratio=\"1\" data-ratio-direction=\"right\">\n<div id=\"pgc-41-0-0\" class=\"panel-grid-cell\" data-weight=\"0.5\">\n<div id=\"panel-41-0-0-0\" class=\"so-panel widget widget_sow-editor panel-first-child\" data-index=\"0\" data-style=\"{&quot;background_image_attachment&quot;:false,&quot;background_display&quot;:&quot;tile&quot;,&quot;kt_animation_duration&quot;:&quot;default&quot;,&quot;kt_animation_delay&quot;:&quot;default&quot;}\">\n<div class=\"so-widget-sow-editor so-widget-sow-editor-base\">\n<div class=\"siteorigin-widget-tinymce textwidget\">\n<p><strong><a href=\"https:\/\/brnogp.cz\/en\/?page_id=835\">Czechoslovak Automobile Club for Moravia and Silesia<\/a><\/strong>, coll<br \/>Hv\u011bzdov\u00e1 308\/13, 602 00 Brno, Czech Republic<br \/>ID number 023 682 69<br \/>phone: +420 545 242 605<br \/>e-mail: info (at) BrnoGP.cz<br \/>www.BrnoGP.cz<\/p>\n<p><a href=\"mailto:karel@atelier-kupka.cz\" target=\"_blank\" rel=\"noopener noreferrer\">Karel Kupka<\/a>,\u00a0+420 545 242 605<\/p>\n<p>Tickets: <a id=\"rcmbtn100\" class=\"about-link\" role=\"button\" href=\"https:\/\/motorjournal.cz\/webmail\/?_task=mail&amp;_mbox=INBOX#\"><\/a><span class=\"username\">tickets@brnogp.cz<\/span><\/p>\n<\/div>\n<\/div>\n<\/div>\n<\/div>\n<\/div>\n<\/div>\n<\/div>\n\n\n\n<div class=\"wp-block-column is-layout-flow wp-block-column-is-layout-flow\" style=\"flex-basis:50%\"><div class=\"wpforms-container wpforms-container-full wpforms-block wpforms-block-33b3f338-cf09-48e2-b5ca-c7c70363f312\" id=\"wpforms-34558\"><form id=\"wpforms-form-34558\" class=\"wpforms-validate wpforms-form\" data-formid=\"34558\" method=\"post\" enctype=\"multipart\/form-data\" action=\"\/en\/wp-json\/wp\/v2\/pages\/34469\" data-token=\"fb59ce44955e0391201cda4ac1704fd7\" data-token-time=\"1775409787\" data-trp-original-action=\"\/en\/wp-json\/wp\/v2\/pages\/34469\"><noscript class=\"wpforms-error-noscript\">Please enable JavaScript in your browser to complete this form.<\/noscript><div class=\"wpforms-field-container\"><div id=\"wpforms-34558-field_0-container\" class=\"wpforms-field wpforms-field-name\" data-field-id=\"0\"><label class=\"wpforms-field-label\">Name <span class=\"wpforms-required-label\">*<\/span><\/label><div class=\"wpforms-field-row wpforms-field-medium\"><div class=\"wpforms-field-row-block wpforms-first wpforms-one-half\"><input type=\"text\" id=\"wpforms-34558-field_0\" class=\"wpforms-field-name-first wpforms-field-required\" name=\"wpforms[fields][0][first]\" required><label for=\"wpforms-34558-field_0\" class=\"wpforms-field-sublabel after\">First<\/label><\/div><div class=\"wpforms-field-row-block wpforms-one-half\"><input type=\"text\" id=\"wpforms-34558-field_0-last\" class=\"wpforms-field-name-last wpforms-field-required\" name=\"wpforms[fields][0][last]\" required><label for=\"wpforms-34558-field_0-last\" class=\"wpforms-field-sublabel after\">Last<\/label><\/div><\/div><\/div><div id=\"wpforms-34558-field_1-container\" class=\"wpforms-field wpforms-field-email\" data-field-id=\"1\"><label class=\"wpforms-field-label\" for=\"wpforms-34558-field_1\">E-mail <span class=\"wpforms-required-label\">*<\/span><\/label><input type=\"email\" id=\"wpforms-34558-field_1\" class=\"wpforms-field-medium wpforms-field-required\" name=\"wpforms[fields][1]\" spellcheck=\"false\" required><\/div><div id=\"wpforms-34558-field_2-container\" class=\"wpforms-field wpforms-field-textarea\" data-field-id=\"2\"><label class=\"wpforms-field-label\" for=\"wpforms-34558-field_2\">Message <span class=\"wpforms-required-label\">*<\/span><\/label><textarea id=\"wpforms-34558-field_2\" class=\"wpforms-field-medium wpforms-field-required\" name=\"wpforms[fields][2]\" required><\/textarea><\/div><div id=\"wpforms-34558-field_3-container\" class=\"wpforms-field wpforms-field-checkbox\" data-field-id=\"3\"><label class=\"wpforms-field-label\">GDPR <span class=\"wpforms-required-label\">*<\/span><\/label><ul id=\"wpforms-34558-field_3\" class=\"wpforms-field-required\"><li class=\"choice-1 depth-1\"><input type=\"checkbox\" id=\"wpforms-34558-field_3_1\" name=\"wpforms[fields][3][]\" value=\"Souhlas\u00edm se &lt;a href=&quot;http:\/\/www.brnogp.cz\/kontakt\/zpracovani-osobnich-udaju\/&quot; target=&quot;_new&quot;&gt;zpracov\u00e1n\u00edm osobn\u00edch \u00fadaj\u016f&lt;\/a&gt;\" required><label class=\"wpforms-field-label-inline\" for=\"wpforms-34558-field_3_1\">I agree <a href=\"https:\/\/brnogp.cz\/en\/contact\/zpracovani-osobnich-udaju\/\" target=\"_new\">processing of personal data<\/a><\/label><\/li><\/ul><\/div><\/div><!-- .wpforms-field-container --><div class=\"wpforms-field wpforms-field-hp\"><label for=\"wpforms-34558-field-hp\" class=\"wpforms-field-label\">Website<\/label><input type=\"text\" name=\"wpforms[hp]\" id=\"wpforms-34558-field-hp\" class=\"wpforms-field-medium\"><\/div><div class=\"wpforms-recaptcha-container wpforms-is-recaptcha wpforms-is-recaptcha-type-v3\" ><input type=\"hidden\" name=\"wpforms[recaptcha]\" value=\"\"><\/div><div class=\"wpforms-submit-container\" ><input type=\"hidden\" name=\"wpforms[id]\" value=\"34558\"><input type=\"hidden\" name=\"page_title\" value=\"\"><input type=\"hidden\" name=\"page_url\" value=\"https:\/\/brnogp.cz\/en\/wp-json\/wp\/v2\/pages\/34469\"><button type=\"submit\" name=\"wpforms[submit]\" id=\"wpforms-submit-34558\" class=\"wpforms-submit\" data-alt-text=\"Sending...\" data-submit-text=\"Odeslat \/ Send\" aria-live=\"assertive\" value=\"wpforms-submit\">Send<\/button><\/div><input type=\"hidden\" name=\"trp-form-language\" value=\"en\"\/><\/form><\/div>  <!-- .wpforms-container --><\/div>\n<\/div>\n<\/div><\/div>\n\n<\/div><\/div>\n\n\n<hr class=\"wp-block-separator has-alpha-channel-opacity is-style-wide\"\/>\n\n\n\n<h2 class=\"wp-block-heading has-text-align-center\"><strong>Subscribe to our newsletter!<\/strong><\/h2>\n\n\n\n<div style=\"background-color:#f7fafc;padding:20px;text-align:center\" class=\"wp-block-tnp-minimal\"><p><\/p><div><div class=\"tnp tnp-subscription\">\n<form method=\"post\" action=\"https:\/\/brnogp.cz\/wp-admin\/admin-ajax.php?action=tnp&amp;na=s\">\n<input type=\"hidden\" name=\"nlang\" value=\"\">\n<div class=\"tnp-field tnp-field-firstname\"><label for=\"tnp-1\">Surname<\/label>\n<input class=\"tnp-name\" type=\"text\" name=\"nn\" id=\"tnp-1\" value=\"\" placeholder=\"\"><\/div>\n<div class=\"tnp-field tnp-field-surname\"><label for=\"tnp-2\">First name<\/label>\n<input class=\"tnp-surname\" type=\"text\" name=\"ns\" id=\"tnp-2\" value=\"\" placeholder=\"\"><\/div><div class=\"tnp-field tnp-field-email\"><label for=\"tnp-3\">E-mail<\/label>\n<input class=\"tnp-email\" type=\"email\" name=\"ne\" id=\"tnp-3\" value=\"\" placeholder=\"\" required><\/div>\n<div class=\"tnp-field tnp-lists\"><div class=\"tnp-field tnp-field-checkbox tnp-field-list\"><label for=\"nl5\"><input type=\"checkbox\" id=\"nl5\" name=\"nl[]\" value=\"8\" checked> Newsletter<\/label><\/div>\n<\/div><div class=\"tnp-field tnp-privacy-field\"><label><input type=\"checkbox\" name=\"ny\" required class=\"tnp-privacy\"> <a target=\"_blank\" href=\"https:\/\/brnogp.cz\/en\/gdpr\/\">By continuing, you accept the privacy policy<\/a><\/label><\/div><div class=\"tnp-field tnp-field-button\" style=\"text-align: left\"><input class=\"tnp-submit\" type=\"submit\" value=\"Subscribe to news\" style=\"\">\n<\/div>\n<\/form>\n<\/div>\n<\/div><\/div>","protected":false},"excerpt":{"rendered":"<p>Contact Czechoslovak Automobile Club for Moravia and Silesia, zsHv\u011bzdov\u00e1 308\/13, 602 00 Brno, Czech RepublicI\u010cO 023 682 69 phone: +420 545 242 605 e-mail: info (at) BrnoGP.czwww.BrnoGP.cz Karel Kupka, +420 545 242 605 Tickets: tickets@brnogp.cz Subscribe to our newsletter!<\/p>","protected":false},"author":2,"featured_media":36543,"parent":0,"menu_order":250,"comment_status":"closed","ping_status":"closed","template":"","meta":{"_kad_blocks_custom_css":"","_kad_blocks_head_custom_js":"","_kad_blocks_body_custom_js":"","_kad_blocks_footer_custom_js":"","_kad_post_transparent":"","_kad_post_title":"","_kad_post_layout":"","_kad_post_sidebar_id":"","_kad_post_content_style":"","_kad_post_vertical_padding":"","_kad_post_feature":"","_kad_post_feature_position":"","_kad_post_header":false,"_kad_post_footer":false,"_kad_post_classname":"","footnotes":""},"class_list":["post-34469","page","type-page","status-publish","has-post-thumbnail","hentry"],"aioseo_notices":[],"taxonomy_info":[],"featured_image_src_large":["https:\/\/brnogp.cz\/wp-content\/uploads\/2023\/02\/cams_volant_color-500.gif",500,431,false],"author_info":{"display_name":"Karel Kupka","author_link":"https:\/\/brnogp.cz\/en\/author\/rucka\/"},"comment_info":0,"_links":{"self":[{"href":"https:\/\/brnogp.cz\/en\/wp-json\/wp\/v2\/pages\/34469","targetHints":{"allow":["GET"]}}],"collection":[{"href":"https:\/\/brnogp.cz\/en\/wp-json\/wp\/v2\/pages"}],"about":[{"href":"https:\/\/brnogp.cz\/en\/wp-json\/wp\/v2\/types\/page"}],"author":[{"embeddable":true,"href":"https:\/\/brnogp.cz\/en\/wp-json\/wp\/v2\/users\/2"}],"replies":[{"embeddable":true,"href":"https:\/\/brnogp.cz\/en\/wp-json\/wp\/v2\/comments?post=34469"}],"version-history":[{"count":3,"href":"https:\/\/brnogp.cz\/en\/wp-json\/wp\/v2\/pages\/34469\/revisions"}],"predecessor-version":[{"id":51417,"href":"https:\/\/brnogp.cz\/en\/wp-json\/wp\/v2\/pages\/34469\/revisions\/51417"}],"wp:featuredmedia":[{"embeddable":true,"href":"https:\/\/brnogp.cz\/en\/wp-json\/wp\/v2\/media\/36543"}],"wp:attachment":[{"href":"https:\/\/brnogp.cz\/en\/wp-json\/wp\/v2\/media?parent=34469"}],"curies":[{"name":"wp","href":"https:\/\/api.w.org\/{rel}","templated":true}]}}