{"id":39489,"date":"2023-12-03T16:31:09","date_gmt":"2023-12-03T15:31:09","guid":{"rendered":"https:\/\/brnogp.cz\/?page_id=39489"},"modified":"2023-12-08T21:01:20","modified_gmt":"2023-12-08T20:01:20","slug":"legal-notice","status":"publish","type":"page","link":"https:\/\/brnogp.cz\/en\/contact\/legal-notice\/","title":{"rendered":"Legal notice"},"content":{"rendered":"<style>.kb-row-layout-id39489_cf4af8-3e > .kt-row-column-wrap{align-content:start;}:where(.kb-row-layout-id39489_cf4af8-3e > .kt-row-column-wrap) > .wp-block-kadence-column{justify-content:start;}.kb-row-layout-id39489_cf4af8-3e > .kt-row-column-wrap{column-gap:var(--global-kb-gap-md, 2rem);row-gap:var(--global-kb-gap-md, 2rem);max-width:var( --global-content-width, 1290px );padding-left:var(--global-content-edge-padding);padding-right:var(--global-content-edge-padding);padding-top:var(--global-kb-spacing-sm, 1.5rem);padding-bottom:var(--global-kb-spacing-sm, 1.5rem);grid-template-columns:minmax(0, 1fr);}.kb-row-layout-id39489_cf4af8-3e > .kt-row-layout-overlay{opacity:0.30;}@media all and (max-width: 1024px){.kb-row-layout-id39489_cf4af8-3e > .kt-row-column-wrap{grid-template-columns:minmax(0, 1fr);}}@media all and (max-width: 767px){.kb-row-layout-id39489_cf4af8-3e > .kt-row-column-wrap{grid-template-columns:minmax(0, 1fr);}}<\/style><div class=\"kb-row-layout-wrap kb-row-layout-id39489_cf4af8-3e alignnone wp-block-kadence-rowlayout\"><div class=\"kt-row-column-wrap kt-has-1-columns kt-row-layout-equal kt-tab-layout-inherit kt-mobile-layout-row kt-row-valign-top kb-theme-content-width\">\n<style>.kadence-column39489_ab7c03-4c > .kt-inside-inner-col,.kadence-column39489_ab7c03-4c > .kt-inside-inner-col:before{border-top-left-radius:0px;border-top-right-radius:0px;border-bottom-right-radius:0px;border-bottom-left-radius:0px;}.kadence-column39489_ab7c03-4c > .kt-inside-inner-col{column-gap:var(--global-kb-gap-sm, 1rem);}.kadence-column39489_ab7c03-4c > .kt-inside-inner-col{flex-direction:column;}.kadence-column39489_ab7c03-4c > .kt-inside-inner-col > .aligncenter{width:100%;}.kadence-column39489_ab7c03-4c > .kt-inside-inner-col:before{opacity:0.3;}.kadence-column39489_ab7c03-4c{position:relative;}@media all and (max-width: 1024px){.kadence-column39489_ab7c03-4c > .kt-inside-inner-col{flex-direction:column;justify-content:center;}}@media all and (max-width: 767px){.kadence-column39489_ab7c03-4c > .kt-inside-inner-col{flex-direction:column;justify-content:center;}}<\/style>\n<div class=\"wp-block-kadence-column kadence-column39489_ab7c03-4c\"><div class=\"kt-inside-inner-col\">\n<h1 class=\"wp-block-heading\">Legal notice<\/h1>\n\n\n\n<p><strong>Website owner<\/strong><br \/>The owner of the website www.BrnoGP.cz is the Czechoslovak Automobile Club for Moravia and Silesia, zs. (hereafter \u010cAMS), ID number: 023 682 69, with registered office at Hv\u011bzdov\u00e1 Street 308\/13, 602 00 Brno, tel.: +420 545 242 605, www.BrnoGP.cz.<\/p>\n<p><strong>Intellectual and industrial property<\/strong><br \/>The appearance of the page, logos, brands and other distinctive symbols listed on the website are the exclusive property of \u010cAMS and are protected by corresponding intellectual and industrial property rights.<\/p>\n<p><strong>Links to external websites<\/strong><br \/>\u010cAMS website may contain links to websites of third parties. \u010cAMS disclaims any responsibility for their content. All risks associated with their use shall be the sole responsibility of the user. Similarly, \u010cAMS is not responsible for the legality of third-party websites from which access to these websites can be obtained.<\/p>\n<p><strong>Responsibility for content<\/strong><br \/>As the owner of this website, \u010cAMS reserves the right to update, add information, modify, correct or remove the published content or design of the website, without the obligation of prior notification. <br \/>\u010cAMS is also not responsible for the use of information published on this website by third parties or for damages and losses that may be caused to Users based on the information provided here.<\/p>\n<p><strong>Video and audio recordings<\/strong><br \/>As part of the Brno Revival event organized by the Czechoslovak Automobile Club for Moravia and Silesia, zs., visual and audio recordings will be made for the purpose of presenting the event organizer. \u010cAMS is not responsible for records taken and published by other entities.<\/p>\n<p><strong>Reproduction of content<\/strong><br \/>Any reproduction of the content published on this website, in whole or in part, is prohibited.<\/p>\n<p><strong>Relevant legislation<\/strong><br \/>This legal notice is governed by Czech law. The terms and conditions are effective on the date of their publication. The latest version of these Terms and Conditions was published on 1 December 2023.<\/p>\n<\/div><\/div>\n\n<\/div><\/div>","protected":false},"excerpt":{"rendered":"<p>Legal notice The owner of the website The owner of the website www.BrnoGP.cz is the association \u010ceskoslovensk\u00fd automobile klub pro Morava a Silessko, zs. +420 545 242 605, www.BrnoGP.cz. Intellectual and industrial property The appearance of the page, logos, brands and other distinctive symbols displayed on the website\u2026<\/p>","protected":false},"author":2,"featured_media":34586,"parent":34469,"menu_order":11,"comment_status":"closed","ping_status":"closed","template":"","meta":{"_kad_blocks_custom_css":"","_kad_blocks_head_custom_js":"","_kad_blocks_body_custom_js":"","_kad_blocks_footer_custom_js":"","_kad_post_transparent":"","_kad_post_title":"","_kad_post_layout":"","_kad_post_sidebar_id":"","_kad_post_content_style":"","_kad_post_vertical_padding":"","_kad_post_feature":"","_kad_post_feature_position":"","_kad_post_header":false,"_kad_post_footer":false,"_kad_post_classname":"","footnotes":""},"class_list":["post-39489","page","type-page","status-publish","has-post-thumbnail","hentry"],"aioseo_notices":[],"taxonomy_info":[],"featured_image_src_large":["https:\/\/brnogp.cz\/wp-content\/uploads\/2023\/02\/cropped-cams_volant_color.jpg",512,512,false],"author_info":{"display_name":"Karel Kupka","author_link":"https:\/\/brnogp.cz\/en\/author\/rucka\/"},"comment_info":0,"_links":{"self":[{"href":"https:\/\/brnogp.cz\/en\/wp-json\/wp\/v2\/pages\/39489","targetHints":{"allow":["GET"]}}],"collection":[{"href":"https:\/\/brnogp.cz\/en\/wp-json\/wp\/v2\/pages"}],"about":[{"href":"https:\/\/brnogp.cz\/en\/wp-json\/wp\/v2\/types\/page"}],"author":[{"embeddable":true,"href":"https:\/\/brnogp.cz\/en\/wp-json\/wp\/v2\/users\/2"}],"replies":[{"embeddable":true,"href":"https:\/\/brnogp.cz\/en\/wp-json\/wp\/v2\/comments?post=39489"}],"version-history":[{"count":0,"href":"https:\/\/brnogp.cz\/en\/wp-json\/wp\/v2\/pages\/39489\/revisions"}],"up":[{"embeddable":true,"href":"https:\/\/brnogp.cz\/en\/wp-json\/wp\/v2\/pages\/34469"}],"wp:featuredmedia":[{"embeddable":true,"href":"https:\/\/brnogp.cz\/en\/wp-json\/wp\/v2\/media\/34586"}],"wp:attachment":[{"href":"https:\/\/brnogp.cz\/en\/wp-json\/wp\/v2\/media?parent=39489"}],"curies":[{"name":"wp","href":"https:\/\/api.w.org\/{rel}","templated":true}]}}