{"id":43386,"date":"2024-02-04T15:25:44","date_gmt":"2024-02-04T14:25:44","guid":{"rendered":"https:\/\/brnogp.cz\/?page_id=43386"},"modified":"2024-06-18T13:25:09","modified_gmt":"2024-06-18T11:25:09","slug":"exhibitors-commercial-companies-partners","status":"publish","type":"page","link":"https:\/\/brnogp.cz\/en\/brno-revival-2024\/exhibitors-commercial-companies-partners\/","title":{"rendered":"Exhibitors, commercial companies, partners"},"content":{"rendered":"<style>.kb-image43386_9d16fd-29 .kb-image-has-overlay:after{opacity:0.3;}<\/style>\n<div class=\"wp-block-kadence-image kb-image43386_9d16fd-29\"><figure class=\"aligncenter size-large\"><a href=\"https:\/\/brnogp.cz\/en\/\" class=\"kb-advanced-image-link\"><img loading=\"lazy\" decoding=\"async\" width=\"1024\" height=\"94\" src=\"https:\/\/brnogp.cz\/wp-content\/uploads\/2023\/12\/brnorevivalgp_line2-web-1024x94.jpg\" alt=\"\" class=\"kb-img wp-image-39354\" srcset=\"https:\/\/brnogp.cz\/wp-content\/uploads\/2023\/12\/brnorevivalgp_line2-web-1024x94.jpg 1024w, https:\/\/brnogp.cz\/wp-content\/uploads\/2023\/12\/brnorevivalgp_line2-web-300x28.jpg 300w, https:\/\/brnogp.cz\/wp-content\/uploads\/2023\/12\/brnorevivalgp_line2-web-768x71.jpg 768w, https:\/\/brnogp.cz\/wp-content\/uploads\/2023\/12\/brnorevivalgp_line2-web-1536x141.jpg 1536w, https:\/\/brnogp.cz\/wp-content\/uploads\/2023\/12\/brnorevivalgp_line2-web-2048x188.jpg 2048w, https:\/\/brnogp.cz\/wp-content\/uploads\/2023\/12\/brnorevivalgp_line2-web.jpg 1800w\" sizes=\"auto, (max-width: 1024px) 100vw, 1024px\" \/><\/a><\/figure><\/div>\n\n\n\n<h1 class=\"wp-block-heading has-text-align-center\">Exhibitors, commercial companies, partners<\/h1>\n\n\n<style>.kb-image43386_bc3486-f9 .kb-image-has-overlay:after{opacity:0.3;}<\/style>\n<div class=\"wp-block-kadence-image kb-image43386_bc3486-f9\"><figure class=\"aligncenter size-large\"><a href=\"https:\/\/brnogp.cz\/wp-content\/uploads\/2023\/12\/dsc_0757.jpg\" class=\"kb-advanced-image-link\"><img loading=\"lazy\" decoding=\"async\" width=\"1024\" height=\"683\" src=\"https:\/\/brnogp.cz\/wp-content\/uploads\/2023\/12\/dsc_0757-1024x683.jpg\" alt=\"\" class=\"kb-img wp-image-41348\" srcset=\"https:\/\/brnogp.cz\/wp-content\/uploads\/2023\/12\/dsc_0757-1024x683.jpg 1024w, https:\/\/brnogp.cz\/wp-content\/uploads\/2023\/12\/dsc_0757-300x200.jpg 300w, https:\/\/brnogp.cz\/wp-content\/uploads\/2023\/12\/dsc_0757-768x512.jpg 768w, https:\/\/brnogp.cz\/wp-content\/uploads\/2023\/12\/dsc_0757.jpg 1200w\" sizes=\"auto, (max-width: 1024px) 100vw, 1024px\" \/><\/a><\/figure><\/div>\n\n\n<style>.kb-row-layout-id43386_bc9379-db > .kt-row-column-wrap{align-content:start;}:where(.kb-row-layout-id43386_bc9379-db > .kt-row-column-wrap) > .wp-block-kadence-column{justify-content:start;}.kb-row-layout-id43386_bc9379-db > .kt-row-column-wrap{column-gap:var(--global-kb-gap-md, 2rem);row-gap:var(--global-kb-gap-md, 2rem);padding-top:var(--global-kb-spacing-sm, 1.5rem);padding-bottom:var(--global-kb-spacing-sm, 1.5rem);}.kb-row-layout-id43386_bc9379-db > .kt-row-column-wrap > div:not(.added-for-specificity){grid-column:initial;}.kb-row-layout-id43386_bc9379-db > .kt-row-column-wrap{grid-template-columns:minmax(0, 1fr) minmax(0, 2fr) minmax(0, 1fr);}.kb-row-layout-id43386_bc9379-db > .kt-row-layout-overlay{opacity:0.30;}@media all and (max-width: 1024px){.kb-row-layout-id43386_bc9379-db > .kt-row-column-wrap > div:not(.added-for-specificity){grid-column:initial;}}@media all and (max-width: 1024px){.kb-row-layout-id43386_bc9379-db > .kt-row-column-wrap{grid-template-columns:minmax(0, 1fr) minmax(0, 2fr) minmax(0, 1fr);}}@media all and (max-width: 767px){.kb-row-layout-id43386_bc9379-db > .kt-row-column-wrap > div:not(.added-for-specificity){grid-column:initial;}.kb-row-layout-id43386_bc9379-db > .kt-row-column-wrap{grid-template-columns:minmax(0, 1fr);}}<\/style><div class=\"kb-row-layout-wrap kb-row-layout-id43386_bc9379-db alignnone wp-block-kadence-rowlayout\"><div class=\"kt-row-column-wrap kt-has-3-columns kt-row-layout-center-half kt-tab-layout-inherit kt-mobile-layout-row kt-row-valign-top\">\n<style>.kadence-column43386_3775d2-02 > .kt-inside-inner-col,.kadence-column43386_3775d2-02 > .kt-inside-inner-col:before{border-top-left-radius:0px;border-top-right-radius:0px;border-bottom-right-radius:0px;border-bottom-left-radius:0px;}.kadence-column43386_3775d2-02 > .kt-inside-inner-col{column-gap:var(--global-kb-gap-sm, 1rem);}.kadence-column43386_3775d2-02 > .kt-inside-inner-col{flex-direction:column;}.kadence-column43386_3775d2-02 > .kt-inside-inner-col > .aligncenter{width:100%;}.kadence-column43386_3775d2-02 > .kt-inside-inner-col:before{opacity:0.3;}.kadence-column43386_3775d2-02{position:relative;}@media all and (max-width: 1024px){.kadence-column43386_3775d2-02 > .kt-inside-inner-col{flex-direction:column;justify-content:center;}}@media all and (max-width: 767px){.kadence-column43386_3775d2-02 > .kt-inside-inner-col{flex-direction:column;justify-content:center;}}<\/style>\n<div class=\"wp-block-kadence-column kadence-column43386_3775d2-02\"><div class=\"kt-inside-inner-col\"><\/div><\/div>\n\n\n<style>.kadence-column43386_f6d7cb-37 > .kt-inside-inner-col,.kadence-column43386_f6d7cb-37 > .kt-inside-inner-col:before{border-top-left-radius:0px;border-top-right-radius:0px;border-bottom-right-radius:0px;border-bottom-left-radius:0px;}.kadence-column43386_f6d7cb-37 > .kt-inside-inner-col{column-gap:var(--global-kb-gap-sm, 1rem);}.kadence-column43386_f6d7cb-37 > .kt-inside-inner-col{flex-direction:column;}.kadence-column43386_f6d7cb-37 > .kt-inside-inner-col > .aligncenter{width:100%;}.kadence-column43386_f6d7cb-37 > .kt-inside-inner-col:before{opacity:0.3;}.kadence-column43386_f6d7cb-37{position:relative;}@media all and (max-width: 1024px){.kadence-column43386_f6d7cb-37 > .kt-inside-inner-col{flex-direction:column;justify-content:center;}}@media all and (max-width: 767px){.kadence-column43386_f6d7cb-37 > .kt-inside-inner-col{flex-direction:column;justify-content:center;}}<\/style>\n<div class=\"wp-block-kadence-column kadence-column43386_f6d7cb-37\"><div class=\"kt-inside-inner-col\">\n<p><strong>Dear partners,<\/strong><br>it is with great pleasure that we offer you a unique opportunity to be part of our upcoming race Brno Grand Prix Revival 2024, which promises not only sporting excitement, but also an excellent platform for exposing your brand and strengthening business ties. We are proud to open the door to new business opportunities and offer a unique chance for businesses to showcase themselves to a wide range of audiences who gather to celebrate the speed and beauty of technology.<\/p>\n\n\n\n<p><strong>If you are interested, fill out the questionnaire below and we will contact you soon.<\/strong><\/p>\n<\/div><\/div>\n\n\n<style>.kadence-column43386_db9027-2c > .kt-inside-inner-col,.kadence-column43386_db9027-2c > .kt-inside-inner-col:before{border-top-left-radius:0px;border-top-right-radius:0px;border-bottom-right-radius:0px;border-bottom-left-radius:0px;}.kadence-column43386_db9027-2c > .kt-inside-inner-col{column-gap:var(--global-kb-gap-sm, 1rem);}.kadence-column43386_db9027-2c > .kt-inside-inner-col{flex-direction:column;}.kadence-column43386_db9027-2c > .kt-inside-inner-col > .aligncenter{width:100%;}.kadence-column43386_db9027-2c > .kt-inside-inner-col:before{opacity:0.3;}.kadence-column43386_db9027-2c{position:relative;}@media all and (max-width: 1024px){.kadence-column43386_db9027-2c > .kt-inside-inner-col{flex-direction:column;justify-content:center;}}@media all and (max-width: 767px){.kadence-column43386_db9027-2c > .kt-inside-inner-col{flex-direction:column;justify-content:center;}}<\/style>\n<div class=\"wp-block-kadence-column kadence-column43386_db9027-2c\"><div class=\"kt-inside-inner-col\"><\/div><\/div>\n\n<\/div><\/div>\n\n<style>.kb-row-layout-id43386_d25057-f8 > .kt-row-column-wrap{align-content:start;}:where(.kb-row-layout-id43386_d25057-f8 > .kt-row-column-wrap) > .wp-block-kadence-column{justify-content:start;}.kb-row-layout-id43386_d25057-f8 > .kt-row-column-wrap{column-gap:var(--global-kb-gap-md, 2rem);row-gap:var(--global-kb-gap-md, 2rem);padding-top:var(--global-kb-spacing-sm, 1.5rem);padding-bottom:var(--global-kb-spacing-sm, 1.5rem);}.kb-row-layout-id43386_d25057-f8 > .kt-row-column-wrap > div:not(.added-for-specificity){grid-column:initial;}.kb-row-layout-id43386_d25057-f8 > .kt-row-column-wrap{grid-template-columns:minmax(0, 1fr) minmax(0, 2fr) minmax(0, 1fr);}.kb-row-layout-id43386_d25057-f8 > .kt-row-layout-overlay{opacity:0.30;}@media all and (max-width: 1024px){.kb-row-layout-id43386_d25057-f8 > .kt-row-column-wrap > div:not(.added-for-specificity){grid-column:initial;}}@media all and (max-width: 1024px){.kb-row-layout-id43386_d25057-f8 > .kt-row-column-wrap{grid-template-columns:minmax(0, 1fr) minmax(0, 2fr) minmax(0, 1fr);}}@media all and (max-width: 767px){.kb-row-layout-id43386_d25057-f8 > .kt-row-column-wrap > div:not(.added-for-specificity){grid-column:initial;}.kb-row-layout-id43386_d25057-f8 > .kt-row-column-wrap{grid-template-columns:minmax(0, 1fr);}}<\/style><div class=\"kb-row-layout-wrap kb-row-layout-id43386_d25057-f8 alignnone wp-block-kadence-rowlayout\"><div class=\"kt-row-column-wrap kt-has-3-columns kt-row-layout-center-half kt-tab-layout-inherit kt-mobile-layout-row kt-row-valign-top\">\n<style>.kadence-column43386_128cc9-b6 > .kt-inside-inner-col,.kadence-column43386_128cc9-b6 > .kt-inside-inner-col:before{border-top-left-radius:0px;border-top-right-radius:0px;border-bottom-right-radius:0px;border-bottom-left-radius:0px;}.kadence-column43386_128cc9-b6 > .kt-inside-inner-col{column-gap:var(--global-kb-gap-sm, 1rem);}.kadence-column43386_128cc9-b6 > .kt-inside-inner-col{flex-direction:column;}.kadence-column43386_128cc9-b6 > .kt-inside-inner-col > .aligncenter{width:100%;}.kadence-column43386_128cc9-b6 > .kt-inside-inner-col:before{opacity:0.3;}.kadence-column43386_128cc9-b6{position:relative;}@media all and (max-width: 1024px){.kadence-column43386_128cc9-b6 > .kt-inside-inner-col{flex-direction:column;justify-content:center;}}@media all and (max-width: 767px){.kadence-column43386_128cc9-b6 > .kt-inside-inner-col{flex-direction:column;justify-content:center;}}<\/style>\n<div class=\"wp-block-kadence-column kadence-column43386_128cc9-b6\"><div class=\"kt-inside-inner-col\"><\/div><\/div>\n\n\n<style>.kadence-column43386_bb7617-89 > .kt-inside-inner-col,.kadence-column43386_bb7617-89 > .kt-inside-inner-col:before{border-top-left-radius:0px;border-top-right-radius:0px;border-bottom-right-radius:0px;border-bottom-left-radius:0px;}.kadence-column43386_bb7617-89 > .kt-inside-inner-col{column-gap:var(--global-kb-gap-sm, 1rem);}.kadence-column43386_bb7617-89 > .kt-inside-inner-col{flex-direction:column;}.kadence-column43386_bb7617-89 > .kt-inside-inner-col > .aligncenter{width:100%;}.kadence-column43386_bb7617-89 > .kt-inside-inner-col:before{opacity:0.3;}.kadence-column43386_bb7617-89{position:relative;}@media all and (max-width: 1024px){.kadence-column43386_bb7617-89 > .kt-inside-inner-col{flex-direction:column;justify-content:center;}}@media all and (max-width: 767px){.kadence-column43386_bb7617-89 > .kt-inside-inner-col{flex-direction:column;justify-content:center;}}<\/style>\n<div class=\"wp-block-kadence-column kadence-column43386_bb7617-89\"><div class=\"kt-inside-inner-col\"><div class=\"wpforms-container wpforms-container-full wpforms-block wpforms-block-451e57c8-1001-4f5d-861c-d0b9316fc799\" id=\"wpforms-43389\"><form id=\"wpforms-form-43389\" class=\"wpforms-validate wpforms-form\" data-formid=\"43389\" method=\"post\" enctype=\"multipart\/form-data\" action=\"\/en\/wp-json\/wp\/v2\/pages\/43386\" data-token=\"2a535ac17004cd16fcc9c967e5d21e36\" data-token-time=\"1775409424\" data-trp-original-action=\"\/en\/wp-json\/wp\/v2\/pages\/43386\"><noscript class=\"wpforms-error-noscript\">Please enable JavaScript in your browser to complete this form.<\/noscript><div class=\"wpforms-field-container\"><div id=\"wpforms-43389-field_5-container\" class=\"wpforms-field wpforms-field-text\" data-field-id=\"5\"><label class=\"wpforms-field-label\" for=\"wpforms-43389-field_5\">Name of the company <span class=\"wpforms-required-label\">*<\/span><\/label><input type=\"text\" id=\"wpforms-43389-field_5\" class=\"wpforms-field-medium wpforms-field-required\" name=\"wpforms[fields][5]\" required><\/div><div id=\"wpforms-43389-field_10-container\" class=\"wpforms-field wpforms-field-text\" data-field-id=\"10\"><label class=\"wpforms-field-label\" for=\"wpforms-43389-field_10\">Focus of the company <span class=\"wpforms-required-label\">*<\/span><\/label><input type=\"text\" id=\"wpforms-43389-field_10\" class=\"wpforms-field-medium wpforms-field-required\" name=\"wpforms[fields][10]\" required><\/div><div id=\"wpforms-43389-field_11-container\" class=\"wpforms-field wpforms-field-url\" data-field-id=\"11\"><label class=\"wpforms-field-label\" for=\"wpforms-43389-field_11\">Company website <span class=\"wpforms-required-label\">*<\/span><\/label><input type=\"url\" id=\"wpforms-43389-field_11\" class=\"wpforms-field-medium wpforms-field-required\" name=\"wpforms[fields][11]\" required><\/div><div id=\"wpforms-43389-field_6-container\" class=\"wpforms-field wpforms-field-text\" data-field-id=\"6\"><label class=\"wpforms-field-label\" for=\"wpforms-43389-field_6\">Name of contact person <span class=\"wpforms-required-label\">*<\/span><\/label><input type=\"text\" id=\"wpforms-43389-field_6\" class=\"wpforms-field-medium wpforms-field-required\" name=\"wpforms[fields][6]\" required><\/div><div id=\"wpforms-43389-field_8-container\" class=\"wpforms-field wpforms-field-number\" data-field-id=\"8\"><label class=\"wpforms-field-label\" for=\"wpforms-43389-field_8\">Phone <span class=\"wpforms-required-label\">*<\/span><\/label><input type=\"number\" id=\"wpforms-43389-field_8\" class=\"wpforms-field-medium wpforms-field-required\" name=\"wpforms[fields][8]\" required><\/div><div id=\"wpforms-43389-field_9-container\" class=\"wpforms-field wpforms-field-email\" data-field-id=\"9\"><label class=\"wpforms-field-label\">E-mail <span class=\"wpforms-required-label\">*<\/span><\/label><div class=\"wpforms-field-row wpforms-field-medium\"><div class=\"wpforms-field-row-block wpforms-one-half wpforms-first\"><input type=\"email\" id=\"wpforms-43389-field_9\" class=\"wpforms-field-required wpforms-field-email-primary\" name=\"wpforms[fields][9][primary]\" spellcheck=\"false\" required><label for=\"wpforms-43389-field_9\" class=\"wpforms-field-sublabel after\">E-mail<\/label><\/div><div class=\"wpforms-field-row-block wpforms-one-half\"><input type=\"email\" id=\"wpforms-43389-field_9-secondary\" class=\"wpforms-field-email-secondary wpforms-field-required\" data-rule-confirm=\"#wpforms-43389-field_9\" name=\"wpforms[fields][9][secondary]\" spellcheck=\"false\" required><label for=\"wpforms-43389-field_9-secondary\" class=\"wpforms-field-sublabel after\">Confirm Email<\/label><\/div><\/div><\/div><\/div><!-- .wpforms-field-container --><div class=\"wpforms-field wpforms-field-hp\"><label for=\"wpforms-43389-field-hp\" class=\"wpforms-field-label\">Message<\/label><input type=\"text\" name=\"wpforms[hp]\" id=\"wpforms-43389-field-hp\" class=\"wpforms-field-medium\"><\/div><div class=\"wpforms-recaptcha-container wpforms-is-recaptcha wpforms-is-recaptcha-type-v3\" ><input type=\"hidden\" name=\"wpforms[recaptcha]\" value=\"\"><\/div><div class=\"wpforms-submit-container\" ><input type=\"hidden\" name=\"wpforms[id]\" value=\"43389\"><input type=\"hidden\" name=\"page_title\" value=\"\"><input type=\"hidden\" name=\"page_url\" value=\"https:\/\/brnogp.cz\/en\/wp-json\/wp\/v2\/pages\/43386\"><button type=\"submit\" name=\"wpforms[submit]\" id=\"wpforms-submit-43389\" class=\"wpforms-submit\" data-alt-text=\"Odes\u00edl\u00e1n\u00ed...\" data-submit-text=\"OK\" aria-live=\"assertive\" value=\"wpforms-submit\">OK<\/button><\/div><input type=\"hidden\" name=\"trp-form-language\" value=\"en\"\/><\/form><\/div>  <!-- .wpforms-container --><\/div><\/div>\n\n\n<style>.kadence-column43386_2f9e23-9e > .kt-inside-inner-col,.kadence-column43386_2f9e23-9e > .kt-inside-inner-col:before{border-top-left-radius:0px;border-top-right-radius:0px;border-bottom-right-radius:0px;border-bottom-left-radius:0px;}.kadence-column43386_2f9e23-9e > .kt-inside-inner-col{column-gap:var(--global-kb-gap-sm, 1rem);}.kadence-column43386_2f9e23-9e > .kt-inside-inner-col{flex-direction:column;}.kadence-column43386_2f9e23-9e > .kt-inside-inner-col > .aligncenter{width:100%;}.kadence-column43386_2f9e23-9e > .kt-inside-inner-col:before{opacity:0.3;}.kadence-column43386_2f9e23-9e{position:relative;}@media all and (max-width: 1024px){.kadence-column43386_2f9e23-9e > .kt-inside-inner-col{flex-direction:column;justify-content:center;}}@media all and (max-width: 767px){.kadence-column43386_2f9e23-9e > .kt-inside-inner-col{flex-direction:column;justify-content:center;}}<\/style>\n<div class=\"wp-block-kadence-column kadence-column43386_2f9e23-9e\"><div class=\"kt-inside-inner-col\"><\/div><\/div>\n\n<\/div><\/div>","protected":false},"excerpt":{"rendered":"<p>Exhibitors, commercial companies, partners Dear partners, it is with great pleasure that we offer you a unique opportunity to become part of our upcoming race Brno Grand Prix Revival 2024, which promises not only sporting excitement, but also an excellent platform for exposing your brand and strengthening business ties. We are proud to open doors to new business opportunities and offer a unique\u2026<\/p>","protected":false},"author":3,"featured_media":0,"parent":40601,"menu_order":6,"comment_status":"closed","ping_status":"closed","template":"","meta":{"_kad_blocks_custom_css":"","_kad_blocks_head_custom_js":"","_kad_blocks_body_custom_js":"","_kad_blocks_footer_custom_js":"","_kad_post_transparent":"","_kad_post_title":"","_kad_post_layout":"","_kad_post_sidebar_id":"","_kad_post_content_style":"","_kad_post_vertical_padding":"","_kad_post_feature":"","_kad_post_feature_position":"","_kad_post_header":false,"_kad_post_footer":false,"_kad_post_classname":"","footnotes":""},"class_list":["post-43386","page","type-page","status-publish","hentry"],"aioseo_notices":[],"taxonomy_info":[],"featured_image_src_large":false,"author_info":{"display_name":"Katka Kupkov\u00e1","author_link":"https:\/\/brnogp.cz\/en\/author\/katka\/"},"comment_info":0,"_links":{"self":[{"href":"https:\/\/brnogp.cz\/en\/wp-json\/wp\/v2\/pages\/43386","targetHints":{"allow":["GET"]}}],"collection":[{"href":"https:\/\/brnogp.cz\/en\/wp-json\/wp\/v2\/pages"}],"about":[{"href":"https:\/\/brnogp.cz\/en\/wp-json\/wp\/v2\/types\/page"}],"author":[{"embeddable":true,"href":"https:\/\/brnogp.cz\/en\/wp-json\/wp\/v2\/users\/3"}],"replies":[{"embeddable":true,"href":"https:\/\/brnogp.cz\/en\/wp-json\/wp\/v2\/comments?post=43386"}],"version-history":[{"count":2,"href":"https:\/\/brnogp.cz\/en\/wp-json\/wp\/v2\/pages\/43386\/revisions"}],"predecessor-version":[{"id":47550,"href":"https:\/\/brnogp.cz\/en\/wp-json\/wp\/v2\/pages\/43386\/revisions\/47550"}],"up":[{"embeddable":true,"href":"https:\/\/brnogp.cz\/en\/wp-json\/wp\/v2\/pages\/40601"}],"wp:attachment":[{"href":"https:\/\/brnogp.cz\/en\/wp-json\/wp\/v2\/media?parent=43386"}],"curies":[{"name":"wp","href":"https:\/\/api.w.org\/{rel}","templated":true}]}}