{"id":46260,"date":"2024-06-03T14:43:12","date_gmt":"2024-06-03T12:43:12","guid":{"rendered":"https:\/\/brnogp.cz\/?page_id=46260"},"modified":"2024-06-03T14:45:29","modified_gmt":"2024-06-03T12:45:29","slug":"brno-grand-prix-revival-2024-application-to-participate-company-registration-3","status":"publish","type":"page","link":"https:\/\/brnogp.cz\/en\/brno-revival-2024\/exhibitors-commercial-companies-partners\/brno-grand-prix-revival-2024-application-to-participate-company-registration-3\/","title":{"rendered":"Brno Grand Prix Revival 2024 \u2013 application for participation \u2013 exhibitor registration"},"content":{"rendered":"<style>.kb-row-layout-id46260_1b5a4d-6e > .kt-row-column-wrap{align-content:start;}:where(.kb-row-layout-id46260_1b5a4d-6e > .kt-row-column-wrap) > .wp-block-kadence-column{justify-content:start;}.kb-row-layout-id46260_1b5a4d-6e > .kt-row-column-wrap{column-gap:var(--global-kb-gap-md, 2rem);row-gap:var(--global-kb-gap-md, 2rem);padding-top:var(--global-kb-spacing-sm, 1.5rem);padding-bottom:var(--global-kb-spacing-sm, 1.5rem);grid-template-columns:minmax(0, 1fr);}.kb-row-layout-id46260_1b5a4d-6e > .kt-row-layout-overlay{opacity:0.30;}@media all and (max-width: 1024px){.kb-row-layout-id46260_1b5a4d-6e > .kt-row-column-wrap{grid-template-columns:minmax(0, 1fr);}}@media all and (max-width: 767px){.kb-row-layout-id46260_1b5a4d-6e > .kt-row-column-wrap{grid-template-columns:minmax(0, 1fr);}}<\/style><div class=\"kb-row-layout-wrap kb-row-layout-id46260_1b5a4d-6e alignnone wp-block-kadence-rowlayout\"><div class=\"kt-row-column-wrap kt-has-1-columns kt-row-layout-equal kt-tab-layout-inherit kt-mobile-layout-row kt-row-valign-top\">\n<style>.kadence-column46260_8e9692-88 > .kt-inside-inner-col,.kadence-column46260_8e9692-88 > .kt-inside-inner-col:before{border-top-left-radius:0px;border-top-right-radius:0px;border-bottom-right-radius:0px;border-bottom-left-radius:0px;}.kadence-column46260_8e9692-88 > .kt-inside-inner-col{column-gap:var(--global-kb-gap-sm, 1rem);}.kadence-column46260_8e9692-88 > .kt-inside-inner-col{flex-direction:column;}.kadence-column46260_8e9692-88 > .kt-inside-inner-col > .aligncenter{width:100%;}.kadence-column46260_8e9692-88 > .kt-inside-inner-col:before{opacity:0.3;}.kadence-column46260_8e9692-88{position:relative;}@media all and (max-width: 1024px){.kadence-column46260_8e9692-88 > .kt-inside-inner-col{flex-direction:column;justify-content:center;}}@media all and (max-width: 767px){.kadence-column46260_8e9692-88 > .kt-inside-inner-col{flex-direction:column;justify-content:center;}}<\/style>\n<div class=\"wp-block-kadence-column kadence-column46260_8e9692-88\"><div class=\"kt-inside-inner-col\">\n<h2 class=\"wp-block-heading has-text-align-center\">Brno Grand Prix Revival 2024 \u2013 application for participation \u2013 exhibitor registration<\/h2>\n<\/div><\/div>\n\n<\/div><\/div>\n\n<style>.kb-row-layout-id46260_67cff1-43 > .kt-row-column-wrap{align-content:start;}:where(.kb-row-layout-id46260_67cff1-43 > .kt-row-column-wrap) > .wp-block-kadence-column{justify-content:start;}.kb-row-layout-id46260_67cff1-43 > .kt-row-column-wrap{column-gap:var(--global-kb-gap-md, 2rem);row-gap:var(--global-kb-gap-md, 2rem);padding-top:var(--global-kb-spacing-sm, 1.5rem);padding-bottom:var(--global-kb-spacing-sm, 1.5rem);}.kb-row-layout-id46260_67cff1-43 > .kt-row-column-wrap > div:not(.added-for-specificity){grid-column:initial;}.kb-row-layout-id46260_67cff1-43 > .kt-row-column-wrap{grid-template-columns:minmax(0, 1fr) minmax(0, 2fr) minmax(0, 1fr);}.kb-row-layout-id46260_67cff1-43 > .kt-row-layout-overlay{opacity:0.30;}@media all and (max-width: 1024px){.kb-row-layout-id46260_67cff1-43 > .kt-row-column-wrap > div:not(.added-for-specificity){grid-column:initial;}}@media all and (max-width: 1024px){.kb-row-layout-id46260_67cff1-43 > .kt-row-column-wrap{grid-template-columns:minmax(0, 1fr) minmax(0, 2fr) minmax(0, 1fr);}}@media all and (max-width: 767px){.kb-row-layout-id46260_67cff1-43 > .kt-row-column-wrap > div:not(.added-for-specificity){grid-column:initial;}.kb-row-layout-id46260_67cff1-43 > .kt-row-column-wrap{grid-template-columns:minmax(0, 1fr);}}<\/style><div class=\"kb-row-layout-wrap kb-row-layout-id46260_67cff1-43 alignnone wp-block-kadence-rowlayout\"><div class=\"kt-row-column-wrap kt-has-3-columns kt-row-layout-center-half kt-tab-layout-inherit kt-mobile-layout-row kt-row-valign-top\">\n<style>.kadence-column46260_4300f1-75 > .kt-inside-inner-col,.kadence-column46260_4300f1-75 > .kt-inside-inner-col:before{border-top-left-radius:0px;border-top-right-radius:0px;border-bottom-right-radius:0px;border-bottom-left-radius:0px;}.kadence-column46260_4300f1-75 > .kt-inside-inner-col{column-gap:var(--global-kb-gap-sm, 1rem);}.kadence-column46260_4300f1-75 > .kt-inside-inner-col{flex-direction:column;}.kadence-column46260_4300f1-75 > .kt-inside-inner-col > .aligncenter{width:100%;}.kadence-column46260_4300f1-75 > .kt-inside-inner-col:before{opacity:0.3;}.kadence-column46260_4300f1-75{position:relative;}@media all and (max-width: 1024px){.kadence-column46260_4300f1-75 > .kt-inside-inner-col{flex-direction:column;justify-content:center;}}@media all and (max-width: 767px){.kadence-column46260_4300f1-75 > .kt-inside-inner-col{flex-direction:column;justify-content:center;}}<\/style>\n<div class=\"wp-block-kadence-column kadence-column46260_4300f1-75\"><div class=\"kt-inside-inner-col\"><\/div><\/div>\n\n\n<style>.kadence-column46260_c94ce2-10 > .kt-inside-inner-col,.kadence-column46260_c94ce2-10 > .kt-inside-inner-col:before{border-top-left-radius:0px;border-top-right-radius:0px;border-bottom-right-radius:0px;border-bottom-left-radius:0px;}.kadence-column46260_c94ce2-10 > .kt-inside-inner-col{column-gap:var(--global-kb-gap-sm, 1rem);}.kadence-column46260_c94ce2-10 > .kt-inside-inner-col{flex-direction:column;}.kadence-column46260_c94ce2-10 > .kt-inside-inner-col > .aligncenter{width:100%;}.kadence-column46260_c94ce2-10 > .kt-inside-inner-col:before{opacity:0.3;}.kadence-column46260_c94ce2-10{position:relative;}@media all and (max-width: 1024px){.kadence-column46260_c94ce2-10 > .kt-inside-inner-col{flex-direction:column;justify-content:center;}}@media all and (max-width: 767px){.kadence-column46260_c94ce2-10 > .kt-inside-inner-col{flex-direction:column;justify-content:center;}}<\/style>\n<div class=\"wp-block-kadence-column kadence-column46260_c94ce2-10\"><div class=\"kt-inside-inner-col\"><div class=\"wpforms-container wpforms-container-full wpforms-block wpforms-block-dad85873-58eb-4f5f-bc78-e3efe1aee8bd\" id=\"wpforms-46257\"><form id=\"wpforms-form-46257\" class=\"wpforms-validate wpforms-form\" data-formid=\"46257\" method=\"post\" enctype=\"multipart\/form-data\" action=\"\/en\/wp-json\/wp\/v2\/pages\/46260\" data-token=\"08b4505c5ea4e5190179e7de55ce3a9c\" data-token-time=\"1776504422\" data-trp-original-action=\"\/en\/wp-json\/wp\/v2\/pages\/46260\"><noscript class=\"wpforms-error-noscript\">Please enable JavaScript in your browser to complete this form.<\/noscript><div class=\"wpforms-field-container\"><div id=\"wpforms-46257-field_1-container\" class=\"wpforms-field wpforms-field-text\" data-field-id=\"1\"><label class=\"wpforms-field-label\" for=\"wpforms-46257-field_1\">Company name <span class=\"wpforms-required-label\">*<\/span><\/label><input type=\"text\" id=\"wpforms-46257-field_1\" class=\"wpforms-field-medium wpforms-field-required\" name=\"wpforms[fields][1]\" required><\/div><div id=\"wpforms-46257-field_5-container\" class=\"wpforms-field wpforms-field-text\" data-field-id=\"5\"><label class=\"wpforms-field-label\" for=\"wpforms-46257-field_5\">Street and no <span class=\"wpforms-required-label\">*<\/span><\/label><input type=\"text\" id=\"wpforms-46257-field_5\" class=\"wpforms-field-medium wpforms-field-required\" name=\"wpforms[fields][5]\" required><\/div><div id=\"wpforms-46257-field_6-container\" class=\"wpforms-field wpforms-field-text\" data-field-id=\"6\"><label class=\"wpforms-field-label\" for=\"wpforms-46257-field_6\">City <span class=\"wpforms-required-label\">*<\/span><\/label><input type=\"text\" id=\"wpforms-46257-field_6\" class=\"wpforms-field-medium wpforms-field-required\" name=\"wpforms[fields][6]\" required><\/div><div id=\"wpforms-46257-field_7-container\" class=\"wpforms-field wpforms-field-number\" data-field-id=\"7\"><label class=\"wpforms-field-label\" for=\"wpforms-46257-field_7\">zip code <span class=\"wpforms-required-label\">*<\/span><\/label><input type=\"number\" id=\"wpforms-46257-field_7\" class=\"wpforms-field-medium wpforms-field-required\" name=\"wpforms[fields][7]\" required><\/div><div id=\"wpforms-46257-field_8-container\" class=\"wpforms-field wpforms-field-number\" data-field-id=\"8\"><label class=\"wpforms-field-label\" for=\"wpforms-46257-field_8\">No<\/label><input type=\"number\" id=\"wpforms-46257-field_8\" class=\"wpforms-field-medium\" name=\"wpforms[fields][8]\" ><\/div><div id=\"wpforms-46257-field_9-container\" class=\"wpforms-field wpforms-field-text\" data-field-id=\"9\"><label class=\"wpforms-field-label\" for=\"wpforms-46257-field_9\">TIN<\/label><input type=\"text\" id=\"wpforms-46257-field_9\" class=\"wpforms-field-medium\" name=\"wpforms[fields][9]\" ><\/div><div id=\"wpforms-46257-field_10-container\" class=\"wpforms-field wpforms-field-phone\" data-field-id=\"10\"><label class=\"wpforms-field-label\" for=\"wpforms-46257-field_10\">Phone<\/label><input type=\"tel\" id=\"wpforms-46257-field_10\" class=\"wpforms-field-medium\" data-rule-int-phone-field=\"true\" name=\"wpforms[fields][10]\" aria-label=\"Phone\" ><\/div><div id=\"wpforms-46257-field_13-container\" class=\"wpforms-field wpforms-field-url\" data-field-id=\"13\"><label class=\"wpforms-field-label\" for=\"wpforms-46257-field_13\">Website \/ URL<\/label><input type=\"url\" id=\"wpforms-46257-field_13\" class=\"wpforms-field-medium\" name=\"wpforms[fields][13]\" ><\/div><div id=\"wpforms-46257-field_14-container\" class=\"wpforms-field wpforms-field-text\" data-field-id=\"14\"><label class=\"wpforms-field-label\" for=\"wpforms-46257-field_14\">Contact person - first and last name <span class=\"wpforms-required-label\">*<\/span><\/label><input type=\"text\" id=\"wpforms-46257-field_14\" class=\"wpforms-field-medium wpforms-field-required\" name=\"wpforms[fields][14]\" required><\/div><div id=\"wpforms-46257-field_15-container\" class=\"wpforms-field wpforms-field-phone\" data-field-id=\"15\"><label class=\"wpforms-field-label\" for=\"wpforms-46257-field_15\">Contact person - phone <span class=\"wpforms-required-label\">*<\/span><\/label><input type=\"tel\" id=\"wpforms-46257-field_15\" class=\"wpforms-field-medium wpforms-field-required\" data-rule-int-phone-field=\"true\" name=\"wpforms[fields][15]\" aria-label=\"Contact person - phone\" required><\/div><div id=\"wpforms-46257-field_12-container\" class=\"wpforms-field wpforms-field-email\" data-field-id=\"12\"><label class=\"wpforms-field-label\">Contact person e-mail <span class=\"wpforms-required-label\">*<\/span><\/label><div class=\"wpforms-field-row wpforms-field-medium\"><div class=\"wpforms-field-row-block wpforms-one-half wpforms-first\"><input type=\"email\" id=\"wpforms-46257-field_12\" class=\"wpforms-field-required wpforms-field-email-primary\" name=\"wpforms[fields][12][primary]\" spellcheck=\"false\" required><label for=\"wpforms-46257-field_12\" class=\"wpforms-field-sublabel after\">E-mail<\/label><\/div><div class=\"wpforms-field-row-block wpforms-one-half\"><input type=\"email\" id=\"wpforms-46257-field_12-secondary\" class=\"wpforms-field-email-secondary wpforms-field-required\" data-rule-confirm=\"#wpforms-46257-field_12\" name=\"wpforms[fields][12][secondary]\" spellcheck=\"false\" required><label for=\"wpforms-46257-field_12-secondary\" class=\"wpforms-field-sublabel after\">Confirm Email<\/label><\/div><\/div><\/div><div id=\"wpforms-46257-field_55-container\" class=\"wpforms-field wpforms-field-payment-multiple\" data-field-id=\"55\"><label class=\"wpforms-field-label\">Exhibition place <span class=\"wpforms-required-label\">*<\/span><\/label><ul id=\"wpforms-46257-field_55\" class=\"wpforms-field-required\"><li class=\"choice-9\"><input type=\"radio\" id=\"wpforms-46257-field_55_9\" class=\"wpforms-payment-price\" data-amount=\"0,00\" name=\"wpforms[fields][55]\" value=\"9\" required><label class=\"wpforms-field-label-inline\" for=\"wpforms-46257-field_55_9\">3 x 3 m<\/label><\/li><li class=\"choice-10\"><input type=\"radio\" id=\"wpforms-46257-field_55_10\" class=\"wpforms-payment-price\" data-amount=\"0,00\" name=\"wpforms[fields][55]\" value=\"10\" required><label class=\"wpforms-field-label-inline\" for=\"wpforms-46257-field_55_10\">6 x 3 m<\/label><\/li><li class=\"choice-1\"><input type=\"radio\" id=\"wpforms-46257-field_55_1\" class=\"wpforms-payment-price\" data-amount=\"24.900,00\" name=\"wpforms[fields][55]\" value=\"1\" required><label class=\"wpforms-field-label-inline\" for=\"wpforms-46257-field_55_1\">5 x 5 m<\/label><\/li><li class=\"choice-2\"><input type=\"radio\" id=\"wpforms-46257-field_55_2\" class=\"wpforms-payment-price\" data-amount=\"39.900,00\" name=\"wpforms[fields][55]\" value=\"2\" required><label class=\"wpforms-field-label-inline\" for=\"wpforms-46257-field_55_2\">10 x 5 m<\/label><\/li><li class=\"choice-3\"><input type=\"radio\" id=\"wpforms-46257-field_55_3\" class=\"wpforms-payment-price\" data-amount=\"64.800,00\" name=\"wpforms[fields][55]\" value=\"3\" required><label class=\"wpforms-field-label-inline\" for=\"wpforms-46257-field_55_3\">15 x 5 m<\/label><\/li><li class=\"choice-4\"><input type=\"radio\" id=\"wpforms-46257-field_55_4\" class=\"wpforms-payment-price\" data-amount=\"79.800,00\" name=\"wpforms[fields][55]\" value=\"4\" required><label class=\"wpforms-field-label-inline\" for=\"wpforms-46257-field_55_4\">20 x 5 m<\/label><\/li><li class=\"choice-6\"><input type=\"radio\" id=\"wpforms-46257-field_55_6\" class=\"wpforms-payment-price\" data-amount=\"104.700,00\" name=\"wpforms[fields][55]\" value=\"6\" required><label class=\"wpforms-field-label-inline\" for=\"wpforms-46257-field_55_6\">25 x 5 m<\/label><\/li><li class=\"choice-7\"><input type=\"radio\" id=\"wpforms-46257-field_55_7\" class=\"wpforms-payment-price\" data-amount=\"119.700,00\" name=\"wpforms[fields][55]\" value=\"7\" required><label class=\"wpforms-field-label-inline\" for=\"wpforms-46257-field_55_7\">30 x 5 m<\/label><\/li><li class=\"choice-5\"><input type=\"radio\" id=\"wpforms-46257-field_55_5\" class=\"wpforms-payment-price\" data-amount=\"79.800,00\" name=\"wpforms[fields][55]\" value=\"5\" required><label class=\"wpforms-field-label-inline\" for=\"wpforms-46257-field_55_5\">10 x 10 m<\/label><\/li><li class=\"choice-8\"><input type=\"radio\" id=\"wpforms-46257-field_55_8\" class=\"wpforms-payment-price\" data-amount=\"119.700,00\" name=\"wpforms[fields][55]\" value=\"8\" required><label class=\"wpforms-field-label-inline\" for=\"wpforms-46257-field_55_8\">15 x 10 m<\/label><\/li><\/ul><div class=\"wpforms-field-description\">Please select the area of the desired location. Dimensions are width x depth.<\/div><\/div><div id=\"wpforms-46257-field_67-container\" class=\"wpforms-field wpforms-field-number\" data-field-id=\"67\"><label class=\"wpforms-field-label\" for=\"wpforms-46257-field_67\">Employee ticket - enter the total number of people <span class=\"wpforms-required-label\">*<\/span><\/label><input type=\"number\" id=\"wpforms-46257-field_67\" class=\"wpforms-field-medium wpforms-field-required\" name=\"wpforms[fields][67]\" required><div class=\"wpforms-field-description\">This ticket entitles employees to enter the premises for the entire duration of the event, from installation to dismantling of the stand.<br>\r\nThe ticket is non-transferable. Everyone must have a valid entry, even if they only bring something and will not participate in the event as such.<\/div><\/div><div id=\"wpforms-46257-field_68-container\" class=\"wpforms-field wpforms-field-number\" data-field-id=\"68\"><label class=\"wpforms-field-label\" for=\"wpforms-46257-field_68\">Entry for employees - enter the total number of vehicles that need entry for all days of the event <span class=\"wpforms-required-label\">*<\/span><\/label><input type=\"number\" id=\"wpforms-46257-field_68\" class=\"wpforms-field-medium wpforms-field-required\" name=\"wpforms[fields][68]\" required><div class=\"wpforms-field-description\">The entry sticker entitles employees to enter the premises for the entire duration of the event, from installation to dismantling of the stand. Entry is non-transferable.<\/div><\/div><div id=\"wpforms-46257-field_69-container\" class=\"wpforms-field wpforms-field-number\" data-field-id=\"69\"><label class=\"wpforms-field-label\" for=\"wpforms-46257-field_69\">Entrance for employees ONLY loading and unloading exhibits - enter the total number of vehicles <span class=\"wpforms-required-label\">*<\/span><\/label><input type=\"number\" id=\"wpforms-46257-field_69\" class=\"wpforms-field-medium wpforms-field-required\" name=\"wpforms[fields][69]\" required><div class=\"wpforms-field-description\">The entry sticker entitles employees to enter the premises on Fridays (exhibit entry) and Sunday after 5 pm (exhibit removal). Entry is non-transferable.<\/div><\/div><div id=\"wpforms-46257-field_49-container\" class=\"wpforms-field wpforms-field-textarea\" data-field-id=\"49\"><label class=\"wpforms-field-label\" for=\"wpforms-46257-field_49\">List of exhibits and description of the exposition (vehicles\/goods\/services) <span class=\"wpforms-required-label\">*<\/span><\/label><textarea id=\"wpforms-46257-field_49\" class=\"wpforms-field-medium wpforms-field-required\" name=\"wpforms[fields][49]\" required><\/textarea><\/div><div id=\"wpforms-46257-field_17-container\" class=\"wpforms-field wpforms-field-text\" data-field-id=\"17\"><label class=\"wpforms-field-label\" for=\"wpforms-46257-field_17\">Additional requirements, notes<\/label><input type=\"text\" id=\"wpforms-46257-field_17\" class=\"wpforms-field-medium\" name=\"wpforms[fields][17]\" ><\/div><div id=\"wpforms-46257-field_32-container\" class=\"wpforms-field wpforms-field-radio\" data-field-id=\"32\"><label class=\"wpforms-field-label\">Declaration <span class=\"wpforms-required-label\">*<\/span><\/label><ul id=\"wpforms-46257-field_32\" class=\"wpforms-field-required\"><li class=\"choice-1 depth-1\"><input type=\"radio\" id=\"wpforms-46257-field_32_1\" name=\"wpforms[fields][32]\" value=\"T\u00edmto z\u00e1vazn\u011b objedn\u00e1v\u00e1m \u00fa\u010dast na akci Brno Grand Prix Revival 2024. Z\u00e1rove\u0148 potvrzuji, \u017ee v\u0161echny informace, kter\u00e9 jsem zde uvedl jsou pravdiv\u00e9, a \u017ee souhlas\u00edm s pravidly uveden\u00fdmi v &lt;a href=&quot;https:\/\/brnogp.cz\/brno-revival-2024\/vystavovatele-komercni-firmy-partneri\/obchodni-podminky-pro-vystavovatele-na-akci-brno-grand-prix-revival-2024\/&quot; target=&quot;_blank&quot; rel=&quot;noopener&quot;&gt;Obchodn\u00edch podm\u00ednk\u00e1ch pro vystavovatele&lt;\/a&gt; a &lt;a href=&quot;https:\/\/brnogp.cz\/kontakt\/navstevni-rad-arealu-amd\/&quot; target=&quot;_blank&quot; rel=&quot;noopener&quot;&gt;N\u00e1v\u0161t\u011bvn\u00edm \u0159\u00e1du&lt;\/a&gt;, kter\u00e9 se pro m\u011b st\u00e1vaj\u00ed z\u00e1vazn\u00fdmi.\" required><label class=\"wpforms-field-label-inline\" for=\"wpforms-46257-field_32_1\">I hereby bindingly order participation in the Brno Grand Prix Revival 2024 event. At the same time, I confirm that all the information I have provided here is true and that I agree with the rules stated in <a href=\"https:\/\/brnogp.cz\/en\/brno-revival-2024\/exhibitors-commercial-companies-partners\/business-conditions-for-exhibitors-at-the-brno-grand-prix-revival-2024-event-2\/\" target=\"_blank\" rel=\"noopener\">Business conditions for exhibitors<\/a> and <a href=\"https:\/\/brnogp.cz\/en\/contact\/visiting-council-of-the-area-amd\/\" target=\"_blank\" rel=\"noopener\">Visiting order<\/a>, which become binding on me.<\/label><\/li><\/ul><\/div><\/div><!-- .wpforms-field-container --><div class=\"wpforms-field wpforms-field-hp\"><label for=\"wpforms-46257-field-hp\" class=\"wpforms-field-label\">Comment<\/label><input type=\"text\" name=\"wpforms[hp]\" id=\"wpforms-46257-field-hp\" class=\"wpforms-field-medium\"><\/div><div class=\"wpforms-recaptcha-container wpforms-is-recaptcha wpforms-is-recaptcha-type-v3\" ><input type=\"hidden\" name=\"wpforms[recaptcha]\" value=\"\"><\/div><div class=\"wpforms-submit-container\" ><input type=\"hidden\" name=\"wpforms[id]\" value=\"46257\"><input type=\"hidden\" name=\"page_title\" value=\"\"><input type=\"hidden\" name=\"page_url\" value=\"https:\/\/brnogp.cz\/en\/wp-json\/wp\/v2\/pages\/46260\"><button type=\"submit\" name=\"wpforms[submit]\" id=\"wpforms-submit-46257\" class=\"wpforms-submit\" data-alt-text=\"Odes\u00edl\u00e1m...\" data-submit-text=\"Odeslat\" aria-live=\"assertive\" value=\"wpforms-submit\">Send<\/button><\/div><input type=\"hidden\" name=\"trp-form-language\" value=\"en\"\/><\/form><\/div>  <!-- .wpforms-container --><\/div><\/div>\n\n\n<style>.kadence-column46260_1a5bfa-3b > .kt-inside-inner-col,.kadence-column46260_1a5bfa-3b > .kt-inside-inner-col:before{border-top-left-radius:0px;border-top-right-radius:0px;border-bottom-right-radius:0px;border-bottom-left-radius:0px;}.kadence-column46260_1a5bfa-3b > .kt-inside-inner-col{column-gap:var(--global-kb-gap-sm, 1rem);}.kadence-column46260_1a5bfa-3b > .kt-inside-inner-col{flex-direction:column;}.kadence-column46260_1a5bfa-3b > .kt-inside-inner-col > .aligncenter{width:100%;}.kadence-column46260_1a5bfa-3b > .kt-inside-inner-col:before{opacity:0.3;}.kadence-column46260_1a5bfa-3b{position:relative;}@media all and (max-width: 1024px){.kadence-column46260_1a5bfa-3b > .kt-inside-inner-col{flex-direction:column;justify-content:center;}}@media all and (max-width: 767px){.kadence-column46260_1a5bfa-3b > .kt-inside-inner-col{flex-direction:column;justify-content:center;}}<\/style>\n<div class=\"wp-block-kadence-column kadence-column46260_1a5bfa-3b\"><div class=\"kt-inside-inner-col\"><\/div><\/div>\n\n<\/div><\/div>","protected":false},"excerpt":{"rendered":"<p>Brno Grand Prix Revival 2024 \u2013 application for participation \u2013 exhibitor registration<\/p>","protected":false},"author":3,"featured_media":0,"parent":43386,"menu_order":2,"comment_status":"closed","ping_status":"closed","template":"","meta":{"_kad_blocks_custom_css":"","_kad_blocks_head_custom_js":"","_kad_blocks_body_custom_js":"","_kad_blocks_footer_custom_js":"","_kad_post_transparent":"","_kad_post_title":"","_kad_post_layout":"","_kad_post_sidebar_id":"","_kad_post_content_style":"","_kad_post_vertical_padding":"","_kad_post_feature":"","_kad_post_feature_position":"","_kad_post_header":false,"_kad_post_footer":false,"_kad_post_classname":"","footnotes":""},"class_list":["post-46260","page","type-page","status-publish","hentry"],"aioseo_notices":[],"taxonomy_info":[],"featured_image_src_large":false,"author_info":{"display_name":"Katka Kupkov\u00e1","author_link":"https:\/\/brnogp.cz\/en\/author\/katka\/"},"comment_info":0,"_links":{"self":[{"href":"https:\/\/brnogp.cz\/en\/wp-json\/wp\/v2\/pages\/46260","targetHints":{"allow":["GET"]}}],"collection":[{"href":"https:\/\/brnogp.cz\/en\/wp-json\/wp\/v2\/pages"}],"about":[{"href":"https:\/\/brnogp.cz\/en\/wp-json\/wp\/v2\/types\/page"}],"author":[{"embeddable":true,"href":"https:\/\/brnogp.cz\/en\/wp-json\/wp\/v2\/users\/3"}],"replies":[{"embeddable":true,"href":"https:\/\/brnogp.cz\/en\/wp-json\/wp\/v2\/comments?post=46260"}],"version-history":[{"count":1,"href":"https:\/\/brnogp.cz\/en\/wp-json\/wp\/v2\/pages\/46260\/revisions"}],"predecessor-version":[{"id":46263,"href":"https:\/\/brnogp.cz\/en\/wp-json\/wp\/v2\/pages\/46260\/revisions\/46263"}],"up":[{"embeddable":true,"href":"https:\/\/brnogp.cz\/en\/wp-json\/wp\/v2\/pages\/43386"}],"wp:attachment":[{"href":"https:\/\/brnogp.cz\/en\/wp-json\/wp\/v2\/media?parent=46260"}],"curies":[{"name":"wp","href":"https:\/\/api.w.org\/{rel}","templated":true}]}}