{"id":49714,"date":"2024-07-03T18:25:23","date_gmt":"2024-07-03T16:25:23","guid":{"rendered":"https:\/\/brnogp.cz\/?page_id=49714"},"modified":"2024-07-03T18:25:26","modified_gmt":"2024-07-03T16:25:26","slug":"club","status":"publish","type":"page","link":"https:\/\/brnogp.cz\/en\/brno-revival-2024\/club\/","title":{"rendered":"club"},"content":{"rendered":"<div class=\"wpforms-container wpforms-container-full wpforms-block wpforms-block-ea452ccb-17cc-48fb-95d2-7a1c866add4f\" id=\"wpforms-34564\"><form id=\"wpforms-form-34564\" class=\"wpforms-validate wpforms-form\" data-formid=\"34564\" method=\"post\" enctype=\"multipart\/form-data\" action=\"\/en\/wp-json\/wp\/v2\/pages\/49714\" data-token=\"3934b4621102e5760169f9a66d814773\" data-token-time=\"1776371569\" data-trp-original-action=\"\/en\/wp-json\/wp\/v2\/pages\/49714\"><noscript class=\"wpforms-error-noscript\">Please enable JavaScript in your browser to complete this form.<\/noscript><div class=\"wpforms-field-container\"><div id=\"wpforms-34564-field_42-container\" class=\"wpforms-field wpforms-field-text\" data-field-id=\"42\"><label class=\"wpforms-field-label\" for=\"wpforms-34564-field_42\">Club name <span class=\"wpforms-required-label\">*<\/span><\/label><input type=\"text\" id=\"wpforms-34564-field_42\" class=\"wpforms-field-medium wpforms-field-required\" name=\"wpforms[fields][42]\" required><\/div><div id=\"wpforms-34564-field_14-container\" class=\"wpforms-field wpforms-field-text\" data-field-id=\"14\"><label class=\"wpforms-field-label\" for=\"wpforms-34564-field_14\">Contact person <span class=\"wpforms-required-label\">*<\/span><\/label><input type=\"text\" id=\"wpforms-34564-field_14\" class=\"wpforms-field-medium wpforms-field-required\" name=\"wpforms[fields][14]\" required><\/div><div id=\"wpforms-34564-field_12-container\" class=\"wpforms-field wpforms-field-email\" data-field-id=\"12\"><label class=\"wpforms-field-label\">Contact person - e-mail <span class=\"wpforms-required-label\">*<\/span><\/label><div class=\"wpforms-field-row wpforms-field-medium\"><div class=\"wpforms-field-row-block wpforms-one-half wpforms-first\"><input type=\"email\" id=\"wpforms-34564-field_12\" class=\"wpforms-field-required wpforms-field-email-primary\" name=\"wpforms[fields][12][primary]\" spellcheck=\"false\" required><label for=\"wpforms-34564-field_12\" class=\"wpforms-field-sublabel after\">E-mail<\/label><\/div><div class=\"wpforms-field-row-block wpforms-one-half\"><input type=\"email\" id=\"wpforms-34564-field_12-secondary\" class=\"wpforms-field-email-secondary wpforms-field-required\" data-rule-confirm=\"#wpforms-34564-field_12\" name=\"wpforms[fields][12][secondary]\" spellcheck=\"false\" required><label for=\"wpforms-34564-field_12-secondary\" class=\"wpforms-field-sublabel after\">Confirm Email<\/label><\/div><\/div><div class=\"wpforms-field-description\">The email needs to be properly checked. If you enter the wrong e-mail, you will not receive a registration notification and you will not receive important information about the event!<\/div><\/div><div id=\"wpforms-34564-field_15-container\" class=\"wpforms-field wpforms-field-phone\" data-field-id=\"15\"><label class=\"wpforms-field-label\" for=\"wpforms-34564-field_15\">Contact person - phone <span class=\"wpforms-required-label\">*<\/span><\/label><input type=\"tel\" id=\"wpforms-34564-field_15\" class=\"wpforms-field-medium wpforms-field-required\" data-rule-int-phone-field=\"true\" name=\"wpforms[fields][15]\" aria-label=\"Contact person - phone\" required><\/div><div id=\"wpforms-34564-field_13-container\" class=\"wpforms-field wpforms-field-url\" data-field-id=\"13\"><label class=\"wpforms-field-label\" for=\"wpforms-34564-field_13\">Website \/ URL<\/label><input type=\"url\" id=\"wpforms-34564-field_13\" class=\"wpforms-field-medium\" name=\"wpforms[fields][13]\" ><\/div><div id=\"wpforms-34564-field_45-container\" class=\"wpforms-field wpforms-field-radio wpforms-conditional-trigger\" data-field-id=\"45\"><label class=\"wpforms-field-label\">Our club is focused on: <span class=\"wpforms-required-label\">*<\/span><\/label><ul id=\"wpforms-34564-field_45\" class=\"wpforms-field-required\"><li class=\"choice-1 depth-1\"><input type=\"radio\" id=\"wpforms-34564-field_45_1\" name=\"wpforms[fields][45]\" value=\"auto\" required><label class=\"wpforms-field-label-inline\" for=\"wpforms-34564-field_45_1\">car<\/label><\/li><li class=\"choice-2 depth-1\"><input type=\"radio\" id=\"wpforms-34564-field_45_2\" name=\"wpforms[fields][45]\" value=\"moto\" required><label class=\"wpforms-field-label-inline\" for=\"wpforms-34564-field_45_2\">moto<\/label><\/li><li class=\"choice-3 depth-1\"><input type=\"radio\" id=\"wpforms-34564-field_45_3\" name=\"wpforms[fields][45]\" value=\"auto i moto\" required><label class=\"wpforms-field-label-inline\" for=\"wpforms-34564-field_45_3\">car and motorcycle<\/label><\/li><\/ul><\/div><div id=\"wpforms-34564-field_34-container\" class=\"wpforms-field wpforms-field-text wpforms-conditional-field wpforms-conditional-show\" data-field-id=\"34\" style=\"display:none;\"><label class=\"wpforms-field-label\" for=\"wpforms-34564-field_34\">Estimated number of cars on display <span class=\"wpforms-required-label\">*<\/span><\/label><input type=\"text\" id=\"wpforms-34564-field_34\" class=\"wpforms-field-medium wpforms-field-required\" name=\"wpforms[fields][34]\" required><div class=\"wpforms-field-description\">The minimum is 3 cars<\/div><\/div><div id=\"wpforms-34564-field_35-container\" class=\"wpforms-field wpforms-field-text wpforms-conditional-field wpforms-conditional-show\" data-field-id=\"35\" style=\"display:none;\"><label class=\"wpforms-field-label\" for=\"wpforms-34564-field_35\">Estimated number of motorcycles on display <span class=\"wpforms-required-label\">*<\/span><\/label><input type=\"text\" id=\"wpforms-34564-field_35\" class=\"wpforms-field-medium wpforms-field-required\" name=\"wpforms[fields][35]\" required><div class=\"wpforms-field-description\">The minimum is 6 motorcycles.<\/div><\/div><div id=\"wpforms-34564-field_49-container\" class=\"wpforms-field wpforms-field-text wpforms-conditional-field wpforms-conditional-show\" data-field-id=\"49\" style=\"display:none;\"><label class=\"wpforms-field-label\" for=\"wpforms-34564-field_49\">Estimated number of cars on display <span class=\"wpforms-required-label\">*<\/span><\/label><input type=\"text\" id=\"wpforms-34564-field_49\" class=\"wpforms-field-medium wpforms-field-required\" name=\"wpforms[fields][49]\" required><\/div><div id=\"wpforms-34564-field_37-container\" class=\"wpforms-field wpforms-field-text wpforms-conditional-field wpforms-conditional-show\" data-field-id=\"37\" style=\"display:none;\"><label class=\"wpforms-field-label\" for=\"wpforms-34564-field_37\">Estimated number of motorcycles on display <span class=\"wpforms-required-label\">*<\/span><\/label><input type=\"text\" id=\"wpforms-34564-field_37\" class=\"wpforms-field-medium wpforms-field-required\" name=\"wpforms[fields][37]\" required><div class=\"wpforms-field-description\">The minimum is 3 cars or 6 motorcycles. In the case of a combination, the formula is 1 car = 2 motorcycles (eg 1 car and 4 motorcycles or 2 cars and 2 motorcycles). <\/div><\/div><div id=\"wpforms-34564-field_40-container\" class=\"wpforms-field wpforms-field-payment-single\" data-field-id=\"40\"><label class=\"wpforms-field-label\">Registration fee<\/label><div class=\"wpforms-single-item-price-content\"><div class=\"wpforms-single-item-price wpforms-field-medium wpforms-payment-price\">Price: <span class=\"wpforms-price\">2,990.00 CZK<\/span><\/div><\/div><input type=\"hidden\" id=\"wpforms-34564-field_40\" class=\"wpforms-field-medium wpforms-payment-price\" name=\"wpforms[fields][40]\" value=\"2.990,00 &#075;&#269;\"><\/div><div id=\"wpforms-34564-field_48-container\" class=\"wpforms-field wpforms-field-checkbox\" data-field-id=\"48\"><label class=\"wpforms-field-label\">Agree to the terms and conditions <span class=\"wpforms-required-label\">*<\/span><\/label><ul id=\"wpforms-34564-field_48\" class=\"wpforms-field-required\"><li class=\"choice-1 depth-1\"><input type=\"checkbox\" id=\"wpforms-34564-field_48_1\" name=\"wpforms[fields][48][]\" value=\"Souhlas\u00edm s podm\u00ednkami uveden\u00fdmi &lt;a href=&quot;https:\/\/brnogp.cz\/brno-revival-2024\/kluby\/&quot; target=&quot;_new&quot;&gt;zde&lt;\/a&gt;\" required><label class=\"wpforms-field-label-inline\" for=\"wpforms-34564-field_48_1\">I agree to the terms stated <a href=\"https:\/\/brnogp.cz\/en\/brno-revival-2024\/clubs\/\" target=\"_new\">here<\/a><\/label><\/li><\/ul><\/div><div id=\"wpforms-34564-field_51-container\" class=\"wpforms-field wpforms-field-checkbox\" data-field-id=\"51\"><label class=\"wpforms-field-label\">Agree to terms <span class=\"wpforms-required-label\">*<\/span><\/label><ul id=\"wpforms-34564-field_51\" class=\"wpforms-field-required\"><li class=\"choice-1 depth-1\"><input type=\"checkbox\" id=\"wpforms-34564-field_51_1\" name=\"wpforms[fields][51][]\" value=\"J\u00e1 i m\u016fj doprovod budeme dodr\u017eovat &lt;a href=&quot;https:\/\/brnogp.cz\/brno-revival-2024\/prihlaska\/obchodni-podminky-pro-ucastniky\/&quot; target=&quot;_new&quot;&gt;Obchodn\u00ed podm\u00ednky pro \u00fa\u010dastn\u00edky&lt;\/a&gt; a &lt;a href=&quot;https:\/\/brnogp.cz\/kontakt\/navstevni-rad-arealu-amd\/&quot; target=&quot;_new&quot;&gt;N\u00e1v\u0161t\u011bvn\u00ed \u0159\u00e1d.&lt;\/a&gt;&lt;br&gt;\" required><label class=\"wpforms-field-label-inline\" for=\"wpforms-34564-field_51_1\">I and my entourage will comply <a href=\"https:\/\/brnogp.cz\/en\/brno-revival-2024\/application\/business-conditions-for-participants-2\/\" target=\"_new\">Terms and Conditions for Participants<\/a> and <a href=\"https:\/\/brnogp.cz\/en\/contact\/visiting-council-of-the-area-amd\/\" target=\"_new\">Visiting regulations.<\/a><br><\/label><\/li><\/ul><\/div><div id=\"wpforms-34564-field_47-container\" class=\"wpforms-field wpforms-field-checkbox\" data-field-id=\"47\"><label class=\"wpforms-field-label\">GDPR <span class=\"wpforms-required-label\">*<\/span><\/label><ul id=\"wpforms-34564-field_47\" class=\"wpforms-field-required\"><li class=\"choice-1 depth-1\"><input type=\"checkbox\" id=\"wpforms-34564-field_47_1\" name=\"wpforms[fields][47][]\" value=\"Souhlas\u00edm se &lt;a target=&quot;_new&quot; href=&quot;https:\/\/brnogp.cz\/gdpr\/&quot;&gt;zpracov\u00e1n\u00edm osobn\u00edch \u00fadaj\u016f&lt;\/a&gt;\" required><label class=\"wpforms-field-label-inline\" for=\"wpforms-34564-field_47_1\">I agree <a target=\"_new\" href=\"https:\/\/brnogp.cz\/en\/gdpr\/\">processing of personal data<\/a><\/label><\/li><\/ul><\/div><\/div><!-- .wpforms-field-container --><div class=\"wpforms-field wpforms-field-hp\"><label for=\"wpforms-34564-field-hp\" class=\"wpforms-field-label\">On me<\/label><input type=\"text\" name=\"wpforms[hp]\" id=\"wpforms-34564-field-hp\" class=\"wpforms-field-medium\"><\/div><div class=\"wpforms-recaptcha-container wpforms-is-recaptcha wpforms-is-recaptcha-type-v3\" ><input type=\"hidden\" name=\"wpforms[recaptcha]\" value=\"\"><\/div><div class=\"wpforms-submit-container\" ><input type=\"hidden\" name=\"wpforms[id]\" value=\"34564\"><input type=\"hidden\" name=\"page_title\" value=\"\"><input type=\"hidden\" name=\"page_url\" value=\"https:\/\/brnogp.cz\/en\/wp-json\/wp\/v2\/pages\/49714\"><button type=\"submit\" name=\"wpforms[submit]\" id=\"wpforms-submit-34564\" class=\"wpforms-submit\" data-alt-text=\"Odes\u00edl\u00e1m...\" data-submit-text=\"Odeslat\" aria-live=\"assertive\" value=\"wpforms-submit\">Send<\/button><\/div><input type=\"hidden\" name=\"trp-form-language\" value=\"en\"\/><\/form><\/div>  <!-- .wpforms-container -->","protected":false},"excerpt":{"rendered":"","protected":false},"author":2,"featured_media":0,"parent":40601,"menu_order":0,"comment_status":"closed","ping_status":"closed","template":"","meta":{"_kad_blocks_custom_css":"","_kad_blocks_head_custom_js":"","_kad_blocks_body_custom_js":"","_kad_blocks_footer_custom_js":"","_kad_post_transparent":"","_kad_post_title":"","_kad_post_layout":"","_kad_post_sidebar_id":"","_kad_post_content_style":"","_kad_post_vertical_padding":"","_kad_post_feature":"","_kad_post_feature_position":"","_kad_post_header":false,"_kad_post_footer":false,"_kad_post_classname":"","footnotes":""},"class_list":["post-49714","page","type-page","status-publish","hentry"],"aioseo_notices":[],"taxonomy_info":[],"featured_image_src_large":false,"author_info":{"display_name":"Karel Kupka","author_link":"https:\/\/brnogp.cz\/en\/author\/rucka\/"},"comment_info":0,"_links":{"self":[{"href":"https:\/\/brnogp.cz\/en\/wp-json\/wp\/v2\/pages\/49714","targetHints":{"allow":["GET"]}}],"collection":[{"href":"https:\/\/brnogp.cz\/en\/wp-json\/wp\/v2\/pages"}],"about":[{"href":"https:\/\/brnogp.cz\/en\/wp-json\/wp\/v2\/types\/page"}],"author":[{"embeddable":true,"href":"https:\/\/brnogp.cz\/en\/wp-json\/wp\/v2\/users\/2"}],"replies":[{"embeddable":true,"href":"https:\/\/brnogp.cz\/en\/wp-json\/wp\/v2\/comments?post=49714"}],"version-history":[{"count":1,"href":"https:\/\/brnogp.cz\/en\/wp-json\/wp\/v2\/pages\/49714\/revisions"}],"predecessor-version":[{"id":49715,"href":"https:\/\/brnogp.cz\/en\/wp-json\/wp\/v2\/pages\/49714\/revisions\/49715"}],"up":[{"embeddable":true,"href":"https:\/\/brnogp.cz\/en\/wp-json\/wp\/v2\/pages\/40601"}],"wp:attachment":[{"href":"https:\/\/brnogp.cz\/en\/wp-json\/wp\/v2\/media?parent=49714"}],"curies":[{"name":"wp","href":"https:\/\/api.w.org\/{rel}","templated":true}]}}