{"id":5319,"date":"2018-03-02T17:17:08","date_gmt":"2018-03-02T15:17:08","guid":{"rendered":"http:\/\/brnogp.com\/?page_id=5319"},"modified":"2018-03-02T17:17:08","modified_gmt":"2018-03-02T15:17:08","slug":"participants","status":"publish","type":"page","link":"https:\/\/brnogp.cz\/en\/brno-revival-festival-speed-pavilions-2018\/participants\/","title":{"rendered":"Participants"},"content":{"rendered":"<div id=\"pl-5319\"  class=\"panel-layout\" >\n<div id=\"pg-5319-0\"  class=\"panel-grid panel-no-style\"  data-style=\"{&quot;cell_alignment&quot;:&quot;flex-start&quot;,&quot;vertical_gutter&quot;:&quot;default&quot;,&quot;background_image_position&quot;:&quot;center top&quot;,&quot;background_image_style&quot;:&quot;cover&quot;,&quot;row_separator&quot;:&quot;none&quot;}\" >\n<div id=\"pgc-5319-0-0\"  class=\"panel-grid-cell\"  data-weight=\"0.5\" >\n<div id=\"panel-5319-0-0-0\" class=\"so-panel widget widget_sow-editor panel-first-child panel-last-child\" data-index=\"0\" data-style=\"{&quot;background_image_attachment&quot;:false,&quot;background_display&quot;:&quot;tile&quot;,&quot;kt_animation_duration&quot;:&quot;default&quot;,&quot;kt_animation_delay&quot;:&quot;default&quot;}\" >\n<div class=\"so-widget-sow-editor so-widget-sow-editor-base\">\n<div class=\"siteorigin-widget-tinymce textwidget\">\n<h3 class=\"widget-title\">Information for participants<\/h3>\n<div class=\"siteorigin-widget-tinymce textwidget\">There will be short rides (approx. 13 minutes) on a closed track. There will be no timing and no winners announced. Each participant will drive four races - two on Saturday and two on Sunday. The area will be ready for participants from 12 noon on Friday, June 22. We anticipate the last rides on Sunday, June 24, around 5 p.m. You can sleep in the area until Monday. Riders show a valid driver&#039;s license, no racing licenses are required. Vehicles do not have to have technical licenses. It must be in good technical condition and the owner is responsible for this condition. Each machine must pass a technical inspection. Here his starting number will be pasted. A depot will be prepared for the riders in the free area A.<\/div>\n<div><\/div>\n<div><\/div>\n<\/div>\n<\/div>\n<\/div>\n<\/div>\n<div id=\"pgc-5319-0-1\"  class=\"panel-grid-cell\"  data-weight=\"0.5\" >\n<div id=\"panel-5319-0-1-0\" class=\"so-panel widget widget_kadence_gallery_widget kadence_gallery_widget panel-first-child\" data-index=\"1\" data-style=\"{&quot;background_image_attachment&quot;:false,&quot;background_display&quot;:&quot;tile&quot;,&quot;kt_animation_duration&quot;:&quot;default&quot;,&quot;kt_animation_delay&quot;:&quot;default&quot;}\" >[siteorigin_widget class=\u201dkad_gallery_widget\u201d]<input type=\"hidden\" value=\"{&quot;instance&quot;:{&quot;ids&quot;:&quot;&quot;,&quot;title&quot;:&quot;&quot;,&quot;gallery_type&quot;:&quot;standard&quot;,&quot;gallery_columns&quot;:&quot;3&quot;,&quot;gallery_captions&quot;:&quot;off&quot;,&quot;lightbox_size&quot;:&quot;full&quot;,&quot;gallery_width&quot;:0,&quot;gallery_height&quot;:0,&quot;gallery_speed&quot;:0,&quot;gallery_auto&quot;:&quot;true&quot;,&quot;gallery_thumbs&quot;:&quot;false&quot;,&quot;so_sidebar_emulator_id&quot;:&quot;kadence_gallery_widget-531910001&quot;,&quot;option_name&quot;:&quot;widget_kadence_gallery_widget&quot;},&quot;args&quot;:{&quot;before_widget&quot;:&quot;&lt;div id=\\&quot;panel-5319-0-1-0\\&quot; class=\\&quot;so-panel widget widget_kadence_gallery_widget kadence_gallery_widget panel-first-child\\&quot; data-index=\\&quot;1\\&quot; data-style=\\&quot;{&amp;quot;background_image_attachment&amp;quot;:false,&amp;quot;background_display&amp;quot;:&amp;quot;tile&amp;quot;,&amp;quot;kt_animation_duration&amp;quot;:&amp;quot;default&amp;quot;,&amp;quot;kt_animation_delay&amp;quot;:&amp;quot;default&amp;quot;}\\&quot; &gt;&quot;,&quot;after_widget&quot;:&quot;&lt;\\\/div&gt;&quot;,&quot;before_title&quot;:&quot;&lt;h3 class=\\&quot;widget-title\\&quot;&gt;&quot;,&quot;after_title&quot;:&quot;&lt;\\\/h3&gt;&quot;,&quot;widget_id&quot;:&quot;widget-0-1-0&quot;}}\" \/>[\/siteorigin_widget]<\/div>\n<div id=\"panel-5319-0-1-1\" class=\"so-panel widget widget_sow-button\" data-index=\"2\" data-style=\"{&quot;background_image_attachment&quot;:false,&quot;background_display&quot;:&quot;tile&quot;,&quot;kt_animation_duration&quot;:&quot;default&quot;,&quot;kt_animation_delay&quot;:&quot;default&quot;}\" >[siteorigin_widget class=\u201dSiteOrigin_Widget_Button_Widget\u201d]<input type=\"hidden\" value=\"{&quot;instance&quot;:{&quot;text&quot;:&quot;\\u010casov\\u00fd harmonogram 2018&quot;,&quot;url&quot;:&quot;http:\\\/\\\/brnogp.com\\\/brno-revival-festival-rychlosti-pavilony-2018\\\/casovy-harmonogram-2018\\\/&quot;,&quot;button_icon&quot;:{&quot;icon_selected&quot;:&quot;&quot;,&quot;icon_color&quot;:false,&quot;icon&quot;:0,&quot;icon_placement&quot;:&quot;left&quot;,&quot;so_field_container_state&quot;:&quot;open&quot;},&quot;design&quot;:{&quot;width&quot;:false,&quot;width_unit&quot;:&quot;px&quot;,&quot;align&quot;:&quot;center&quot;,&quot;theme&quot;:&quot;atom&quot;,&quot;button_color&quot;:&quot;#9e0e1e&quot;,&quot;text_color&quot;:&quot;#ffffff&quot;,&quot;hover&quot;:true,&quot;font&quot;:&quot;Helvetica Neue&quot;,&quot;font_size&quot;:&quot;1.3&quot;,&quot;rounding&quot;:&quot;0.25&quot;,&quot;padding&quot;:&quot;1&quot;,&quot;so_field_container_state&quot;:&quot;open&quot;},&quot;attributes&quot;:{&quot;id&quot;:&quot;&quot;,&quot;classes&quot;:&quot;&quot;,&quot;title&quot;:&quot;&quot;,&quot;onclick&quot;:&quot;&quot;,&quot;rel&quot;:&quot;&quot;,&quot;so_field_container_state&quot;:&quot;closed&quot;},&quot;_sow_form_id&quot;:&quot;4030909935aabcbc8cce28129041377&quot;,&quot;_sow_form_timestamp&quot;:&quot;1529400308969&quot;,&quot;new_window&quot;:false,&quot;so_sidebar_emulator_id&quot;:&quot;sow-button-531910002&quot;,&quot;option_name&quot;:&quot;widget_sow-button&quot;},&quot;args&quot;:{&quot;before_widget&quot;:&quot;&lt;div id=\\&quot;panel-5319-0-1-1\\&quot; class=\\&quot;so-panel widget widget_sow-button\\&quot; data-index=\\&quot;2\\&quot; data-style=\\&quot;{&amp;quot;background_image_attachment&amp;quot;:false,&amp;quot;background_display&amp;quot;:&amp;quot;tile&amp;quot;,&amp;quot;kt_animation_duration&amp;quot;:&amp;quot;default&amp;quot;,&amp;quot;kt_animation_delay&amp;quot;:&amp;quot;default&amp;quot;}\\&quot; &gt;&quot;,&quot;after_widget&quot;:&quot;&lt;\\\/div&gt;&quot;,&quot;before_title&quot;:&quot;&lt;h3 class=\\&quot;widget-title\\&quot;&gt;&quot;,&quot;after_title&quot;:&quot;&lt;\\\/h3&gt;&quot;,&quot;widget_id&quot;:&quot;widget-0-1-1&quot;}}\" \/>[\/siteorigin_widget]<\/div>\n<div id=\"panel-5319-0-1-2\" class=\"so-panel widget widget_sow-button\" data-index=\"3\" data-style=\"{&quot;background_image_attachment&quot;:false,&quot;background_display&quot;:&quot;tile&quot;,&quot;kt_animation_duration&quot;:&quot;default&quot;,&quot;kt_animation_delay&quot;:&quot;default&quot;}\" >[siteorigin_widget class=\u201dSiteOrigin_Widget_Button_Widget\u201d]<input type=\"hidden\" value=\"{&quot;instance&quot;:{&quot;text&quot;:&quot;\\u00da\\u010dastn\\u00edci AUTO&quot;,&quot;url&quot;:&quot;post: 6769&quot;,&quot;button_icon&quot;:{&quot;icon_selected&quot;:&quot;&quot;,&quot;icon_color&quot;:false,&quot;icon&quot;:0,&quot;icon_placement&quot;:&quot;left&quot;,&quot;so_field_container_state&quot;:&quot;open&quot;},&quot;design&quot;:{&quot;width&quot;:false,&quot;width_unit&quot;:&quot;px&quot;,&quot;align&quot;:&quot;center&quot;,&quot;theme&quot;:&quot;atom&quot;,&quot;button_color&quot;:&quot;#9e0e1e&quot;,&quot;text_color&quot;:&quot;#ffffff&quot;,&quot;hover&quot;:true,&quot;font&quot;:&quot;Helvetica Neue&quot;,&quot;font_size&quot;:&quot;1.3&quot;,&quot;rounding&quot;:&quot;0.25&quot;,&quot;padding&quot;:&quot;1&quot;,&quot;so_field_container_state&quot;:&quot;open&quot;},&quot;attributes&quot;:{&quot;id&quot;:&quot;&quot;,&quot;classes&quot;:&quot;&quot;,&quot;title&quot;:&quot;&quot;,&quot;onclick&quot;:&quot;&quot;,&quot;rel&quot;:&quot;&quot;,&quot;so_field_container_state&quot;:&quot;closed&quot;},&quot;_sow_form_id&quot;:&quot;17088681555b28f9f597494023552859&quot;,&quot;_sow_form_timestamp&quot;:&quot;1529412179347&quot;,&quot;new_window&quot;:false,&quot;so_sidebar_emulator_id&quot;:&quot;sow-button-531910003&quot;,&quot;option_name&quot;:&quot;widget_sow-button&quot;},&quot;args&quot;:{&quot;before_widget&quot;:&quot;&lt;div id=\\&quot;panel-5319-0-1-2\\&quot; class=\\&quot;so-panel widget widget_sow-button\\&quot; data-index=\\&quot;3\\&quot; data-style=\\&quot;{&amp;quot;background_image_attachment&amp;quot;:false,&amp;quot;background_display&amp;quot;:&amp;quot;tile&amp;quot;,&amp;quot;kt_animation_duration&amp;quot;:&amp;quot;default&amp;quot;,&amp;quot;kt_animation_delay&amp;quot;:&amp;quot;default&amp;quot;}\\&quot; &gt;&quot;,&quot;after_widget&quot;:&quot;&lt;\\\/div&gt;&quot;,&quot;before_title&quot;:&quot;&lt;h3 class=\\&quot;widget-title\\&quot;&gt;&quot;,&quot;after_title&quot;:&quot;&lt;\\\/h3&gt;&quot;,&quot;widget_id&quot;:&quot;widget-0-1-2&quot;}}\" \/>[\/siteorigin_widget]<\/div>\n<div id=\"panel-5319-0-1-3\" class=\"so-panel widget widget_sow-button panel-last-child\" data-index=\"4\" data-style=\"{&quot;background_image_attachment&quot;:false,&quot;background_display&quot;:&quot;tile&quot;,&quot;kt_animation_duration&quot;:&quot;default&quot;,&quot;kt_animation_delay&quot;:&quot;default&quot;}\" >[siteorigin_widget class=\u201dSiteOrigin_Widget_Button_Widget\u201d]<input type=\"hidden\" value=\"{&quot;instance&quot;:{&quot;text&quot;:&quot;\\u00da\\u010dastn\\u00edci MOTO&quot;,&quot;url&quot;:&quot;post: 6998&quot;,&quot;button_icon&quot;:{&quot;icon_selected&quot;:&quot;&quot;,&quot;icon_color&quot;:false,&quot;icon&quot;:0,&quot;icon_placement&quot;:&quot;left&quot;,&quot;so_field_container_state&quot;:&quot;open&quot;},&quot;design&quot;:{&quot;width&quot;:false,&quot;width_unit&quot;:&quot;px&quot;,&quot;align&quot;:&quot;center&quot;,&quot;theme&quot;:&quot;atom&quot;,&quot;button_color&quot;:&quot;#9e0e1e&quot;,&quot;text_color&quot;:&quot;#ffffff&quot;,&quot;hover&quot;:true,&quot;font&quot;:&quot;Helvetica Neue&quot;,&quot;font_size&quot;:&quot;1.3&quot;,&quot;rounding&quot;:&quot;0.25&quot;,&quot;padding&quot;:&quot;1&quot;,&quot;so_field_container_state&quot;:&quot;open&quot;},&quot;attributes&quot;:{&quot;id&quot;:&quot;&quot;,&quot;classes&quot;:&quot;&quot;,&quot;title&quot;:&quot;&quot;,&quot;onclick&quot;:&quot;&quot;,&quot;rel&quot;:&quot;&quot;,&quot;so_field_container_state&quot;:&quot;closed&quot;},&quot;_sow_form_id&quot;:&quot;8062828405b28fa2fdf5d1366738627&quot;,&quot;_sow_form_timestamp&quot;:&quot;1529412166229&quot;,&quot;new_window&quot;:false,&quot;so_sidebar_emulator_id&quot;:&quot;sow-button-531910004&quot;,&quot;option_name&quot;:&quot;widget_sow-button&quot;},&quot;args&quot;:{&quot;before_widget&quot;:&quot;&lt;div id=\\&quot;panel-5319-0-1-3\\&quot; class=\\&quot;so-panel widget widget_sow-button panel-last-child\\&quot; data-index=\\&quot;4\\&quot; data-style=\\&quot;{&amp;quot;background_image_attachment&amp;quot;:false,&amp;quot;background_display&amp;quot;:&amp;quot;tile&amp;quot;,&amp;quot;kt_animation_duration&amp;quot;:&amp;quot;default&amp;quot;,&amp;quot;kt_animation_delay&amp;quot;:&amp;quot;default&amp;quot;}\\&quot; &gt;&quot;,&quot;after_widget&quot;:&quot;&lt;\\\/div&gt;&quot;,&quot;before_title&quot;:&quot;&lt;h3 class=\\&quot;widget-title\\&quot;&gt;&quot;,&quot;after_title&quot;:&quot;&lt;\\\/h3&gt;&quot;,&quot;widget_id&quot;:&quot;widget-0-1-3&quot;}}\" \/>[\/siteorigin_widget]<\/div>\n<\/div>\n<\/div>\n<div id=\"pg-5319-1\"  class=\"panel-grid panel-no-style\"  data-ratio=\"1\"  data-ratio-direction=\"right\" >\n<div id=\"pgc-5319-1-0\"  class=\"panel-grid-cell\"  data-weight=\"1\" >\n<div id=\"panel-5319-1-0-0\" class=\"so-panel widget widget_sow-editor panel-first-child panel-last-child\" data-index=\"5\" data-style=\"{&quot;background_image_attachment&quot;:false,&quot;background_display&quot;:&quot;tile&quot;,&quot;kt_animation_duration&quot;:&quot;default&quot;,&quot;kt_animation_delay&quot;:&quot;default&quot;}\" >\n<div class=\"so-widget-sow-editor so-widget-sow-editor-base\">\n<h3 class=\"widget-title\">Flags for riders<\/h3>\n<div class=\"siteorigin-widget-tinymce textwidget\">\n<h3><span id=\"\u017dlut\u00e1_vlajka\" class=\"mw-headline\">Yellow flag<\/span><\/h3>\n<div class=\"thumb tright\">\n<div class=\"thumbinner\"><a class=\"image\" href=\"https:\/\/commons.wikimedia.org\/wiki\/File:Auto_Racing_Yellow.svg\"><img loading=\"lazy\" decoding=\"async\" class=\"thumbimage\" src=\"https:\/\/upload.wikimedia.org\/wikipedia\/commons\/thumb\/9\/94\/Auto_Racing_Yellow.svg\/50px-Auto_Racing_Yellow.svg.png\" srcset=\"\/\/upload.wikimedia.org\/wikipedia\/commons\/thumb\/9\/94\/Auto_Racing_Yellow.svg\/75px-Auto_Racing_Yellow.svg.png 1.5x, \/\/upload.wikimedia.org\/wikipedia\/commons\/thumb\/9\/94\/Auto_Racing_Yellow.svg\/100px-Auto_Racing_Yellow.svg.png 2x\" alt=\"\" width=\"50\" height=\"38\" data-file-width=\"800\" data-file-height=\"600\" \/><\/a><\/p>\n<div class=\"thumbcaption\">\n<div class=\"magnify\"><\/div>\n<\/div>\n<\/div>\n<\/div>\n<div class=\"thumb tright\">\n<div class=\"thumbinner\">\n<div class=\"thumbcaption\">Attention<\/div>\n<\/div>\n<\/div>\n<p>It signals a danger on the track, it is waved at the post in front of the danger. It prohibits overtaking and riders should slow down. It is also used during the warm-up lap, where it is waved at all stations along the track.<\/p>\n<h3><span id=\"Zelen.C3.A1_vlajka\"><\/span><span id=\"Zelen\u00e1_vlajka\" class=\"mw-headline\">Green flag<\/span><\/h3>\n<div class=\"thumbinner\"><a class=\"image\" href=\"https:\/\/commons.wikimedia.org\/wiki\/File:Auto_Racing_Green.svg\"><img loading=\"lazy\" decoding=\"async\" class=\"thumbimage\" src=\"https:\/\/upload.wikimedia.org\/wikipedia\/commons\/thumb\/3\/32\/Auto_Racing_Green.svg\/50px-Auto_Racing_Green.svg.png\" srcset=\"\/\/upload.wikimedia.org\/wikipedia\/commons\/thumb\/3\/32\/Auto_Racing_Green.svg\/75px-Auto_Racing_Green.svg.png 1.5x, \/\/upload.wikimedia.org\/wikipedia\/commons\/thumb\/3\/32\/Auto_Racing_Green.svg\/100px-Auto_Racing_Green.svg.png 2x\" alt=\"\" width=\"50\" height=\"38\" data-file-width=\"800\" data-file-height=\"600\" \/><\/a><\/p>\n<div class=\"thumbcaption\">\n<div class=\"magnify\"><\/div>\n<\/div>\n<\/div>\n<div class=\"thumb tleft\">\n<div class=\"thumbinner\">\n<div class=\"thumbcaption\">Track free<\/div>\n<\/div>\n<\/div>\n<p>Waving it at a post from which there is no longer any danger cancels the consequences of the yellow flag, which must be displayed before the green flag, however. It is also used at the start to signal to the pit that riders can be allowed onto the track.<\/p>\n<h3><span id=\".C5.BDlut.C3.A1_vlajka_se_svisl.C3.BDmi_.C4.8Derven.C3.BDmi_pruhy\"><\/span><span id=\"\u017dlut\u00e1_vlajka_se_svisl\u00fdmi_\u010derven\u00fdmi_pruhy\" class=\"mw-headline\">Yellow flag with vertical red stripes<\/span><\/h3>\n<div class=\"thumbinner\"><a class=\"image\" href=\"https:\/\/commons.wikimedia.org\/wiki\/File:Auto_Racing_Oil.svg\"><img loading=\"lazy\" decoding=\"async\" class=\"thumbimage\" src=\"https:\/\/upload.wikimedia.org\/wikipedia\/commons\/thumb\/5\/56\/Auto_Racing_Oil.svg\/50px-Auto_Racing_Oil.svg.png\" srcset=\"\/\/upload.wikimedia.org\/wikipedia\/commons\/thumb\/5\/56\/Auto_Racing_Oil.svg\/75px-Auto_Racing_Oil.svg.png 1.5x, \/\/upload.wikimedia.org\/wikipedia\/commons\/thumb\/5\/56\/Auto_Racing_Oil.svg\/100px-Auto_Racing_Oil.svg.png 2x\" alt=\"\" width=\"50\" height=\"38\" data-file-width=\"800\" data-file-height=\"600\" \/><\/a><\/p>\n<div class=\"thumbcaption\">\n<div class=\"magnify\"><\/div>\n<\/div>\n<\/div>\n<div class=\"thumb tright\">\n<div class=\"thumbinner\">\n<div class=\"thumbcaption\">Deteriorated track condition<\/div>\n<\/div>\n<\/div>\n<p>It is posted at a post, followed by poor grip somewhere on the track (oil, puddles, ...). If it starts to rain, this flag is displayed and the marshal points to the sky.<\/p>\n<h3><span id=\".C4.8Cerven.C3.A1_vlajka\"><\/span><span id=\"\u010cerven\u00e1_vlajka\" class=\"mw-headline\">Red flag<\/span><\/h3>\n<div class=\"thumbinner\"><a class=\"image\" href=\"https:\/\/commons.wikimedia.org\/wiki\/File:F1_red_flag.svg\"><img loading=\"lazy\" decoding=\"async\" class=\"thumbimage\" src=\"https:\/\/upload.wikimedia.org\/wikipedia\/commons\/thumb\/8\/81\/F1_red_flag.svg\/50px-F1_red_flag.svg.png\" srcset=\"\/\/upload.wikimedia.org\/wikipedia\/commons\/thumb\/8\/81\/F1_red_flag.svg\/75px-F1_red_flag.svg.png 1.5x, \/\/upload.wikimedia.org\/wikipedia\/commons\/thumb\/8\/81\/F1_red_flag.svg\/100px-F1_red_flag.svg.png 2x\" alt=\"\" width=\"50\" height=\"38\" data-file-width=\"512\" data-file-height=\"384\" \/><\/a><\/p>\n<div class=\"thumbcaption\">\n<div class=\"magnify\"><\/div>\n<\/div>\n<\/div>\n<div class=\"thumb tleft\">\n<div class=\"thumbinner\">\n<div class=\"thumbcaption\">Stopping the race<\/div>\n<\/div>\n<\/div>\n<p>It is posted by the race director and then by the marshals, it means stopping the race. Riders must stop racing immediately and prepare to stop.<\/p>\n<\/div>\n<\/div>\n<\/div>\n<\/div>\n<\/div>\n<\/div>","protected":false},"excerpt":{"rendered":"<p>Information for participants There will be short rides (approx. 13 minutes) on a closed track. There will be no timing and no winners announced. Each participant will drive four races \u2013 two on Saturday and two on Sunday. The area will be ready for participants from 12 noon on Friday, June 22. We anticipate the last rides on Sunday, June 24, around 5 p.m....<\/p>","protected":false},"author":2,"featured_media":0,"parent":5312,"menu_order":8,"comment_status":"closed","ping_status":"closed","template":"","meta":{"_kad_blocks_custom_css":"","_kad_blocks_head_custom_js":"","_kad_blocks_body_custom_js":"","_kad_blocks_footer_custom_js":"","_kad_post_transparent":"","_kad_post_title":"","_kad_post_layout":"","_kad_post_sidebar_id":"","_kad_post_content_style":"","_kad_post_vertical_padding":"","_kad_post_feature":"","_kad_post_feature_position":"","_kad_post_header":false,"_kad_post_footer":false,"_kad_post_classname":"","footnotes":""},"class_list":["post-5319","page","type-page","status-publish","hentry"],"aioseo_notices":[],"taxonomy_info":[],"featured_image_src_large":false,"author_info":{"display_name":"Karel Kupka","author_link":"https:\/\/brnogp.cz\/en\/author\/rucka\/"},"comment_info":0,"_links":{"self":[{"href":"https:\/\/brnogp.cz\/en\/wp-json\/wp\/v2\/pages\/5319","targetHints":{"allow":["GET"]}}],"collection":[{"href":"https:\/\/brnogp.cz\/en\/wp-json\/wp\/v2\/pages"}],"about":[{"href":"https:\/\/brnogp.cz\/en\/wp-json\/wp\/v2\/types\/page"}],"author":[{"embeddable":true,"href":"https:\/\/brnogp.cz\/en\/wp-json\/wp\/v2\/users\/2"}],"replies":[{"embeddable":true,"href":"https:\/\/brnogp.cz\/en\/wp-json\/wp\/v2\/comments?post=5319"}],"version-history":[{"count":0,"href":"https:\/\/brnogp.cz\/en\/wp-json\/wp\/v2\/pages\/5319\/revisions"}],"up":[{"embeddable":true,"href":"https:\/\/brnogp.cz\/en\/wp-json\/wp\/v2\/pages\/5312"}],"wp:attachment":[{"href":"https:\/\/brnogp.cz\/en\/wp-json\/wp\/v2\/media?parent=5319"}],"curies":[{"name":"wp","href":"https:\/\/api.w.org\/{rel}","templated":true}]}}