{"id":535,"date":"2014-06-05T16:04:29","date_gmt":"2014-06-05T14:04:29","guid":{"rendered":"http:\/\/brnogp.com\/?page_id=535"},"modified":"2014-06-05T16:04:29","modified_gmt":"2014-06-05T14:04:29","slug":"motorcycles-on-the-finish-line-2","status":"publish","type":"page","link":"https:\/\/brnogp.cz\/en\/brno-grand-prix-revival-2014-2\/program-2\/destination-drive-2\/motorcycles-on-the-finish-line-2\/","title":{"rendered":"Motorcycles on the finish line"},"content":{"rendered":"<p><!--:cs--><\/p>\n<table class=\"t1\" cellspacing=\"0\" cellpadding=\"0\">\n<tbody>\n<tr>\n<td class=\"td1\" valign=\"middle\">\n<p class=\"p2\">Name<\/p>\n<\/td>\n<td class=\"td1\" valign=\"middle\">\n<p class=\"p2\">Surname<\/p>\n<\/td>\n<td class=\"td1\" valign=\"middle\">\n<p class=\"p2\">Club<\/p>\n<\/td>\n<td class=\"td1\" valign=\"middle\">\n<p class=\"p2\">Vehicle<\/p>\n<\/td>\n<td class=\"td1\" valign=\"middle\">\n<p class=\"p2\">Year of manufacture<\/p>\n<\/td>\n<\/tr>\n<tr>\n<td class=\"td1\" valign=\"bottom\">\n<p class=\"p3\">Vladimir<span class=\"Apple-converted-space\">\u00a0<\/span><\/p>\n<\/td>\n<td class=\"td1\" valign=\"bottom\">\n<p class=\"p3\">Hedgehog<\/p>\n<\/td>\n<td class=\"td1\" valign=\"bottom\">\n<p class=\"p3\">VCC Dvur Kr\u00e1lov\u00e9 nL<\/p>\n<\/td>\n<td class=\"td1\" valign=\"bottom\">\n<p class=\"p3\">Jawa 175 special<\/p>\n<\/td>\n<td class=\"td1\" valign=\"bottom\">\n<p class=\"p2\">1936<\/p>\n<\/td>\n<\/tr>\n<tr>\n<td class=\"td1\" valign=\"bottom\">\n<p class=\"p3\">John<\/p>\n<\/td>\n<td class=\"td1\" valign=\"bottom\">\n<p class=\"p3\">Munzar<\/p>\n<\/td>\n<td class=\"td1\" valign=\"bottom\">\n<p class=\"p4\">\n<\/td>\n<td class=\"td1\" valign=\"bottom\">\n<p class=\"p3\">Jawa 250 mountain<\/p>\n<\/td>\n<td class=\"td1\" valign=\"bottom\">\n<p class=\"p2\">1935<\/p>\n<\/td>\n<\/tr>\n<tr>\n<td class=\"td1\" valign=\"bottom\">\n<p class=\"p3\">Milan<\/p>\n<\/td>\n<td class=\"td1\" valign=\"bottom\">\n<p class=\"p3\">Kejzlar<\/p>\n<\/td>\n<td class=\"td1\" valign=\"bottom\">\n<p class=\"p3\">VCC Dvur Kr\u00e1lov\u00e9 nL<\/p>\n<\/td>\n<td class=\"td1\" valign=\"bottom\">\n<p class=\"p3\">Z\u00fcndapp KS 600W<\/p>\n<\/td>\n<td class=\"td1\" valign=\"bottom\">\n<p class=\"p2\">1940<\/p>\n<\/td>\n<\/tr>\n<tr>\n<td class=\"td1\" valign=\"bottom\">\n<p class=\"p3\">Milan<\/p>\n<\/td>\n<td class=\"td1\" valign=\"bottom\">\n<p class=\"p3\">Vo\u010d\u00edlka Hujer<\/p>\n<\/td>\n<td class=\"td1\" valign=\"bottom\">\n<p class=\"p3\">MMK H. Radou\u0148<\/p>\n<\/td>\n<td class=\"td1\" valign=\"bottom\">\n<p class=\"p3\">Ariel<\/p>\n<\/td>\n<td class=\"td1\" valign=\"bottom\">\n<p class=\"p2\">1931<\/p>\n<\/td>\n<\/tr>\n<tr>\n<td class=\"td1\" valign=\"bottom\">\n<p class=\"p3\">John<\/p>\n<\/td>\n<td class=\"td1\" valign=\"bottom\">\n<p class=\"p3\">Pik<\/p>\n<\/td>\n<td class=\"td1\" valign=\"bottom\">\n<p class=\"p3\">VCC Dvur Kr\u00e1lov\u00e9 nL<\/p>\n<\/td>\n<td class=\"td1\" valign=\"bottom\">\n<p class=\"p3\">DKW 350 NZ<\/p>\n<\/td>\n<td class=\"td1\" valign=\"bottom\">\n<p class=\"p2\">1938<\/p>\n<\/td>\n<\/tr>\n<tr>\n<td class=\"td1\" valign=\"bottom\">\n<p class=\"p3\">Peter<\/p>\n<\/td>\n<td class=\"td1\" valign=\"bottom\">\n<p class=\"p3\">Hey<\/p>\n<\/td>\n<td class=\"td1\" valign=\"bottom\">\n<p class=\"p4\">\n<\/td>\n<td class=\"td1\" valign=\"bottom\">\n<p class=\"p3\">Norton ES2<\/p>\n<\/td>\n<td class=\"td1\" valign=\"bottom\">\n<p class=\"p2\">1961<\/p>\n<\/td>\n<\/tr>\n<tr>\n<td class=\"td1\" valign=\"bottom\">\n<p class=\"p3\">Libor<\/p>\n<\/td>\n<td class=\"td1\" valign=\"bottom\">\n<p class=\"p3\">Bunny<\/p>\n<\/td>\n<td class=\"td1\" valign=\"bottom\">\n<p class=\"p3\">VCC Sturm<\/p>\n<\/td>\n<td class=\"td1\" valign=\"bottom\">\n<p class=\"p3\">DKW 350 SB<\/p>\n<\/td>\n<td class=\"td1\" valign=\"bottom\">\n<p class=\"p2\">1935<\/p>\n<\/td>\n<\/tr>\n<tr>\n<td class=\"td1\" valign=\"bottom\">\n<p class=\"p3\">Renata<\/p>\n<\/td>\n<td class=\"td1\" valign=\"bottom\">\n<p class=\"p3\">Kejzlarova<\/p>\n<\/td>\n<td class=\"td1\" valign=\"bottom\">\n<p class=\"p3\">VCC Dvur Kr\u00e1lov\u00e9 nL<\/p>\n<\/td>\n<td class=\"td1\" valign=\"bottom\">\n<p class=\"p3\">Ariel 350 NG de luxe<\/p>\n<\/td>\n<td class=\"td1\" valign=\"bottom\">\n<p class=\"p2\">1939<\/p>\n<\/td>\n<\/tr>\n<tr>\n<td class=\"td1\" valign=\"bottom\">\n<p class=\"p3\">Wenceslaus<\/p>\n<\/td>\n<td class=\"td1\" valign=\"bottom\">\n<p class=\"p3\">Bullshit<\/p>\n<\/td>\n<td class=\"td1\" valign=\"bottom\">\n<p class=\"p3\">VCC \u010cesk\u00fd Brod<\/p>\n<\/td>\n<td class=\"td1\" valign=\"bottom\">\n<p class=\"p3\">BSA S31<\/p>\n<\/td>\n<td class=\"td1\" valign=\"bottom\">\n<p class=\"p2\">1931<\/p>\n<\/td>\n<\/tr>\n<tr>\n<td class=\"td1\" valign=\"bottom\">\n<p class=\"p3\">Peter<\/p>\n<\/td>\n<td class=\"td1\" valign=\"bottom\">\n<p class=\"p3\">Jandl<\/p>\n<\/td>\n<td class=\"td1\" valign=\"bottom\">\n<p class=\"p4\">\n<\/td>\n<td class=\"td1\" valign=\"bottom\">\n<p class=\"p3\">Triumph Bonneville T140<\/p>\n<\/td>\n<td class=\"td1\" valign=\"bottom\">\n<p class=\"p2\">1980<\/p>\n<\/td>\n<\/tr>\n<tr>\n<td class=\"td1\" valign=\"bottom\">\n<p class=\"p3\">Josef<\/p>\n<\/td>\n<td class=\"td1\" valign=\"bottom\">\n<p class=\"p3\">Smoother<\/p>\n<\/td>\n<td class=\"td1\" valign=\"bottom\">\n<p class=\"p3\">VAC Brno<\/p>\n<\/td>\n<td class=\"td1\" valign=\"bottom\">\n<p class=\"p3\">Dnieper MT-9<\/p>\n<\/td>\n<td class=\"td1\" valign=\"bottom\">\n<p class=\"p2\">1967<\/p>\n<\/td>\n<\/tr>\n<tr>\n<td class=\"td1\" valign=\"bottom\">\n<p class=\"p3\">Daniel<\/p>\n<\/td>\n<td class=\"td1\" valign=\"bottom\">\n<p class=\"p3\">Gasek<\/p>\n<\/td>\n<td class=\"td1\" valign=\"bottom\">\n<p class=\"p4\">\n<\/td>\n<td class=\"td1\" valign=\"bottom\">\n<p class=\"p3\">Honda CB 750 F2 Four<\/p>\n<\/td>\n<td class=\"td1\" valign=\"bottom\">\n<p class=\"p2\">1977<\/p>\n<\/td>\n<\/tr>\n<tr>\n<td class=\"td1\" valign=\"bottom\">\n<p class=\"p3\">Pavel<\/p>\n<\/td>\n<td class=\"td1\" valign=\"bottom\">\n<p class=\"p3\">Grandmother<\/p>\n<\/td>\n<td class=\"td1\" valign=\"bottom\">\n<p class=\"p4\">\n<\/td>\n<td class=\"td1\" valign=\"bottom\">\n<p class=\"p3\">Matchless T4<\/p>\n<\/td>\n<td class=\"td1\" valign=\"bottom\">\n<p class=\"p2\">1938<\/p>\n<\/td>\n<\/tr>\n<tr>\n<td class=\"td1\" valign=\"bottom\">\n<p class=\"p3\">Pavel<\/p>\n<\/td>\n<td class=\"td1\" valign=\"bottom\">\n<p class=\"p3\">Semolina<\/p>\n<\/td>\n<td class=\"td1\" valign=\"bottom\">\n<p class=\"p3\">VAC Brno<\/p>\n<\/td>\n<td class=\"td1\" valign=\"bottom\">\n<p class=\"p3\">JAWA Duplex block<\/p>\n<\/td>\n<td class=\"td1\" valign=\"bottom\">\n<p class=\"p2\">1938<\/p>\n<\/td>\n<\/tr>\n<tr>\n<td class=\"td1\" valign=\"bottom\">\n<p class=\"p3\">Ctobor<\/p>\n<\/td>\n<td class=\"td1\" valign=\"bottom\">\n<p class=\"p3\">Shilhan<\/p>\n<\/td>\n<td class=\"td1\" valign=\"bottom\">\n<p class=\"p3\">VAC Brno<\/p>\n<\/td>\n<td class=\"td1\" valign=\"bottom\">\n<p class=\"p3\">Ariel 600<\/p>\n<\/td>\n<td class=\"td1\" valign=\"bottom\">\n<p class=\"p2\">1938<\/p>\n<\/td>\n<\/tr>\n<tr>\n<td class=\"td1\" valign=\"bottom\">\n<p class=\"p3\">Eugene<\/p>\n<\/td>\n<td class=\"td1\" valign=\"bottom\">\n<p class=\"p3\">Vopelka<\/p>\n<\/td>\n<td class=\"td1\" valign=\"bottom\">\n<p class=\"p3\">SO HELLAS<\/p>\n<\/td>\n<td class=\"td1\" valign=\"bottom\">\n<p class=\"p3\">Z\u00fcndapp KS 600<\/p>\n<\/td>\n<td class=\"td1\" valign=\"bottom\">\n<p class=\"p2\">1938<\/p>\n<\/td>\n<\/tr>\n<tr>\n<td class=\"td1\" valign=\"bottom\">\n<p class=\"p3\">Peter<span class=\"Apple-converted-space\">\u00a0<\/span><\/p>\n<\/td>\n<td class=\"td1\" valign=\"bottom\">\n<p class=\"p3\">Z\u00edtka<\/p>\n<\/td>\n<td class=\"td1\" valign=\"bottom\">\n<p class=\"p3\">SO HELLAS<\/p>\n<\/td>\n<td class=\"td1\" valign=\"bottom\">\n<p class=\"p3\">BMW R60<\/p>\n<\/td>\n<td class=\"td1\" valign=\"bottom\">\n<p class=\"p2\">1956<\/p>\n<\/td>\n<\/tr>\n<tr>\n<td class=\"td1\" valign=\"bottom\">\n<p class=\"p3\">Jaroslav<\/p>\n<\/td>\n<td class=\"td1\" valign=\"bottom\">\n<p class=\"p3\">Gambling<\/p>\n<\/td>\n<td class=\"td1\" valign=\"bottom\">\n<p class=\"p4\">\n<\/td>\n<td class=\"td1\" valign=\"bottom\">\n<p class=\"p3\">Ariel 600VB<\/p>\n<\/td>\n<td class=\"td1\" valign=\"bottom\">\n<p class=\"p2\">1932<\/p>\n<\/td>\n<\/tr>\n<tr>\n<td class=\"td1\" valign=\"bottom\">\n<p class=\"p3\">George<\/p>\n<\/td>\n<td class=\"td1\" valign=\"bottom\">\n<p class=\"p3\">He was smoking<\/p>\n<\/td>\n<td class=\"td1\" valign=\"bottom\">\n<p class=\"p4\">\n<\/td>\n<td class=\"td1\" valign=\"bottom\">\n<p class=\"p3\">JAWA 350<\/p>\n<\/td>\n<td class=\"td1\" valign=\"bottom\">\n<p class=\"p2\">1950<\/p>\n<\/td>\n<\/tr>\n<tr>\n<td class=\"td1\" valign=\"bottom\">\n<p class=\"p3\">Karel<\/p>\n<\/td>\n<td class=\"td1\" valign=\"bottom\">\n<p class=\"p3\">Holman<\/p>\n<\/td>\n<td class=\"td1\" valign=\"bottom\">\n<p class=\"p4\">\n<\/td>\n<td class=\"td1\" valign=\"bottom\">\n<p class=\"p3\">Beneli 500 sidecar, Ducati TT1, Honda RC30, Konig GP 500, Ducati Ex Luchiari<\/p>\n<\/td>\n<td class=\"td1\" valign=\"bottom\">\n<p class=\"p1\">\n<\/td>\n<\/tr>\n<tr>\n<td class=\"td1\" valign=\"bottom\">\n<p class=\"p3\">Line<\/p>\n<\/td>\n<td class=\"td1\" valign=\"bottom\">\n<p class=\"p3\">Freedom<\/p>\n<\/td>\n<td class=\"td1\" valign=\"bottom\">\n<p class=\"p4\">\n<\/td>\n<td class=\"td1\" valign=\"bottom\">\n<p class=\"p3\">BMW R80 GS<\/p>\n<\/td>\n<td class=\"td1\" valign=\"bottom\">\n<p class=\"p2\">1991<\/p>\n<\/td>\n<\/tr>\n<\/tbody>\n<\/table>\n<p>[nggallery id=14]<!--:--><\/p>","protected":false},"excerpt":{"rendered":"<p>Name Surname Club Vehicle Year of manufacture Vladim\u00edr Je\u017eek VCC Dvur Kr\u00e1lov\u00e9 nL Jawa 175 special 1936 Jan Munzar Jawa 250 horsk\u00e1 1935 Milan Kejzlar VCC Dvur Kr\u00e1lov\u00e9 nL Z\u00fcndapp KS 600W 1940 Milan Voc\u00edlka Hujer MMK H. Radou\u0148 Ariel 1931 Jan Pikl VCC Dvur Kr\u00e1lov\u00e9 nL DKW 350 NZ 1938 Petr Hej\u010d Norton ES2 1961\u2026<\/p>","protected":false},"author":2,"featured_media":0,"parent":297,"menu_order":12,"comment_status":"closed","ping_status":"closed","template":"","meta":{"_kad_blocks_custom_css":"","_kad_blocks_head_custom_js":"","_kad_blocks_body_custom_js":"","_kad_blocks_footer_custom_js":"","_kad_post_transparent":"","_kad_post_title":"","_kad_post_layout":"","_kad_post_sidebar_id":"","_kad_post_content_style":"","_kad_post_vertical_padding":"","_kad_post_feature":"","_kad_post_feature_position":"","_kad_post_header":false,"_kad_post_footer":false,"_kad_post_classname":"","footnotes":""},"class_list":["post-535","page","type-page","status-publish","hentry"],"aioseo_notices":[],"taxonomy_info":[],"featured_image_src_large":false,"author_info":{"display_name":"Karel Kupka","author_link":"https:\/\/brnogp.cz\/en\/author\/rucka\/"},"comment_info":0,"_links":{"self":[{"href":"https:\/\/brnogp.cz\/en\/wp-json\/wp\/v2\/pages\/535","targetHints":{"allow":["GET"]}}],"collection":[{"href":"https:\/\/brnogp.cz\/en\/wp-json\/wp\/v2\/pages"}],"about":[{"href":"https:\/\/brnogp.cz\/en\/wp-json\/wp\/v2\/types\/page"}],"author":[{"embeddable":true,"href":"https:\/\/brnogp.cz\/en\/wp-json\/wp\/v2\/users\/2"}],"replies":[{"embeddable":true,"href":"https:\/\/brnogp.cz\/en\/wp-json\/wp\/v2\/comments?post=535"}],"version-history":[{"count":0,"href":"https:\/\/brnogp.cz\/en\/wp-json\/wp\/v2\/pages\/535\/revisions"}],"up":[{"embeddable":true,"href":"https:\/\/brnogp.cz\/en\/wp-json\/wp\/v2\/pages\/297"}],"wp:attachment":[{"href":"https:\/\/brnogp.cz\/en\/wp-json\/wp\/v2\/media?parent=535"}],"curies":[{"name":"wp","href":"https:\/\/api.w.org\/{rel}","templated":true}]}}