{"id":6441,"date":"2018-03-22T17:03:29","date_gmt":"2018-03-22T16:03:29","guid":{"rendered":"http:\/\/brnogp.com\/?page_id=6441"},"modified":"2018-03-22T17:03:29","modified_gmt":"2018-03-22T16:03:29","slug":"protection","status":"publish","type":"page","link":"https:\/\/brnogp.cz\/en\/brno-revival-festival-speed-pavilions-2018\/protection\/","title":{"rendered":"Patronages"},"content":{"rendered":"<p><!--:cs--><\/p>\n<h2>Brno Revival \u2022 festival of speed between the pavilions has the following sponsors for 2018:<\/h2>\n<table style=\"width: 1262px;\">\n<tbody>\n<tr>\n<td style=\"width: 364px; text-align: center;\"><a href=\"https:\/\/www.brno.cz\"><img loading=\"lazy\" decoding=\"async\" class=\"alignnone size-thumbnail wp-image-8721\" src=\"https:\/\/www.brnogp.cz\/wp-content\/uploads\/2018\/07\/brno_znak-300x70.jpg\" alt=\"\" width=\"300\" height=\"70\" \/><\/a><\/td>\n<td style=\"width: 844px;\"><strong>Statutory city of Brno<\/strong><\/p>\n<p><strong>Ing. Petr Vok\u0159\u00e1l<\/strong><br \/>\nmayor of the statutory city of Brno<\/td>\n<td style=\"width: 844px;\"><strong><a href=\"https:\/\/brnogp.cz\/en\/greetings-from-the-mayor-of-the-statutory-city-of-brno\/\">Mayor&#039;s greetings<\/a><\/strong><\/p>\n<p>The event is held under the auspices of the mayor of the statutory city of Brno, Ing. Peter Vok\u0159\u00e1l<\/td>\n<\/tr>\n<tr>\n<td style=\"width: 364px;\"><a href=\"https:\/\/www.kr-jihomoravsky.cz\" target=\"_blank\" rel=\"noopener noreferrer\"><img loading=\"lazy\" decoding=\"async\" class=\"alignnone wp-image-9413 size-thumbnail\" src=\"https:\/\/www.brnogp.cz\/wp-content\/uploads\/2019\/04\/Logotyp_jihomoravsky_kraj_RGB-300x72.jpg\" alt=\"\" width=\"300\" height=\"72\" data-id=\"6444\" \/><\/a><\/td>\n<td style=\"width: 844px;\"><strong>South Moravian region<\/strong><\/p>\n<p><strong>JUDr. Bohumil Simek<\/strong><br \/>\nGovernor of the South Moravian Region<\/td>\n<td style=\"width: 844px;\"><strong><a href=\"https:\/\/brnogp.cz\/en\/greetings-from-the-governor-of-the-south-moravian-region\/\">Governor&#039;s greetings<\/a><\/strong><\/p>\n<p>The action of Mr<span style=\"font-family: inherit; font-size: inherit;\">denied the South Moravian Region<\/span><\/td>\n<\/tr>\n<tr>\n<td style=\"width: 364px;\"><a href=\"https:\/\/www.technicalmuseum.cz\/\" target=\"_blank\" rel=\"noopener noreferrer\"><img loading=\"lazy\" decoding=\"async\" class=\"alignnone size-full wp-image-6443\" src=\"https:\/\/www.brnogp.cz\/wp-content\/uploads\/2018\/03\/Technicke-Muzeum-Brno.jpg\" alt=\"\" width=\"340\" height=\"146\" data-id=\"6443\" \/><\/a><\/td>\n<td style=\"width: 844px;\"><strong>Technical Museum in Brno<\/strong><\/p>\n<p><strong>Ing. Ivo Stepanek<\/strong><br \/>\ndirector of the Technical Museum in Brno<\/td>\n<td style=\"width: 844px;\">\u00a0The event is held in cooperation with the Technical Museum in Brno<\/td>\n<\/tr>\n<tr>\n<td style=\"width: 364px; text-align: center;\"><a href=\"https:\/\/www.dpmb.cz\" target=\"_blank\" rel=\"noopener noreferrer\"><img loading=\"lazy\" decoding=\"async\" class=\"alignnone size-full wp-image-6675\" src=\"https:\/\/www.brnogp.cz\/wp-content\/uploads\/2018\/05\/dpmb_col.png\" alt=\"\" width=\"340\" height=\"119\" \/><\/a><\/td>\n<td style=\"width: 844px;\"><strong>Transport company of the city of Brno, as<\/strong><\/p>\n<p><strong>Official carrier of the event<\/strong><\/td>\n<td style=\"width: 844px;\"><strong>\u00a0<\/strong><\/td>\n<\/tr>\n<tr>\n<td style=\"width: 364px; text-align: center;\"><a href=\"https:\/\/www.bkom.cz\" target=\"_blank\" rel=\"noopener noreferrer\"><img loading=\"lazy\" decoding=\"async\" class=\"alignnone size-full wp-image-6696\" src=\"https:\/\/www.brnogp.cz\/wp-content\/uploads\/2018\/05\/bkom.png\" alt=\"\" width=\"340\" height=\"114\" \/><\/a><\/td>\n<td style=\"width: 844px;\"><strong>Brno communication as<\/strong><\/p>\n<p><strong>Event partner<\/strong><\/td>\n<td style=\"width: 844px;\"><strong>\u00a0<\/strong><\/td>\n<\/tr>\n<tr>\n<td style=\"width: 364px;\"><a href=\"https:\/\/www.fiva.org\/?p=7212\" target=\"_blank\" rel=\"noopener noreferrer\"><img loading=\"lazy\" decoding=\"async\" class=\"alignnone size-full wp-image-6442\" src=\"https:\/\/www.brnogp.cz\/wp-content\/uploads\/2018\/03\/FIVA2018MC.jpg\" alt=\"\" width=\"340\" height=\"340\" data-id=\"6442\" \/><\/a><\/td>\n<td style=\"width: 844px;\"><strong>F\u00e9d\u00e9ration Internationale des V\u00e9hicules Anciens<\/strong><\/p>\n<p><strong>FIVA<\/strong><br \/>\ninternational motorcycle weekend<\/td>\n<td style=\"width: 844px;\"><strong>\u00a0<\/strong><\/td>\n<\/tr>\n<\/tbody>\n<\/table>\n<h2>Brno Revival \u2022 festival of speed between pavilions has the following media partners for 2018:<\/h2>\n<table style=\"width: 771.617px;\">\n<tbody>\n<tr>\n<td style=\"width: 360px; text-align: center;\"><a href=\"https:\/\/www.motorjournal.cz\/\" target=\"_blank\" rel=\"noopener noreferrer\"><img loading=\"lazy\" decoding=\"async\" class=\"alignnone wp-image-6678\" src=\"https:\/\/www.brnogp.cz\/wp-content\/uploads\/2018\/05\/Motor-Journal.png\" alt=\"\" width=\"260\" height=\"207\" \/><\/a><\/td>\n<td style=\"width: 357.617px; text-align: center;\"><strong><a href=\"https:\/\/www.krokodyl.cz\/\" target=\"_blank\" rel=\"noopener noreferrer\"><img loading=\"lazy\" decoding=\"async\" class=\"alignnone size-full wp-image-6683\" src=\"https:\/\/www.brnogp.cz\/wp-content\/uploads\/2018\/05\/RK_B_4.png\" alt=\"\" width=\"340\" height=\"264\" \/><\/a>\u00a0<\/strong><\/td>\n<\/tr>\n<tr>\n<td style=\"width: 360px;\"><a href=\"https:\/\/www.automobilrevue.cz\/\" target=\"_blank\" rel=\"noopener noreferrer\"><img loading=\"lazy\" decoding=\"async\" class=\"alignnone size-full wp-image-6677 aligncenter\" src=\"https:\/\/www.brnogp.cz\/wp-content\/uploads\/2018\/05\/Automobil-logo-e1525786273191.jpg\" alt=\"\" width=\"340\" height=\"95\" \/><\/a><\/td>\n<td style=\"width: 357.617px; text-align: center;\"><a href=\"https:\/\/www.signalradio.cz\/\" target=\"_blank\" rel=\"noopener noreferrer\"><img loading=\"lazy\" decoding=\"async\" class=\"alignnone size-full wp-image-6684\" src=\"https:\/\/www.brnogp.cz\/wp-content\/uploads\/2018\/05\/signal-brno.png\" alt=\"\" width=\"339\" height=\"240\" \/><\/a><\/td>\n<\/tr>\n<tr>\n<td style=\"width: 360px; text-align: center;\"><a href=\"https:\/\/www.tomhyan.cz\" target=\"_blank\" rel=\"noopener noreferrer\"><img loading=\"lazy\" decoding=\"async\" class=\"alignnone size-full wp-image-6679\" src=\"https:\/\/www.brnogp.cz\/wp-content\/uploads\/2018\/05\/THauto.png\" alt=\"\" width=\"338\" height=\"85\" \/><\/a><\/td>\n<td style=\"width: 357.617px;\"><\/td>\n<\/tr>\n<tr>\n<td style=\"width: 360px; text-align: center;\"><a href=\"https:\/\/www.chrom-plameny.cz\/\" target=\"_blank\" rel=\"noopener noreferrer\"><img loading=\"lazy\" decoding=\"async\" class=\"alignnone size-full wp-image-6681\" src=\"https:\/\/www.brnogp.cz\/wp-content\/uploads\/2018\/05\/CHROM.png\" alt=\"\" width=\"340\" height=\"126\" \/><\/a><\/td>\n<td style=\"width: 357.617px;\"><\/td>\n<\/tr>\n<tr>\n<td style=\"width: 360px;\">\u00a0<a href=\"https:\/\/www.motormix.cz\/\" target=\"_blank\" rel=\"noopener noreferrer\"><img loading=\"lazy\" decoding=\"async\" class=\"wp-image-6686 aligncenter\" src=\"https:\/\/www.brnogp.cz\/wp-content\/uploads\/2018\/05\/Motor-MiXcz.jpg\" alt=\"\" width=\"260\" height=\"184\" \/><\/a><\/td>\n<td style=\"width: 357.617px;\"><\/td>\n<\/tr>\n<\/tbody>\n<\/table>\n<p><!--:--><\/p>","protected":false},"excerpt":{"rendered":"<p>Brno Revival \u2022 festival of speed between the pavilions has the following sponsors for 2018: Statutory City of Brno Ing. Petr Vok\u0159\u00e1l Mayor of the Statutory City of Brno Greetings from the Mayor The event is held under the auspices of the Mayor of the Statutory City of Brno Ing. Petr Vok\u0159\u00e1l of the South Moravian Region JUDr. Bohumil \u0160imek Governor of the South Moravian Region Greetings from the Governor The event was supported by the South Moravian Region Technical Museum in Brno Ing. Ivo Stepanek...<\/p>","protected":false},"author":2,"featured_media":0,"parent":5312,"menu_order":0,"comment_status":"closed","ping_status":"closed","template":"","meta":{"_kad_blocks_custom_css":"","_kad_blocks_head_custom_js":"","_kad_blocks_body_custom_js":"","_kad_blocks_footer_custom_js":"","_kad_post_transparent":"","_kad_post_title":"","_kad_post_layout":"","_kad_post_sidebar_id":"","_kad_post_content_style":"","_kad_post_vertical_padding":"","_kad_post_feature":"","_kad_post_feature_position":"","_kad_post_header":false,"_kad_post_footer":false,"_kad_post_classname":"","footnotes":""},"class_list":["post-6441","page","type-page","status-publish","hentry"],"aioseo_notices":[],"taxonomy_info":[],"featured_image_src_large":false,"author_info":{"display_name":"Karel Kupka","author_link":"https:\/\/brnogp.cz\/en\/author\/rucka\/"},"comment_info":0,"_links":{"self":[{"href":"https:\/\/brnogp.cz\/en\/wp-json\/wp\/v2\/pages\/6441","targetHints":{"allow":["GET"]}}],"collection":[{"href":"https:\/\/brnogp.cz\/en\/wp-json\/wp\/v2\/pages"}],"about":[{"href":"https:\/\/brnogp.cz\/en\/wp-json\/wp\/v2\/types\/page"}],"author":[{"embeddable":true,"href":"https:\/\/brnogp.cz\/en\/wp-json\/wp\/v2\/users\/2"}],"replies":[{"embeddable":true,"href":"https:\/\/brnogp.cz\/en\/wp-json\/wp\/v2\/comments?post=6441"}],"version-history":[{"count":0,"href":"https:\/\/brnogp.cz\/en\/wp-json\/wp\/v2\/pages\/6441\/revisions"}],"up":[{"embeddable":true,"href":"https:\/\/brnogp.cz\/en\/wp-json\/wp\/v2\/pages\/5312"}],"wp:attachment":[{"href":"https:\/\/brnogp.cz\/en\/wp-json\/wp\/v2\/media?parent=6441"}],"curies":[{"name":"wp","href":"https:\/\/api.w.org\/{rel}","templated":true}]}}