{"id":835,"date":"2014-07-02T15:57:43","date_gmt":"2014-07-02T14:57:43","guid":{"rendered":"http:\/\/brnogp.com\/?page_id=835"},"modified":"2023-12-30T13:28:22","modified_gmt":"2023-12-30T12:28:22","slug":"cams","status":"publish","type":"page","link":"https:\/\/brnogp.cz\/en\/contact\/cams\/","title":{"rendered":"\u010cAMS"},"content":{"rendered":"<h1 class=\"wp-block-heading has-text-align-center\">Czechoslovak Automobile Club for Moravia and Silesia<\/h1>\n\n\n<style>.kb-row-layout-id835_c128f9-74 > .kt-row-column-wrap{align-content:start;}:where(.kb-row-layout-id835_c128f9-74 > .kt-row-column-wrap) > .wp-block-kadence-column{justify-content:start;}.kb-row-layout-id835_c128f9-74 > .kt-row-column-wrap{column-gap:var(--global-kb-gap-md, 2rem);row-gap:var(--global-kb-gap-md, 2rem);max-width:var( --global-content-width, 1290px );padding-left:var(--global-content-edge-padding);padding-right:var(--global-content-edge-padding);padding-top:var(--global-kb-spacing-sm, 1.5rem);padding-bottom:var(--global-kb-spacing-sm, 1.5rem);grid-template-columns:repeat(2, minmax(0, 1fr));}.kb-row-layout-id835_c128f9-74 > .kt-row-layout-overlay{opacity:0.30;}@media all and (max-width: 1024px){.kb-row-layout-id835_c128f9-74 > .kt-row-column-wrap{grid-template-columns:repeat(2, minmax(0, 1fr));}}@media all and (max-width: 767px){.kb-row-layout-id835_c128f9-74 > .kt-row-column-wrap{grid-template-columns:minmax(0, 1fr);}}<\/style><div class=\"kb-row-layout-wrap kb-row-layout-id835_c128f9-74 alignnone wp-block-kadence-rowlayout\"><div class=\"kt-row-column-wrap kt-has-2-columns kt-row-layout-equal kt-tab-layout-inherit kt-mobile-layout-row kt-row-valign-top kb-theme-content-width\">\n<style>.kadence-column835_eb82ee-04 > .kt-inside-inner-col,.kadence-column835_eb82ee-04 > .kt-inside-inner-col:before{border-top-left-radius:0px;border-top-right-radius:0px;border-bottom-right-radius:0px;border-bottom-left-radius:0px;}.kadence-column835_eb82ee-04 > .kt-inside-inner-col{column-gap:var(--global-kb-gap-sm, 1rem);}.kadence-column835_eb82ee-04 > .kt-inside-inner-col{flex-direction:column;}.kadence-column835_eb82ee-04 > .kt-inside-inner-col > .aligncenter{width:100%;}.kadence-column835_eb82ee-04 > .kt-inside-inner-col:before{opacity:0.3;}.kadence-column835_eb82ee-04{position:relative;}@media all and (max-width: 1024px){.kadence-column835_eb82ee-04 > .kt-inside-inner-col{flex-direction:column;justify-content:center;}}@media all and (max-width: 767px){.kadence-column835_eb82ee-04 > .kt-inside-inner-col{flex-direction:column;justify-content:center;}}<\/style>\n<div class=\"wp-block-kadence-column kadence-column835_eb82ee-04\"><div class=\"kt-inside-inner-col\"><style>.kb-image835_a80291-a7.kb-image-is-ratio-size, .kb-image835_a80291-a7 .kb-image-is-ratio-size{max-width:350px;width:100%;}.wp-block-kadence-column > .kt-inside-inner-col > .kb-image835_a80291-a7.kb-image-is-ratio-size, .wp-block-kadence-column > .kt-inside-inner-col > .kb-image835_a80291-a7 .kb-image-is-ratio-size{align-self:unset;}.kb-image835_a80291-a7 figure{max-width:350px;}.kb-image835_a80291-a7 .image-is-svg, .kb-image835_a80291-a7 .image-is-svg img{width:100%;}.kb-image835_a80291-a7 .kb-image-has-overlay:after{opacity:0.3;}<\/style>\n<div class=\"wp-block-kadence-image kb-image835_a80291-a7\"><figure class=\"aligncenter size-full\"><img loading=\"lazy\" decoding=\"async\" width=\"500\" height=\"431\" src=\"https:\/\/brnogp.cz\/wp-content\/uploads\/2023\/02\/cams_volant_color-500.gif\" alt=\"\" class=\"kb-img wp-image-36543\"\/><\/figure><\/div>\n\n\n\n<div id=\"pl-835\" class=\"panel-layout\">\n<div id=\"pg-835-0\" class=\"panel-grid panel-no-style\" data-style=\"{&quot;cell_alignment&quot;:&quot;flex-start&quot;,&quot;vertical_gutter&quot;:&quot;default&quot;,&quot;background_image_position&quot;:&quot;center top&quot;,&quot;background_image_style&quot;:&quot;cover&quot;,&quot;row_separator&quot;:&quot;none&quot;}\" data-ratio=\"1\" data-ratio-direction=\"right\">\n<div id=\"pgc-835-0-0\" class=\"panel-grid-cell\" data-weight=\"0.5\">\n<div id=\"panel-835-0-0-0\" class=\"so-panel widget widget_sow-editor panel-first-child panel-last-child\" data-index=\"0\" data-style=\"{&quot;background_image_attachment&quot;:false,&quot;background_display&quot;:&quot;tile&quot;,&quot;kt_animation_duration&quot;:&quot;default&quot;,&quot;kt_animation_delay&quot;:&quot;default&quot;}\">\n<div class=\"so-widget-sow-editor so-widget-sow-editor-base\">\n<div class=\"siteorigin-widget-tinymce textwidget\">\n<p>To be established <b>of the Czechoslovak Automobile Club for Moravia and Silesia<\/b> (abbreviation \u010cAMS) took place on February 4, 1923, and Tom\u00e1\u0161 Ba\u0165a became its first chairman. In 1924 the club completed its baptism of fire when it held two very successful events. Long before that, it was considered that a car race could be organized in the immediate vicinity of Brno, but, as the fashion of the time demanded, uphill. A suitable route was searched for a long time until they finally chose the district road from Kr. Pole to Sob\u011b\u0161ice, which was also chosen as the official track for the 1st international race <a href=\"https:\/\/www.veteranbrno.cz\/brno-sobesice\/\" target=\"_blank\" rel=\"noopener\"><strong>Brno\u2013Sob\u011b\u0161ice<\/strong><\/a>. Through diligent campaigning, it was possible to gather 54 competitors at the start and also arouse the interest of the audience. Six years of racing have earned a good name at home and abroad.<\/p>\n<p>The year 1930 was marked by preparations for the premiere <strong>Masaryk circuit<\/strong>. From the former miserable roads, where it was scary to drive, day by day a wonderful circuit, the likes of which were few in Europe, grew up. The elite of racing from here and abroad gathered at the start, from which von Morgen on the Bugatti won the day. The attendance at the premiere of the Masaryk Circuit was enormous, and the race itself had a great response abroad and immediately secured its continuation for the coming years.<\/p>\n<p>The Czechoslovak Automobile Club for Moravia and Silesia organized a large number of sports and social events. For example, a race on the Prad\u011bd circuit, Automobile Days in L\u00e1zn\u011b Luha\u010dov, Auto-moto tournaments throughout Moravia, various exhibitions and competitions.<\/p>\n<p>\u010cAMS was revived again in 2014 on the occasion of the Brno Grand Prix Revival at the Masaryk circuit. Since then, he has been actively working to revive the traditions of the First Republic club, organizing events and exhibitions for owners of historic vehicles.<\/p>\n<\/div>\n<\/div>\n<\/div>\n<\/div>\n<\/div>\n<\/div>\n<\/div><\/div>\n\n\n<style>.kadence-column835_1eae89-11 > .kt-inside-inner-col,.kadence-column835_1eae89-11 > .kt-inside-inner-col:before{border-top-left-radius:0px;border-top-right-radius:0px;border-bottom-right-radius:0px;border-bottom-left-radius:0px;}.kadence-column835_1eae89-11 > .kt-inside-inner-col{column-gap:var(--global-kb-gap-sm, 1rem);}.kadence-column835_1eae89-11 > .kt-inside-inner-col{flex-direction:column;}.kadence-column835_1eae89-11 > .kt-inside-inner-col > .aligncenter{width:100%;}.kadence-column835_1eae89-11 > .kt-inside-inner-col:before{opacity:0.3;}.kadence-column835_1eae89-11{position:relative;}@media all and (max-width: 1024px){.kadence-column835_1eae89-11 > .kt-inside-inner-col{flex-direction:column;justify-content:center;}}@media all and (max-width: 767px){.kadence-column835_1eae89-11 > .kt-inside-inner-col{flex-direction:column;justify-content:center;}}<\/style>\n<div class=\"wp-block-kadence-column kadence-column835_1eae89-11\"><div class=\"kt-inside-inner-col\"><style>.kb-image835_074c09-dc .kb-image-has-overlay:after{opacity:0.3;}<\/style>\n<div class=\"wp-block-kadence-image kb-image835_074c09-dc\"><figure class=\"aligncenter size-large\"><img loading=\"lazy\" decoding=\"async\" width=\"620\" height=\"1024\" src=\"https:\/\/brnogp.cz\/wp-content\/uploads\/2023\/02\/1924-620x1024.jpg\" alt=\"\" class=\"kb-img wp-image-36581\" srcset=\"https:\/\/brnogp.cz\/wp-content\/uploads\/2023\/02\/1924-620x1024.jpg 620w, https:\/\/brnogp.cz\/wp-content\/uploads\/2023\/02\/1924-182x300.jpg 182w, https:\/\/brnogp.cz\/wp-content\/uploads\/2023\/02\/1924.jpg 727w\" sizes=\"auto, (max-width: 620px) 100vw, 620px\" \/><figcaption>Exhibitions and races have always gone hand in hand in Brno. The first race up the Brno\u2013Sob\u011b\u0161ice hill was organized on the same date as the first International Automobile Exhibition at the Stadion Exhibition Center on Kounicov\u00e1 Street (May 3\u20137, 1924). The race to the top (1924\u20131929) was followed by the Masaryk Circuit from 1930. It was an important international enterprise, which in its level and reach surpassed everything else that had been run in our country up to that time. All these events were organized by the Czechoslovak Automobile Club for Moravia and Silesia.<\/figcaption><\/figure><\/div>\n<\/div><\/div>\n\n<\/div><\/div>\n\n<style>.kb-row-layout-id835_751340-e9 > .kt-row-column-wrap{align-content:start;}:where(.kb-row-layout-id835_751340-e9 > .kt-row-column-wrap) > .wp-block-kadence-column{justify-content:start;}.kb-row-layout-id835_751340-e9 > .kt-row-column-wrap{column-gap:var(--global-kb-gap-md, 2rem);row-gap:var(--global-kb-gap-md, 2rem);max-width:var( --global-content-width, 1290px );padding-left:var(--global-content-edge-padding);padding-right:var(--global-content-edge-padding);padding-top:var(--global-kb-spacing-sm, 1.5rem);padding-bottom:var(--global-kb-spacing-sm, 1.5rem);grid-template-columns:minmax(0, 1fr);}.kb-row-layout-id835_751340-e9 > .kt-row-layout-overlay{opacity:0.30;}@media all and (max-width: 1024px){.kb-row-layout-id835_751340-e9 > .kt-row-column-wrap{grid-template-columns:minmax(0, 1fr);}}@media all and (max-width: 767px){.kb-row-layout-id835_751340-e9 > .kt-row-column-wrap{grid-template-columns:minmax(0, 1fr);}}<\/style><div class=\"kb-row-layout-wrap kb-row-layout-id835_751340-e9 alignnone wp-block-kadence-rowlayout\"><div class=\"kt-row-column-wrap kt-has-1-columns kt-row-layout-equal kt-tab-layout-inherit kt-mobile-layout-row kt-row-valign-top kb-theme-content-width\">\n<style>.kadence-column835_dda65f-cc > .kt-inside-inner-col,.kadence-column835_dda65f-cc > .kt-inside-inner-col:before{border-top-left-radius:0px;border-top-right-radius:0px;border-bottom-right-radius:0px;border-bottom-left-radius:0px;}.kadence-column835_dda65f-cc > .kt-inside-inner-col{column-gap:var(--global-kb-gap-sm, 1rem);}.kadence-column835_dda65f-cc > .kt-inside-inner-col{flex-direction:column;}.kadence-column835_dda65f-cc > .kt-inside-inner-col > .aligncenter{width:100%;}.kadence-column835_dda65f-cc > .kt-inside-inner-col:before{opacity:0.3;}.kadence-column835_dda65f-cc{position:relative;}@media all and (max-width: 1024px){.kadence-column835_dda65f-cc > .kt-inside-inner-col{flex-direction:column;justify-content:center;}}@media all and (max-width: 767px){.kadence-column835_dda65f-cc > .kt-inside-inner-col{flex-direction:column;justify-content:center;}}<\/style>\n<div class=\"wp-block-kadence-column kadence-column835_dda65f-cc\"><div class=\"kt-inside-inner-col\"><style>.kb-image835_7c43a6-fa .kb-image-has-overlay:after{opacity:0.3;}<\/style>\n<div class=\"wp-block-kadence-image kb-image835_7c43a6-fa\"><figure class=\"aligncenter size-large\"><img loading=\"lazy\" decoding=\"async\" width=\"1024\" height=\"727\" src=\"https:\/\/brnogp.cz\/wp-content\/uploads\/2023\/02\/junkova-1024x727.jpg\" alt=\"\" class=\"kb-img wp-image-32\" srcset=\"https:\/\/brnogp.cz\/wp-content\/uploads\/2023\/02\/junkova-1024x727.jpg 1024w, https:\/\/brnogp.cz\/wp-content\/uploads\/2023\/02\/junkova-300x213.jpg 300w, https:\/\/brnogp.cz\/wp-content\/uploads\/2023\/02\/junkova-768x545.jpg 768w, https:\/\/brnogp.cz\/wp-content\/uploads\/2023\/02\/junkova.jpg 1200w\" sizes=\"auto, (max-width: 1024px) 100vw, 1024px\" \/><figcaption>Eli\u0161ka Junkov\u00e1 on a Bugatti became the hero of the day when she won Brno\u2013Sob\u011b\u0161ice in 1926 with the absolute fastest car time of 2:29:6<\/figcaption><\/figure><\/div>\n\n\n<style>.kadence-video-popup835_9f2134-8c .kadence-video-popup-wrap{border-top-color:rgba(255,255,255,0.8);border-top-style:solid;border-right-color:rgba(255,255,255,0.8);border-right-style:solid;border-bottom-color:rgba(255,255,255,0.8);border-bottom-style:solid;border-left-color:rgba(255,255,255,0.8);border-left-style:solid;}.kadence-video-popup835_9f2134-8c .kadence-video-popup-wrap .kt-video-svg-icon{color:#ffffff;}.kadence-video-popup835_9f2134-8c .kadence-video-popup-wrap .kt-video-svg-icon > svg{stroke-width:2;}.kadence-video-popup835_9f2134-8c .kadence-video-popup-wrap .kadence-video-overlay{opacity:0.3;;mix-blend-mode:none;;background:#000000;;}.kadence-video-popup835_9f2134-8c .kadence-video-popup-wrap:hover .kadence-video-overlay{opacity:0.5;;}.glightbox-kadence-dark.kadence-popup-835_9f2134-8c .goverlay{background:#000000;opacity:0.8;}.glightbox-container.kadence-popup-835_9f2134-8c .gclose path, .glightbox-container.kadence-popup-835_9f2134-8c .gnext path, .glightbox-container.kadence-popup-835_9f2134-8c .gprev path{fill:#ffffff;}.glightbox-container.kadence-popup-835_9f2134-8c .gslide-video, .glightbox-container.kadence-popup-835_9f2134-8c .gvideo-local{max-width:900px !important;}@media all and (max-width: 1024px){.kadence-video-popup835_9f2134-8c .kadence-video-popup-wrap{border-top-color:rgba(255,255,255,0.8);border-top-style:solid;border-right-color:rgba(255,255,255,0.8);border-right-style:solid;border-bottom-color:rgba(255,255,255,0.8);border-bottom-style:solid;border-left-color:rgba(255,255,255,0.8);border-left-style:solid;}}@media all and (max-width: 767px){.kadence-video-popup835_9f2134-8c .kadence-video-popup-wrap{border-top-color:rgba(255,255,255,0.8);border-top-style:solid;border-right-color:rgba(255,255,255,0.8);border-right-style:solid;border-bottom-color:rgba(255,255,255,0.8);border-bottom-style:solid;border-left-color:rgba(255,255,255,0.8);border-left-style:solid;}}<\/style>\n<div class=\"wp-block-kadence-videopopup kadence-video-popup835_9f2134-8c\"><div class=\"kadence-video-popup-wrap kadence-video-noshadow\"><div class=\"kadence-video-intrinsic\"><img loading=\"lazy\" decoding=\"async\" src=\"https:\/\/brnogp.cz\/wp-content\/uploads\/2023\/12\/1934-masarykuv-okruh-nuvolari.jpg\" alt=\"\" width=\"1280\" height=\"720\" class=\"kadence-video-poster wp-image-39414\" srcset=\"https:\/\/brnogp.cz\/wp-content\/uploads\/2023\/12\/1934-masarykuv-okruh-nuvolari.jpg 1280w, https:\/\/brnogp.cz\/wp-content\/uploads\/2023\/12\/1934-masarykuv-okruh-nuvolari-300x169.jpg 300w, https:\/\/brnogp.cz\/wp-content\/uploads\/2023\/12\/1934-masarykuv-okruh-nuvolari-1024x576.jpg 1024w, https:\/\/brnogp.cz\/wp-content\/uploads\/2023\/12\/1934-masarykuv-okruh-nuvolari-768x432.jpg 768w\" sizes=\"auto, (max-width: 1280px) 100vw, 1280px\" \/><div class=\"kadence-video-overlay\"><\/div><button class=\"kadence-video-popup-link kadence-video-type-local\" data-popup-class=\"kadence-popup-835_9f2134-8c\" data-effect=\"none\" data-popup-id=\"kadence-local-video-835_9f2134-8c\" data-popup-auto=\"true\" data-youtube-cookies=\"true\"><span class=\"kb-svg-icon-wrap kb-svg-icon-fas_play kt-video-svg-icon kt-video-svg-icon-style-default kt-video-svg-icon-fas play kt-video-play-animation-none kt-video-svg-icon-size-auto\"><svg viewbox=\"0 0 448 512\"  fill=\"currentColor\" xmlns=\"http:\/\/www.w3.org\/2000\/svg\"  role=\"img\"><title>Play<\/title><path d=\"M424.4 214.7L72.4 6.6C43.8-10.3 0 6.1 0 47.9V464c0 37.5 40.7 60.1 72.4 41.3l352-208c31.4-18.5 31.5-64.1 0-82.6z\"\/><\/svg><\/span><\/button><\/div><\/div><div id=\"kadence-local-video-835_9f2134-8c\" class=\"mfp-hide mfp-with-anim kadence-local-video-popup-wrap\"><video class=\"kadence-local-video-popup\" controls preload=\"metadata\" src=\"https:\/\/brnogp.cz\/wp-content\/uploads\/2023\/12\/masarykuv-okruh.mp4\"><\/video><\/div><\/div>\n\n\n\n<hr class=\"wp-block-separator has-alpha-channel-opacity\"\/>\n<\/div><\/div>\n\n<\/div><\/div>\n\n<style>.kb-image835_1221b8-e2 .kb-image-has-overlay:after{opacity:0.3;}<\/style>\n<div class=\"wp-block-kadence-image kb-image835_1221b8-e2\"><figure class=\"aligncenter size-large\"><img loading=\"lazy\" decoding=\"async\" width=\"840\" height=\"1024\" src=\"https:\/\/brnogp.cz\/wp-content\/uploads\/2023\/02\/plakat-vystaviste-1935-840x1024.jpg\" alt=\"\" class=\"kb-img wp-image-36567\" srcset=\"https:\/\/brnogp.cz\/wp-content\/uploads\/2023\/02\/plakat-vystaviste-1935-840x1024.jpg 840w, https:\/\/brnogp.cz\/wp-content\/uploads\/2023\/02\/plakat-vystaviste-1935-246x300.jpg 246w, https:\/\/brnogp.cz\/wp-content\/uploads\/2023\/02\/plakat-vystaviste-1935-768x937.jpg 768w, https:\/\/brnogp.cz\/wp-content\/uploads\/2023\/02\/plakat-vystaviste-1935.jpg 984w\" sizes=\"auto, (max-width: 840px) 100vw, 840px\" \/><figcaption>The grounds of the Brno Exhibition Center were first opened to the public in 1928. Car exhibitions in the pre-war years were closely linked to demonstration events and, by extension, to races on the Masaryk circuit. However, other motoring events were held in the area of the exhibition center itself. The first mention of a motorcycle race dates back to 1935. The race was organized by \u010cAMS.<\/figcaption><\/figure><\/div>","protected":false},"excerpt":{"rendered":"<p>Czechoslovak Automobile Club for Moravia and Silesia The Czechoslovak Automobile Club for Moravia and Silesia (abbreviation \u010cAMS) was founded on February 4, 1923, and Tom\u00e1\u0161 Ba\u0165a became its first chairman. In 1924 the club completed its baptism of fire when it held two very successful events. Long before that, it was considered that a car race could be organized in the immediate vicinity of Brno,...<\/p>","protected":false},"author":2,"featured_media":36543,"parent":34469,"menu_order":2,"comment_status":"closed","ping_status":"closed","template":"","meta":{"_kad_blocks_custom_css":"","_kad_blocks_head_custom_js":"","_kad_blocks_body_custom_js":"","_kad_blocks_footer_custom_js":"","_kad_post_transparent":"","_kad_post_title":"","_kad_post_layout":"","_kad_post_sidebar_id":"","_kad_post_content_style":"","_kad_post_vertical_padding":"","_kad_post_feature":"","_kad_post_feature_position":"","_kad_post_header":false,"_kad_post_footer":false,"_kad_post_classname":"","footnotes":""},"class_list":["post-835","page","type-page","status-publish","has-post-thumbnail","hentry"],"aioseo_notices":[],"taxonomy_info":[],"featured_image_src_large":["https:\/\/brnogp.cz\/wp-content\/uploads\/2023\/02\/cams_volant_color-500.gif",500,431,false],"author_info":{"display_name":"Karel Kupka","author_link":"https:\/\/brnogp.cz\/en\/author\/rucka\/"},"comment_info":0,"_links":{"self":[{"href":"https:\/\/brnogp.cz\/en\/wp-json\/wp\/v2\/pages\/835","targetHints":{"allow":["GET"]}}],"collection":[{"href":"https:\/\/brnogp.cz\/en\/wp-json\/wp\/v2\/pages"}],"about":[{"href":"https:\/\/brnogp.cz\/en\/wp-json\/wp\/v2\/types\/page"}],"author":[{"embeddable":true,"href":"https:\/\/brnogp.cz\/en\/wp-json\/wp\/v2\/users\/2"}],"replies":[{"embeddable":true,"href":"https:\/\/brnogp.cz\/en\/wp-json\/wp\/v2\/comments?post=835"}],"version-history":[{"count":0,"href":"https:\/\/brnogp.cz\/en\/wp-json\/wp\/v2\/pages\/835\/revisions"}],"up":[{"embeddable":true,"href":"https:\/\/brnogp.cz\/en\/wp-json\/wp\/v2\/pages\/34469"}],"wp:featuredmedia":[{"embeddable":true,"href":"https:\/\/brnogp.cz\/en\/wp-json\/wp\/v2\/media\/36543"}],"wp:attachment":[{"href":"https:\/\/brnogp.cz\/en\/wp-json\/wp\/v2\/media?parent=835"}],"curies":[{"name":"wp","href":"https:\/\/api.w.org\/{rel}","templated":true}]}}